{"id":989,"date":"2020-03-01T14:38:34","date_gmt":"2020-03-01T13:38:34","guid":{"rendered":"https:\/\/274105-www.web.tornado-node.net\/product\/import-placeholder-for-2397\/"},"modified":"2023-03-31T14:43:33","modified_gmt":"2023-03-31T12:43:33","slug":"transportbur-til-smadyr-pico-tour","status":"publish","type":"product","link":"https:\/\/pim.fuglebutikken.no\/nb\/produkt\/transportbur-til-smadyr-pico-tour\/","title":{"rendered":"Transportbur til sm\u00e5dyr pico tour 18x12x13cm"},"content":{"rendered":"<h2>Transportbur til sm\u00e5dyr pico tour 18x12x13cm<\/h2>\n<p>Transportbur for sm\u00e5dyr som gnagere, rotter og mus.<br \/>\nBenyttes ogs\u00e5 til mindre fugler og til reptiler<\/p>","protected":false},"excerpt":{"rendered":"<h3>Transportbur til sm\u00e5dyr pico tour 18x12x13cm<\/h3>\n<p id=\"tw-target-text\" class=\"tw-data-text tw-text-large XcVN5d tw-ta\" dir=\"ltr\" data-placeholder=\"Oversettelse\"><span lang=\"no\">Transportbur Pico er et transportbur for sm\u00e5dyr som gnagere, kaniner og fugler. Smidig og lett transport takket v\u00e6re de to h\u00e5ndtakene p\u00e5 burets topp.<\/span><\/p>\n<div class=\"jhH5U\">\n<div id=\"tw-ob\" class=\"tw-src-ltr\">\n<div class=\"oSioSc\">\n<div id=\"tw-target\">\n<div id=\"kAz1tf\" class=\"g9WsWb\">\n<div id=\"tw-target-text-container\" class=\"tw-ta-container hide-focus-ring tw-nfl\">\n<p id=\"tw-target-text\" class=\"tw-data-text tw-text-large XcVN5d tw-ta\" dir=\"ltr\" data-placeholder=\"Oversettelse\"><span lang=\"no\">Sm\u00e5 gnagere og kaniner kan trygt transporteres til veterin\u00e6ren, p\u00e5 ferie eller p\u00e5 andre turer i passende transportbokser. Transportposer eller ryggsekker er egnet for f.eks. turer med bil, tog eller buss samt for turer som m\u00e5 administreres med kj\u00e6ledyret.<\/span><\/p>\n<p>Kommer i assorterte farger, det kan derfor variere hvilke farger som er p\u00e5 lager. Ta kontakt med oss om du \u00f8nsker spesifikk farge.<\/p>\n<\/div>\n<\/div>\n<\/div>\n<\/div>\n<\/div>\n<\/div>","protected":false},"featured_media":64371,"comment_status":"open","ping_status":"closed","template":"","meta":{"_uf_show_specific_survey":0,"_uf_disable_surveys":false},"pwb-brand":[3899],"product_brand":[],"product_cat":[160,1504,1505,423,4063,433,179],"product_tag":[],"class_list":{"0":"post-989","1":"product","2":"type-product","3":"status-publish","4":"has-post-thumbnail","6":"pwb-brand-trixie","7":"product_cat-dyr-bur","8":"product_cat-glass-terrarium","9":"product_cat-plast-terrarium-reptil","10":"product_cat-reptil","11":"product_cat-smadyr","12":"product_cat-terrarie","13":"product_cat-transportbur","15":"first","16":"instock","17":"taxable","18":"shipping-taxable","19":"purchasable","20":"product-type-simple"},"exclude_global_add_ons":[],"addons":[],"brands":[{"id":3899,"name":"Trixie","slug":"trixie"}],"_links":{"self":[{"href":"https:\/\/pim.fuglebutikken.no\/nb\/wp-json\/wp\/v2\/product\/989","targetHints":{"allow":["GET"]}}],"collection":[{"href":"https:\/\/pim.fuglebutikken.no\/nb\/wp-json\/wp\/v2\/product"}],"about":[{"href":"https:\/\/pim.fuglebutikken.no\/nb\/wp-json\/wp\/v2\/types\/product"}],"replies":[{"embeddable":true,"href":"https:\/\/pim.fuglebutikken.no\/nb\/wp-json\/wp\/v2\/comments?post=989"}],"wp:featuredmedia":[{"embeddable":true,"href":"https:\/\/pim.fuglebutikken.no\/nb\/wp-json\/wp\/v2\/media\/64371"}],"wp:attachment":[{"href":"https:\/\/pim.fuglebutikken.no\/nb\/wp-json\/wp\/v2\/media?parent=989"}],"wp:term":[{"taxonomy":"pwb-brand","embeddable":true,"href":"https:\/\/pim.fuglebutikken.no\/nb\/wp-json\/wp\/v2\/pwb-brand?post=989"},{"taxonomy":"product_brand","embeddable":true,"href":"https:\/\/pim.fuglebutikken.no\/nb\/wp-json\/wp\/v2\/product_brand?post=989"},{"taxonomy":"product_cat","embeddable":true,"href":"https:\/\/pim.fuglebutikken.no\/nb\/wp-json\/wp\/v2\/product_cat?post=989"},{"taxonomy":"product_tag","embeddable":true,"href":"https:\/\/pim.fuglebutikken.no\/nb\/wp-json\/wp\/v2\/product_tag?post=989"}],"curies":[{"name":"wp","href":"https:\/\/api.w.org\/{rel}","templated":true}]}}