{"id":95716,"date":"2024-05-07T09:05:14","date_gmt":"2024-05-07T07:05:14","guid":{"rendered":"https:\/\/83725a6903.nxcli.io\/?post_type=product&#038;p=95716"},"modified":"2025-03-06T18:05:03","modified_gmt":"2025-03-06T17:05:03","slug":"juwel-aquaheat-pro-varmekolbe","status":"publish","type":"product","link":"https:\/\/pim.fuglebutikken.no\/nb\/produkt\/juwel-aquaheat-pro-varmekolbe\/","title":{"rendered":"Juwel AquaHeat Pro varmekolbe"},"content":{"rendered":"<h2>Juwel AquaHeat Pro varmekolbe<\/h2>\n<p>Last ned brukerveiledning p\u00e5 Dansk <a href=\"https:\/\/akvaristikk.no\/wp-content\/uploads\/sites\/6\/2023\/07\/DK_Brugsanvisning_AquaHeat_Pro.pdf\" target=\"_blank\" rel=\"noopener\">HER<\/a> (Pdf)<\/p>\n<p>JUWEL varmekolbe garanterer sikkert og p\u00e5litelig riktig temperatur i akvariet ditt. Avhengig av romtemperatur og st\u00f8rrelse p\u00e5 akvariet, oppn\u00e5r varmeapparatet en vanntemperatur p\u00e5 rundt +28\u00b0C. Takket v\u00e6re bruken av s\u00f8lvkontakter av topp kvalitet og slagfast borosilikatglass, oppfyller JUWELs justerbare varmekolber de h\u00f8yeste standarder innen b\u00e5de funksjon og sikkerhet og er selvsagt T\u00dcV\/GS-sertifisert. I alle Rio, Vision, Trigon, Lido og Primo akvarier er varmeren plassert ute av syne i filterhuset og er perfekt integrert i vannsirkulasjonen til Bioflow filtersystemet. Dette garanterer en jevn, effektiv varmefordeling i akvariet.<\/p>","protected":false},"excerpt":{"rendered":"<h3>Juwel AquaHeat Pro varmekolbe<\/h3>\n<ul>\n<li>Den justerbare varmekolben AquaHeat Pro s\u00f8rger trygt og p\u00e5litelig for riktig temperatur i akvariet ditt<\/li>\n<li>T\u00dcV\/GS sertifisert<\/li>\n<\/ul>","protected":false},"featured_media":95732,"comment_status":"closed","ping_status":"closed","template":"","meta":{"_uf_show_specific_survey":0,"_uf_disable_surveys":false},"pwb-brand":[4024],"product_brand":[],"product_cat":[4092,268,362],"product_tag":[6903,7254,1517],"class_list":{"0":"post-95716","1":"product","2":"type-product","3":"status-publish","4":"has-post-thumbnail","6":"pwb-brand-juwel","7":"product_cat-akvaristikk","8":"product_cat-akvarium-lys-og-varme","9":"product_cat-varmekolber","10":"product_tag-akvarievarme","11":"product_tag-temperaturkontroll","12":"product_tag-varmekolbe","14":"first","15":"instock","16":"taxable","17":"shipping-taxable","18":"purchasable","19":"product-type-variable","20":"has-default-attributes"},"exclude_global_add_ons":[],"addons":[],"brands":[{"id":4024,"name":"Juwel","slug":"juwel"}],"_links":{"self":[{"href":"https:\/\/pim.fuglebutikken.no\/nb\/wp-json\/wp\/v2\/product\/95716","targetHints":{"allow":["GET"]}}],"collection":[{"href":"https:\/\/pim.fuglebutikken.no\/nb\/wp-json\/wp\/v2\/product"}],"about":[{"href":"https:\/\/pim.fuglebutikken.no\/nb\/wp-json\/wp\/v2\/types\/product"}],"replies":[{"embeddable":true,"href":"https:\/\/pim.fuglebutikken.no\/nb\/wp-json\/wp\/v2\/comments?post=95716"}],"wp:featuredmedia":[{"embeddable":true,"href":"https:\/\/pim.fuglebutikken.no\/nb\/wp-json\/wp\/v2\/media\/95732"}],"wp:attachment":[{"href":"https:\/\/pim.fuglebutikken.no\/nb\/wp-json\/wp\/v2\/media?parent=95716"}],"wp:term":[{"taxonomy":"pwb-brand","embeddable":true,"href":"https:\/\/pim.fuglebutikken.no\/nb\/wp-json\/wp\/v2\/pwb-brand?post=95716"},{"taxonomy":"product_brand","embeddable":true,"href":"https:\/\/pim.fuglebutikken.no\/nb\/wp-json\/wp\/v2\/product_brand?post=95716"},{"taxonomy":"product_cat","embeddable":true,"href":"https:\/\/pim.fuglebutikken.no\/nb\/wp-json\/wp\/v2\/product_cat?post=95716"},{"taxonomy":"product_tag","embeddable":true,"href":"https:\/\/pim.fuglebutikken.no\/nb\/wp-json\/wp\/v2\/product_tag?post=95716"}],"curies":[{"name":"wp","href":"https:\/\/api.w.org\/{rel}","templated":true}]}}