{"id":95660,"date":"2024-04-25T01:25:40","date_gmt":"2024-04-24T23:25:40","guid":{"rendered":"https:\/\/83725a6903.nxcli.io\/?post_type=product&#038;p=95660"},"modified":"2024-04-26T08:23:59","modified_gmt":"2024-04-26T06:23:59","slug":"trixie-drive-on-plate-for-feste-av-hundeliner","status":"publish","type":"product","link":"https:\/\/pim.fuglebutikken.no\/nb\/produkt\/trixie-drive-on-plate-for-feste-av-hundeliner\/","title":{"rendered":"Trixie Drive-on plate for feste av hundeliner"},"content":{"rendered":"<h2>Trixie Drive-on plate for feste av hundeliner<\/h2>\n<p>V\u00e5r h\u00f8ykvalitets b\u00e5ndplate laget av rustfritt st\u00e5l tilbyr den perfekte l\u00f8sningen. Du plasserer ganske enkelt b\u00e5ndalternativet foran dekket p\u00e5 bilen eller bobilen og kj\u00f8rer forsiktig opp til det. Takket v\u00e6re vekten p\u00e5 kj\u00f8ret\u00f8yet sitter rampen sikkert og st\u00f8dig mellom bilen og bakken. Hundeb\u00e5ndet festes ganske enkelt til b\u00e5ndringen. Vekten p\u00e5 kj\u00f8ret\u00f8yet gir tilstrekkelig sikkerhet slik at hunden din ikke kan l\u00f8sne seg selv eller gulvplaten ved \u00e5 rive den bort, dra den eller riste den.<\/p>\n<p>V\u00e5r b\u00e5ndplate er et stabilt og praktisk alternativ til b\u00e5ndplugg, fort\u00f8yningsplugg eller jordholder \u2013 spesielt hvis underlaget er isete, t\u00f8rt eller gj\u00f8rmete. Med drive-on plate kan hunden ogs\u00e5 sikres godt p\u00e5 underlag som sand, grus, skogbunn eller asfalt.<\/p>\n<p>Allsidig: Andre gjenstander, for eksempel sykler, kan ogs\u00e5 enkelt festes til platen.<\/p>\n<p><iframe loading=\"lazy\" title=\"Camping Urlaub mit Hund - N\u00fctzliche Produkte von Trixie\" width=\"800\" height=\"450\" src=\"https:\/\/www.youtube.com\/embed\/dIsT9CbjyNM?feature=oembed&#038;enablejsapi=1&#038;origin=https:\/\/fuglebutikken.no\" frameborder=\"0\" allow=\"accelerometer; autoplay; clipboard-write; encrypted-media; gyroscope; picture-in-picture; web-share\" referrerpolicy=\"strict-origin-when-cross-origin\" allowfullscreen><\/iframe><\/p>","protected":false},"excerpt":{"rendered":"<h3>Trixie Drive-on plate for feste av hundeliner<\/h3>\n<p>Trygg campingferie med hunder: Den ultimate b\u00e5ndl\u00f8sningen!<br \/>\nOpplev en bekymringsl\u00f8s ferie med hele familien &#8211; det inkluderer selvf\u00f8lgelig din elskede firbeinte venn. Men hvordan kan du holde hunden i b\u00e5nd p\u00e5 riktig og trygg m\u00e5te mens du er p\u00e5 campingferie?<\/p>\n<ul>\n<li>rustfritt st\u00e5l<\/li>\n<li>m\u00e5l: 12 \u00d7 26 cm<\/li>\n<\/ul>","protected":false},"featured_media":95666,"comment_status":"closed","ping_status":"closed","template":"","meta":{"_uf_show_specific_survey":0,"_uf_disable_surveys":false},"pwb-brand":[3899],"product_brand":[],"product_cat":[1052,3404,992,969,1005,4572,994,5613],"product_tag":[7250,7251],"class_list":{"0":"post-95660","1":"product","2":"type-product","3":"status-publish","4":"has-post-thumbnail","6":"pwb-brand-trixie","7":"product_cat-bil","8":"product_cat-friluftsliv","9":"product_cat-halsband-kobbel-og-seler","10":"product_cat-hund","11":"product_cat-lopestreng","12":"product_cat-sommer","13":"product_cat-trening","14":"product_cat-utstilling-trening","15":"product_tag-t1","16":"product_tag-t2","18":"first","19":"instock","20":"taxable","21":"shipping-taxable","22":"purchasable","23":"product-type-simple"},"exclude_global_add_ons":[],"addons":[],"brands":[{"id":3899,"name":"Trixie","slug":"trixie"}],"_links":{"self":[{"href":"https:\/\/pim.fuglebutikken.no\/nb\/wp-json\/wp\/v2\/product\/95660","targetHints":{"allow":["GET"]}}],"collection":[{"href":"https:\/\/pim.fuglebutikken.no\/nb\/wp-json\/wp\/v2\/product"}],"about":[{"href":"https:\/\/pim.fuglebutikken.no\/nb\/wp-json\/wp\/v2\/types\/product"}],"replies":[{"embeddable":true,"href":"https:\/\/pim.fuglebutikken.no\/nb\/wp-json\/wp\/v2\/comments?post=95660"}],"wp:featuredmedia":[{"embeddable":true,"href":"https:\/\/pim.fuglebutikken.no\/nb\/wp-json\/wp\/v2\/media\/95666"}],"wp:attachment":[{"href":"https:\/\/pim.fuglebutikken.no\/nb\/wp-json\/wp\/v2\/media?parent=95660"}],"wp:term":[{"taxonomy":"pwb-brand","embeddable":true,"href":"https:\/\/pim.fuglebutikken.no\/nb\/wp-json\/wp\/v2\/pwb-brand?post=95660"},{"taxonomy":"product_brand","embeddable":true,"href":"https:\/\/pim.fuglebutikken.no\/nb\/wp-json\/wp\/v2\/product_brand?post=95660"},{"taxonomy":"product_cat","embeddable":true,"href":"https:\/\/pim.fuglebutikken.no\/nb\/wp-json\/wp\/v2\/product_cat?post=95660"},{"taxonomy":"product_tag","embeddable":true,"href":"https:\/\/pim.fuglebutikken.no\/nb\/wp-json\/wp\/v2\/product_tag?post=95660"}],"curies":[{"name":"wp","href":"https:\/\/api.w.org\/{rel}","templated":true}]}}