{"id":95544,"date":"2024-04-15T11:09:17","date_gmt":"2024-04-15T09:09:17","guid":{"rendered":"https:\/\/83725a6903.nxcli.io\/?post_type=product&#038;p=95544"},"modified":"2024-04-15T11:24:15","modified_gmt":"2024-04-15T09:24:15","slug":"kong-shields-tropics-octopus-hundeleke","status":"publish","type":"product","link":"https:\/\/pim.fuglebutikken.no\/nb\/produkt\/kong-shields-tropics-octopus-hundeleke\/","title":{"rendered":"Kong Shields Tropics Octopus Hundeleke Flyteleke"},"content":{"rendered":"<h2>Kong Shields Tropics Octopus Hundeleke<\/h2>\n<p><strong>Hold alltid hunden under oppsyn n\u00e5r den leker med leker. Skadede eller \u00f8delagte leker b\u00f8r fjernes.\u00a0<\/strong><\/p>","protected":false},"excerpt":{"rendered":"<h3>Kong Shields Tropics Octopus Hundeleke Flyteleke<\/h3>\n<p>Kong Shields Tropics Octopus er forseglet med et ekstra slitesterkt ytterlag som er laget for \u00e5 vare. Denne morsomme blekksprut-leken&#8217;s utside beskytter dens stuffede innside. Hundeleken lager pipelyd n\u00e5r hunden tygger p\u00e5 den for \u00e5 gj\u00f8re lekestunden enda morsommere. Hundeleken er lett \u00e5 rengj\u00f8re med en klut, noe som gj\u00f8r den ideell b\u00e5de for innend\u00f8rs- og utend\u00f8rs lek. Som en bonus flyter den!<\/p>","protected":false},"featured_media":95547,"comment_status":"closed","ping_status":"closed","template":"","meta":{"_uf_show_specific_survey":0,"_uf_disable_surveys":false},"pwb-brand":[3933],"product_brand":[],"product_cat":[969,1377,1115],"product_tag":[3433],"class_list":{"0":"post-95544","1":"product","2":"type-product","3":"status-publish","4":"has-post-thumbnail","6":"pwb-brand-kong","7":"product_cat-hund","8":"product_cat-kosedyr-lateks-pipeleker","9":"product_cat-leker-hund","10":"product_tag-hundeleke","12":"first","13":"instock","14":"taxable","15":"shipping-taxable","16":"purchasable","17":"product-type-simple"},"exclude_global_add_ons":[],"addons":[],"brands":[{"id":3933,"name":"Kong","slug":"kong"}],"_links":{"self":[{"href":"https:\/\/pim.fuglebutikken.no\/nb\/wp-json\/wp\/v2\/product\/95544","targetHints":{"allow":["GET"]}}],"collection":[{"href":"https:\/\/pim.fuglebutikken.no\/nb\/wp-json\/wp\/v2\/product"}],"about":[{"href":"https:\/\/pim.fuglebutikken.no\/nb\/wp-json\/wp\/v2\/types\/product"}],"replies":[{"embeddable":true,"href":"https:\/\/pim.fuglebutikken.no\/nb\/wp-json\/wp\/v2\/comments?post=95544"}],"wp:featuredmedia":[{"embeddable":true,"href":"https:\/\/pim.fuglebutikken.no\/nb\/wp-json\/wp\/v2\/media\/95547"}],"wp:attachment":[{"href":"https:\/\/pim.fuglebutikken.no\/nb\/wp-json\/wp\/v2\/media?parent=95544"}],"wp:term":[{"taxonomy":"pwb-brand","embeddable":true,"href":"https:\/\/pim.fuglebutikken.no\/nb\/wp-json\/wp\/v2\/pwb-brand?post=95544"},{"taxonomy":"product_brand","embeddable":true,"href":"https:\/\/pim.fuglebutikken.no\/nb\/wp-json\/wp\/v2\/product_brand?post=95544"},{"taxonomy":"product_cat","embeddable":true,"href":"https:\/\/pim.fuglebutikken.no\/nb\/wp-json\/wp\/v2\/product_cat?post=95544"},{"taxonomy":"product_tag","embeddable":true,"href":"https:\/\/pim.fuglebutikken.no\/nb\/wp-json\/wp\/v2\/product_tag?post=95544"}],"curies":[{"name":"wp","href":"https:\/\/api.w.org\/{rel}","templated":true}]}}