{"id":95442,"date":"2024-03-21T20:02:06","date_gmt":"2024-03-21T19:02:06","guid":{"rendered":"https:\/\/83725a6903.nxcli.io\/?post_type=product&#038;p=95442"},"modified":"2025-08-20T15:51:38","modified_gmt":"2025-08-20T13:51:38","slug":"furminator-refill","status":"publish","type":"product","link":"https:\/\/pim.fuglebutikken.no\/nb\/produkt\/furminator-refill\/","title":{"rendered":"FURminator Refill pakke Elektrisk Klofil"},"content":{"rendered":"<h2>FURminator Refill pakke Elektrisk Klofil<\/h2>\n<p>Hvis du bor med hund, lever du med hundeh\u00e5r. FURminator pleiel\u00f8sninger av profesjonell kvalitet gj\u00f8r kj\u00e6ledyrseierne lykkeligere ved \u00e5 redusere l\u00f8st h\u00e5r fra underull. V\u00e5re rensingsverkt\u00f8y, stelleverkt\u00f8y og h\u00e5rl\u00f8sninger tilbyr et pleieprogram som er tilpasset enhver hund eller katt. Bruk FURminator kj\u00e6ledyrprodukter for pleieresultater av profesjonell kvalitet hjemme. B\u00f8rst daglig for \u00e5 filtre og jevne ut pelsen.<\/p>\n<ul>\n<li>Inneholder 6 ruller: Bytt ut n\u00e5r slipeb\u00e5ndet virker slitt eller n\u00e5r det blir vanskeligere \u00e5 file kj\u00e6ledyrets negler.<\/li>\n<li>120-grams b\u00e5nd: Filer forsiktig kj\u00e6ledyrnegler med letthet, og etterlater en jevn finish.<\/li>\n<li>Bruk regelmessig: Utrimmede negler kan for\u00e5rsake \u00f8mme f\u00f8tter, ben og hofter, samt generelt ubehag<\/li>\n<li>Enkel \u00e5 bytte: Bare bruk en skrutrekker for \u00e5 fjerne det gamle slipeb\u00e5ndet og sette inn et nytt.<\/li>\n<\/ul>","protected":false},"excerpt":{"rendered":"<h3>FURminator Refill pakke Elektrisk Klofil<\/h3>\n<p>FURminator Refill Pack-slipeb\u00e5nd for neglesliper er designet for \u00e5 erstatte slitte eller skadede slipeb\u00e5nd p\u00e5 din FURminator neglesliper.<\/p>\n<p>Disse b\u00e5ndene kommer i et praktisk p\u00e5fyllingspakkeformat som sikrer at du alltid har ekstra b\u00e5nd for h\u00e5nden n\u00e5r du trenger dem. De er enkle \u00e5 installere og gir en effektiv og sk\u00e5nsom sliping av kj\u00e6ledyrets negler for \u00e5 opprettholde en passende lengde og form.<\/p>","protected":false},"featured_media":95444,"comment_status":"closed","ping_status":"closed","template":"","meta":{"_uf_show_specific_survey":0,"_uf_disable_surveys":false},"pwb-brand":[3863],"product_brand":[],"product_cat":[969,1007,1008],"product_tag":[],"class_list":{"0":"post-95442","1":"product","2":"type-product","3":"status-publish","4":"has-post-thumbnail","6":"pwb-brand-furminator","7":"product_cat-hund","8":"product_cat-hygiene-hund","9":"product_cat-pote-og-klo","11":"first","12":"instock","13":"taxable","14":"shipping-taxable","15":"purchasable","16":"product-type-simple"},"exclude_global_add_ons":[],"addons":[],"brands":[{"id":3863,"name":"FURminator","slug":"furminator"}],"_links":{"self":[{"href":"https:\/\/pim.fuglebutikken.no\/nb\/wp-json\/wp\/v2\/product\/95442","targetHints":{"allow":["GET"]}}],"collection":[{"href":"https:\/\/pim.fuglebutikken.no\/nb\/wp-json\/wp\/v2\/product"}],"about":[{"href":"https:\/\/pim.fuglebutikken.no\/nb\/wp-json\/wp\/v2\/types\/product"}],"replies":[{"embeddable":true,"href":"https:\/\/pim.fuglebutikken.no\/nb\/wp-json\/wp\/v2\/comments?post=95442"}],"wp:featuredmedia":[{"embeddable":true,"href":"https:\/\/pim.fuglebutikken.no\/nb\/wp-json\/wp\/v2\/media\/95444"}],"wp:attachment":[{"href":"https:\/\/pim.fuglebutikken.no\/nb\/wp-json\/wp\/v2\/media?parent=95442"}],"wp:term":[{"taxonomy":"pwb-brand","embeddable":true,"href":"https:\/\/pim.fuglebutikken.no\/nb\/wp-json\/wp\/v2\/pwb-brand?post=95442"},{"taxonomy":"product_brand","embeddable":true,"href":"https:\/\/pim.fuglebutikken.no\/nb\/wp-json\/wp\/v2\/product_brand?post=95442"},{"taxonomy":"product_cat","embeddable":true,"href":"https:\/\/pim.fuglebutikken.no\/nb\/wp-json\/wp\/v2\/product_cat?post=95442"},{"taxonomy":"product_tag","embeddable":true,"href":"https:\/\/pim.fuglebutikken.no\/nb\/wp-json\/wp\/v2\/product_tag?post=95442"}],"curies":[{"name":"wp","href":"https:\/\/api.w.org\/{rel}","templated":true}]}}