{"id":95274,"date":"2024-02-12T13:39:04","date_gmt":"2024-02-12T12:39:04","guid":{"rendered":"https:\/\/83725a6903.nxcli.io\/?post_type=product&#038;p=95274"},"modified":"2025-03-03T12:36:09","modified_gmt":"2025-03-03T11:36:09","slug":"aquarium-munster-sjosalt","status":"publish","type":"product","link":"https:\/\/pim.fuglebutikken.no\/nb\/produkt\/aquarium-munster-sjosalt\/","title":{"rendered":"Aquarium Munster Sj\u00f8salt"},"content":{"rendered":"<h2>Aquarium Munster Sj\u00f8salt<\/h2>\n<p>Aquarium M\u00fcnster Sea salt er laget av farmas\u00f8ytisk rene r\u00e5varer. Den inneholder alle de 70 sporelementene som finnes i sj\u00f8vann. Den inneholder ikke fosfater, nitrater eller andre negative stoffer. Det skaper det ideelle saltvannsmilj\u00f8et for akvariefisk, virvell\u00f8se dyr og planter.<\/p>\n<p>Aquarium Munster Sea Salt: The Perfect Choice for Your Saltwater Aquarium! Munster Seasalt<br \/>\nAQUAVITAL SEA SALT, Sea Salt Pharmaceutical Grade<\/p>\n<p>Laget av ingredienser av farmas\u00f8ytisk kvalitet, garanterer Aquarium Munster Sea Salt den ytterste renhet. Med alle de 70 sporelementene som finnes i sj\u00f8vann og ingen av de skadelige stoffene som fosfater eller nitrater, skaper det det optimale milj\u00f8et for akvariefiskene dine, virvell\u00f8se dyr og planter. Si farvel til bekymringer om negative elementer, fordi dette havsaltet er designet for \u00e5 gi de beste forholdene for saltvannsakvariet ditt. Enten du har en liten eller stor tank, stol p\u00e5 Aquarium Munster Sea Salt for \u00e5 levere den ideelle saltvannsopplevelsen.<\/p>","protected":false},"excerpt":{"rendered":"<h3>Aquarium Munster Sj\u00f8salt<\/h3>\n<ul>\n<li>Laget av farmas\u00f8ytisk rene r\u00e5varer<\/li>\n<li>Inneholder alle 70 sporelementer som finnes i sj\u00f8vann<\/li>\n<li>Inneholder ingen fosfater, nitrater eller andre negative stoffer.<\/li>\n<li>Skaper det ideelle saltvannsmilj\u00f8et for akvariefisk, virvell\u00f8se dyr og planter.<\/li>\n<\/ul>","protected":false},"featured_media":95277,"comment_status":"closed","ping_status":"closed","template":"","meta":{"_uf_show_specific_survey":0,"_uf_disable_surveys":false},"pwb-brand":[7216],"product_brand":[],"product_cat":[4092,1447,325],"product_tag":[],"class_list":{"0":"post-95274","1":"product","2":"type-product","3":"status-publish","4":"has-post-thumbnail","6":"pwb-brand-aquarium-munster","7":"product_cat-akvaristikk","8":"product_cat-vannbehandling-akv","9":"product_cat-akv-vedlikehold","11":"first","12":"instock","13":"taxable","14":"shipping-taxable","15":"purchasable","16":"product-type-variable","17":"has-default-attributes"},"exclude_global_add_ons":[],"addons":[],"brands":[{"id":7216,"name":"Aquarium Munster","slug":"aquarium-munster"}],"_links":{"self":[{"href":"https:\/\/pim.fuglebutikken.no\/nb\/wp-json\/wp\/v2\/product\/95274","targetHints":{"allow":["GET"]}}],"collection":[{"href":"https:\/\/pim.fuglebutikken.no\/nb\/wp-json\/wp\/v2\/product"}],"about":[{"href":"https:\/\/pim.fuglebutikken.no\/nb\/wp-json\/wp\/v2\/types\/product"}],"replies":[{"embeddable":true,"href":"https:\/\/pim.fuglebutikken.no\/nb\/wp-json\/wp\/v2\/comments?post=95274"}],"wp:featuredmedia":[{"embeddable":true,"href":"https:\/\/pim.fuglebutikken.no\/nb\/wp-json\/wp\/v2\/media\/95277"}],"wp:attachment":[{"href":"https:\/\/pim.fuglebutikken.no\/nb\/wp-json\/wp\/v2\/media?parent=95274"}],"wp:term":[{"taxonomy":"pwb-brand","embeddable":true,"href":"https:\/\/pim.fuglebutikken.no\/nb\/wp-json\/wp\/v2\/pwb-brand?post=95274"},{"taxonomy":"product_brand","embeddable":true,"href":"https:\/\/pim.fuglebutikken.no\/nb\/wp-json\/wp\/v2\/product_brand?post=95274"},{"taxonomy":"product_cat","embeddable":true,"href":"https:\/\/pim.fuglebutikken.no\/nb\/wp-json\/wp\/v2\/product_cat?post=95274"},{"taxonomy":"product_tag","embeddable":true,"href":"https:\/\/pim.fuglebutikken.no\/nb\/wp-json\/wp\/v2\/product_tag?post=95274"}],"curies":[{"name":"wp","href":"https:\/\/api.w.org\/{rel}","templated":true}]}}