{"id":95232,"date":"2024-02-06T09:02:22","date_gmt":"2024-02-06T08:02:22","guid":{"rendered":"https:\/\/83725a6903.nxcli.io\/?post_type=product&#038;p=95232"},"modified":"2024-04-01T01:06:53","modified_gmt":"2024-03-31T23:06:53","slug":"hurtta-weekend-warrior-varmesele","status":"publish","type":"product","link":"https:\/\/pim.fuglebutikken.no\/nb\/produkt\/hurtta-weekend-warrior-varmesele\/","title":{"rendered":"Hurtta Weekend Warrior varmesele"},"content":{"rendered":"<h2>Hurtta Weekend Warrior varmesele, Warming ECO harness<\/h2>\n<p>Det som virkelig gj\u00f8r Weekend Warrior Warming ECO Harness unik er folien p\u00e5 innsiden som reflekterer hundens kroppsvarme for<br \/>\nekstra god oppvarming. Slitesterke spenner som klikkes raskt p\u00e5 og av \u2013 uten \u00e5 m\u00e5tte l\u00f8fte hundens forbein \u2013 mens de justerbare stroppene i nakken og brystet garanterer en behagelig passform. Den vaskbare selen laget av 100 % resirkulert polyester, derav \u00abECO\u00bb i navnet<\/p>\n<p>eldH934184 Hurtta Weekend Warrior Warming sele ECO bilberry 40-45 cm<br \/>\neldH934185 Hurtta Weekend Warrior Warming sele ECO bilberry 45-60 cm<br \/>\neldH934186 Hurtta Weekend Warrior Warming sele ECO bilberry 60-80 cm<br \/>\neldH934187 Hurtta Weekend Warrior Warming sele ECO bilberry 80-100 cm<br \/>\neldH934188 Hurtta Weekend Warrior Warming sele ECO bilberry 100-120 cm<\/p>\n<p>Ytre lag av 100 % resirkulert PES\/2 mm neoprenpolstring<br \/>\nF\u00f4r av 50 % resirkulert PES, 50 % PES teknisk 180 g f\u00f4r med reflekterende aluminiumsfolie<br \/>\nVevd h\u00e5ndtak laget av slitesterk 100 % resirkulert PES<br \/>\nQuick-snap spenner laget av slitesterk nylon<br \/>\nMetall i rustfritt st\u00e5l<\/p>\n<p><iframe loading=\"lazy\" title=\"Find your perfect fit - Hurtta Harnesses\" width=\"800\" height=\"450\" src=\"https:\/\/www.youtube.com\/embed\/PhJ6uihUT-I?feature=oembed\" frameborder=\"0\" allow=\"accelerometer; autoplay; clipboard-write; encrypted-media; gyroscope; picture-in-picture; web-share\" referrerpolicy=\"strict-origin-when-cross-origin\" allowfullscreen><\/iframe><\/p>","protected":false},"excerpt":{"rendered":"<h3>Hurtta Weekend Warrior varmesele, Warming ECO harness<\/h3>\n<ul>\n<li>Ytterlag av 100 % resirkulert PES\/2 mm neopren polstring.<\/li>\n<li>F\u00f4ret er laget av 50 % resirkulert PES, 50 % PES technical 180 g<\/li>\n<li>f\u00f4r med aluminiumsreflekterende foile.<\/li>\n<li>Vevd h\u00e5ndtak av slitesterk 100 % resirkulert PES.<\/li>\n<li>Quick-snap spenner laget av slitesterk plast (100 % POM).<\/li>\n<li>Metall av rustfrittst\u00e5l.<\/li>\n<li>3M reflekterende deler<\/li>\n<li>Laget av resirkulert materiale<\/li>\n<li>Folief\u00f4r reflekterer kroppsvarmen<\/li>\n<li>Justerbar hals- og bryststropp<\/li>\n<li>Slitesterkt h\u00e5ndtak og rustfritt st\u00e5l<\/li>\n<li>Metallring til b\u00e5ndet<\/li>\n<li>Enkel \u00e5 ta p\u00e5, lett \u00e5 ta av<\/li>\n<\/ul>","protected":false},"featured_media":95238,"comment_status":"closed","ping_status":"closed","template":"","meta":{"_uf_show_specific_survey":0,"_uf_disable_surveys":false},"pwb-brand":[4629],"product_brand":[],"product_cat":[992,969,1161,4673,5319],"product_tag":[887,7141,2245,6824],"class_list":{"0":"post-95232","1":"product","2":"type-product","3":"status-publish","4":"has-post-thumbnail","6":"pwb-brand-hurtta","7":"product_cat-halsband-kobbel-og-seler","8":"product_cat-hund","9":"product_cat-hundeseler","10":"product_cat-valpeseler","11":"product_cat-vinter","12":"product_tag-halsband","13":"product_tag-hundegitter-og-bilseler","14":"product_tag-hundesele","15":"product_tag-kobbel-og-sele","17":"first","18":"instock","19":"taxable","20":"shipping-taxable","21":"purchasable","22":"product-type-variable","23":"has-default-attributes"},"exclude_global_add_ons":[],"addons":[],"brands":[{"id":4629,"name":"Hurtta","slug":"hurtta"}],"_links":{"self":[{"href":"https:\/\/pim.fuglebutikken.no\/nb\/wp-json\/wp\/v2\/product\/95232","targetHints":{"allow":["GET"]}}],"collection":[{"href":"https:\/\/pim.fuglebutikken.no\/nb\/wp-json\/wp\/v2\/product"}],"about":[{"href":"https:\/\/pim.fuglebutikken.no\/nb\/wp-json\/wp\/v2\/types\/product"}],"replies":[{"embeddable":true,"href":"https:\/\/pim.fuglebutikken.no\/nb\/wp-json\/wp\/v2\/comments?post=95232"}],"wp:featuredmedia":[{"embeddable":true,"href":"https:\/\/pim.fuglebutikken.no\/nb\/wp-json\/wp\/v2\/media\/95238"}],"wp:attachment":[{"href":"https:\/\/pim.fuglebutikken.no\/nb\/wp-json\/wp\/v2\/media?parent=95232"}],"wp:term":[{"taxonomy":"pwb-brand","embeddable":true,"href":"https:\/\/pim.fuglebutikken.no\/nb\/wp-json\/wp\/v2\/pwb-brand?post=95232"},{"taxonomy":"product_brand","embeddable":true,"href":"https:\/\/pim.fuglebutikken.no\/nb\/wp-json\/wp\/v2\/product_brand?post=95232"},{"taxonomy":"product_cat","embeddable":true,"href":"https:\/\/pim.fuglebutikken.no\/nb\/wp-json\/wp\/v2\/product_cat?post=95232"},{"taxonomy":"product_tag","embeddable":true,"href":"https:\/\/pim.fuglebutikken.no\/nb\/wp-json\/wp\/v2\/product_tag?post=95232"}],"curies":[{"name":"wp","href":"https:\/\/api.w.org\/{rel}","templated":true}]}}