{"id":94855,"date":"2023-12-11T05:57:10","date_gmt":"2023-12-11T04:57:10","guid":{"rendered":"https:\/\/83725a6903.nxcli.io\/?post_type=product&#038;p=94855"},"modified":"2025-02-01T14:02:15","modified_gmt":"2025-02-01T13:02:15","slug":"fuglemater-rund","status":"publish","type":"product","link":"https:\/\/pim.fuglebutikken.no\/nb\/produkt\/fuglemater-rund\/","title":{"rendered":"Fuglemater rund"},"content":{"rendered":"<h2>Fuglemater rund, utefuglautomat for meiseboller<\/h2>","protected":false},"excerpt":{"rendered":"<h3>Fuglemater rund, utefuglautomat for meiseboller<\/h3>\n<ul>\n<li>med avtagbart tak<\/li>\n<li>for opptil 8 fettkuler, meiseboller<\/li>\n<li>metall, matt<\/li>\n<li>M\u00e5l: \u00f8 24 \u00d7 8 cm<\/li>\n<\/ul>","protected":false},"featured_media":94857,"comment_status":"closed","ping_status":"closed","template":"","meta":{"_uf_show_specific_survey":0,"_uf_disable_surveys":false},"pwb-brand":[3899],"product_brand":[],"product_cat":[4063,4064,4034,70],"product_tag":[],"class_list":{"0":"post-94855","1":"product","2":"type-product","3":"status-publish","4":"has-post-thumbnail","6":"pwb-brand-trixie","7":"product_cat-smadyr","8":"product_cat-utedyr","9":"product_cat-utefugl","10":"product_cat-utefuglskaler-og-automater","12":"first","13":"instock","14":"taxable","15":"shipping-taxable","16":"purchasable","17":"product-type-simple"},"exclude_global_add_ons":[],"addons":[],"brands":[{"id":3899,"name":"Trixie","slug":"trixie"}],"_links":{"self":[{"href":"https:\/\/pim.fuglebutikken.no\/nb\/wp-json\/wp\/v2\/product\/94855","targetHints":{"allow":["GET"]}}],"collection":[{"href":"https:\/\/pim.fuglebutikken.no\/nb\/wp-json\/wp\/v2\/product"}],"about":[{"href":"https:\/\/pim.fuglebutikken.no\/nb\/wp-json\/wp\/v2\/types\/product"}],"replies":[{"embeddable":true,"href":"https:\/\/pim.fuglebutikken.no\/nb\/wp-json\/wp\/v2\/comments?post=94855"}],"wp:featuredmedia":[{"embeddable":true,"href":"https:\/\/pim.fuglebutikken.no\/nb\/wp-json\/wp\/v2\/media\/94857"}],"wp:attachment":[{"href":"https:\/\/pim.fuglebutikken.no\/nb\/wp-json\/wp\/v2\/media?parent=94855"}],"wp:term":[{"taxonomy":"pwb-brand","embeddable":true,"href":"https:\/\/pim.fuglebutikken.no\/nb\/wp-json\/wp\/v2\/pwb-brand?post=94855"},{"taxonomy":"product_brand","embeddable":true,"href":"https:\/\/pim.fuglebutikken.no\/nb\/wp-json\/wp\/v2\/product_brand?post=94855"},{"taxonomy":"product_cat","embeddable":true,"href":"https:\/\/pim.fuglebutikken.no\/nb\/wp-json\/wp\/v2\/product_cat?post=94855"},{"taxonomy":"product_tag","embeddable":true,"href":"https:\/\/pim.fuglebutikken.no\/nb\/wp-json\/wp\/v2\/product_tag?post=94855"}],"curies":[{"name":"wp","href":"https:\/\/api.w.org\/{rel}","templated":true}]}}