{"id":94768,"date":"2023-12-06T20:46:47","date_gmt":"2023-12-06T19:46:47","guid":{"rendered":"https:\/\/83725a6903.nxcli.io\/?post_type=product&#038;p=94768"},"modified":"2023-12-06T20:52:00","modified_gmt":"2023-12-06T19:52:00","slug":"vitamin-til-fugl","status":"publish","type":"product","link":"https:\/\/pim.fuglebutikken.no\/nb\/produkt\/vitamin-til-fugl\/","title":{"rendered":"Vitamin til fugl, dr\u00e5per 15ml"},"content":{"rendered":"<h2>Vitamin til fugl, dr\u00e5per 15ml<\/h2>\n<p>maltitol, sorbitol, dekstrose, sakkarose, maisstivelse, triglyserider, kalsiumfosfat, maltodekstrin | Oppbevares p\u00e5 et kj\u00f8lig og t\u00f8rt sted.<\/p>\n<p>Tilsetningsstoffer (ern\u00e6ringsmessig)<br \/>\nFolsyre 15mg<br \/>\nNiacinamid 3000mg<br \/>\nVit. A 1250000<br \/>\nVit. B1 1500mg<br \/>\nVit. B12 1500 \u00b5g<br \/>\nVit. B2 1500mg<br \/>\nVit. B6 1000mg<br \/>\nVit. C 25000mg<br \/>\nVit. E 750mg<\/p>\n<p>&nbsp;<\/p>","protected":false},"excerpt":{"rendered":"<h3>Vitamin til fugl, dr\u00e5per 15ml<\/h3>\n<p>Vitamindr\u00e5per til fugler. Burfugler som lever inne har behov for ekstra tilf\u00f8rsel av vitaminer, komplett vitaminblanding til alle typer fugler. Gis daglig som supplement i tilegg til et variert kosthold. F\u00f8lg bruksanvisningen.<\/p>\n<ul>\n<li>15ml<\/li>\n<\/ul>","protected":false},"featured_media":94769,"comment_status":"closed","ping_status":"closed","template":"","meta":{"_uf_show_specific_survey":0,"_uf_disable_surveys":false},"pwb-brand":[3899],"product_brand":[],"product_cat":[16,24,23],"product_tag":[7181],"class_list":{"0":"post-94768","1":"product","2":"type-product","3":"status-publish","4":"has-post-thumbnail","6":"pwb-brand-trixie","7":"product_cat-fugl","8":"product_cat-fuglevitaminer-og-mineraler","9":"product_cat-spise","10":"product_tag-kosttilskudd-og-vitaminer-for-fugl","12":"first","13":"instock","14":"taxable","15":"shipping-taxable","16":"purchasable","17":"product-type-simple"},"exclude_global_add_ons":[],"addons":[],"brands":[{"id":3899,"name":"Trixie","slug":"trixie"}],"_links":{"self":[{"href":"https:\/\/pim.fuglebutikken.no\/nb\/wp-json\/wp\/v2\/product\/94768","targetHints":{"allow":["GET"]}}],"collection":[{"href":"https:\/\/pim.fuglebutikken.no\/nb\/wp-json\/wp\/v2\/product"}],"about":[{"href":"https:\/\/pim.fuglebutikken.no\/nb\/wp-json\/wp\/v2\/types\/product"}],"replies":[{"embeddable":true,"href":"https:\/\/pim.fuglebutikken.no\/nb\/wp-json\/wp\/v2\/comments?post=94768"}],"wp:featuredmedia":[{"embeddable":true,"href":"https:\/\/pim.fuglebutikken.no\/nb\/wp-json\/wp\/v2\/media\/94769"}],"wp:attachment":[{"href":"https:\/\/pim.fuglebutikken.no\/nb\/wp-json\/wp\/v2\/media?parent=94768"}],"wp:term":[{"taxonomy":"pwb-brand","embeddable":true,"href":"https:\/\/pim.fuglebutikken.no\/nb\/wp-json\/wp\/v2\/pwb-brand?post=94768"},{"taxonomy":"product_brand","embeddable":true,"href":"https:\/\/pim.fuglebutikken.no\/nb\/wp-json\/wp\/v2\/product_brand?post=94768"},{"taxonomy":"product_cat","embeddable":true,"href":"https:\/\/pim.fuglebutikken.no\/nb\/wp-json\/wp\/v2\/product_cat?post=94768"},{"taxonomy":"product_tag","embeddable":true,"href":"https:\/\/pim.fuglebutikken.no\/nb\/wp-json\/wp\/v2\/product_tag?post=94768"}],"curies":[{"name":"wp","href":"https:\/\/api.w.org\/{rel}","templated":true}]}}