{"id":94682,"date":"2023-11-29T21:31:32","date_gmt":"2023-11-29T20:31:32","guid":{"rendered":"https:\/\/83725a6903.nxcli.io\/?post_type=product&#038;p=94682"},"modified":"2023-12-18T15:31:31","modified_gmt":"2023-12-18T14:31:31","slug":"exo-terra-reptil-uvb200-t8","status":"publish","type":"product","link":"https:\/\/pim.fuglebutikken.no\/nb\/produkt\/exo-terra-reptil-uvb200-t8\/","title":{"rendered":"Exo Terra Reptil UVB200 T8"},"content":{"rendered":"<h2>Exo Terra Reptil UVB200 T8<\/h2>\n<p>har en sv\u00e6rt h\u00f8y UVB effekt som ligner sollyset i \u00f8rkenen. Disse stedene f\u00e5r mer direkte sollys, og derfor er \u00f8rkenreptiler mer utsatt for UV-str\u00e5ling enn andre typer reptiler. Disse lysr\u00f8rene kan ogs\u00e5 brukes i terrarium med tettere tak for \u00e5 sikre tilstrekkelig UVB-penetrasjon. Tette tak kan filtrere opptil 50% av UVB-str\u00e5ler. Den h\u00f8ye vitamin D3-indeksen sikrer vitamin D3 fotosyntese for \u00e5 hjelpe kalsiumabsorpsjon og forebygge metabolske sykdommer.<\/p>","protected":false},"excerpt":{"rendered":"<h3>Exo Terra Reptil UVB200 T8<\/h3>\n<ul>\n<li>Ideell for \u00f8rkenreptiler med ekstra h\u00f8yt UVB behov<\/li>\n<li>H\u00f8y UVB effekt<\/li>\n<li>Meget h\u00f8y D3 konvertering<\/li>\n<li>Gir n\u00f8dvendige UVB-str\u00e5ler for optimal kalsium metabolisme<\/li>\n<li>Anbefales for terrarium med hyppig taktekking<\/li>\n<\/ul>","protected":false},"featured_media":94688,"comment_status":"open","ping_status":"closed","template":"","meta":{"_uf_show_specific_survey":0,"_uf_disable_surveys":false},"pwb-brand":[3912],"product_brand":[],"product_cat":[424,508,423],"product_tag":[6337,2962],"class_list":{"0":"post-94682","1":"product","2":"type-product","3":"status-publish","4":"has-post-thumbnail","6":"pwb-brand-exoterra","7":"product_cat-lys-varme-reptil","8":"product_cat-lysror-reptil","9":"product_cat-reptil","10":"product_tag-lyrrslampor-reptil","11":"product_tag-lysror","13":"first","14":"instock","15":"taxable","16":"shipping-taxable","17":"purchasable","18":"product-type-variable","19":"has-default-attributes"},"exclude_global_add_ons":[],"addons":[],"brands":[{"id":3912,"name":"Exoterra","slug":"exoterra"}],"_links":{"self":[{"href":"https:\/\/pim.fuglebutikken.no\/nb\/wp-json\/wp\/v2\/product\/94682","targetHints":{"allow":["GET"]}}],"collection":[{"href":"https:\/\/pim.fuglebutikken.no\/nb\/wp-json\/wp\/v2\/product"}],"about":[{"href":"https:\/\/pim.fuglebutikken.no\/nb\/wp-json\/wp\/v2\/types\/product"}],"replies":[{"embeddable":true,"href":"https:\/\/pim.fuglebutikken.no\/nb\/wp-json\/wp\/v2\/comments?post=94682"}],"wp:featuredmedia":[{"embeddable":true,"href":"https:\/\/pim.fuglebutikken.no\/nb\/wp-json\/wp\/v2\/media\/94688"}],"wp:attachment":[{"href":"https:\/\/pim.fuglebutikken.no\/nb\/wp-json\/wp\/v2\/media?parent=94682"}],"wp:term":[{"taxonomy":"pwb-brand","embeddable":true,"href":"https:\/\/pim.fuglebutikken.no\/nb\/wp-json\/wp\/v2\/pwb-brand?post=94682"},{"taxonomy":"product_brand","embeddable":true,"href":"https:\/\/pim.fuglebutikken.no\/nb\/wp-json\/wp\/v2\/product_brand?post=94682"},{"taxonomy":"product_cat","embeddable":true,"href":"https:\/\/pim.fuglebutikken.no\/nb\/wp-json\/wp\/v2\/product_cat?post=94682"},{"taxonomy":"product_tag","embeddable":true,"href":"https:\/\/pim.fuglebutikken.no\/nb\/wp-json\/wp\/v2\/product_tag?post=94682"}],"curies":[{"name":"wp","href":"https:\/\/api.w.org\/{rel}","templated":true}]}}