{"id":94611,"date":"2023-11-24T14:59:32","date_gmt":"2023-11-24T13:59:32","guid":{"rendered":"https:\/\/83725a6903.nxcli.io\/?post_type=product&#038;p=94611"},"modified":"2023-11-28T20:49:34","modified_gmt":"2023-11-28T19:49:34","slug":"churu-kitten-chicken-4stk","status":"publish","type":"product","link":"https:\/\/pim.fuglebutikken.no\/nb\/produkt\/churu-kitten-chicken-4stk\/","title":{"rendered":"Churu Kitten Chicken, 4stk"},"content":{"rendered":"<h2>Churu Kitten Chicken, 4stk<\/h2>\n<p id=\"tw-target-text\" class=\"tw-data-text tw-text-large tw-ta\" dir=\"ltr\" data-placeholder=\"Oversettelse\" data-ved=\"2ahUKEwiShtbztNyCAxVeDRAIHWp5CtYQ3ewLegQIBRAQ\"><strong><span class=\"Y2IQFc\" lang=\"no\">Beskrivelse <\/span><\/strong><\/p>\n<p class=\"tw-data-text tw-text-large tw-ta\" dir=\"ltr\" data-placeholder=\"Oversettelse\" data-ved=\"2ahUKEwiShtbztNyCAxVeDRAIHWp5CtYQ3ewLegQIBRAQ\"><span class=\"Y2IQFc\" lang=\"no\">Sunne vaner utvikles tidlig. Gi kattungen din et sunnere liv mens du skaper et b\u00e5nd mellom dere. Beriket med DHA og EPA fra smolt som fremmer korrekt hjerneutvikling hos voksende kattunger. Kattunger elsker den kremete teksturen og smaken til Churuen v\u00e5r, mens denne lavkalori-, fuktighetsrike godbiten hydrerer dem og hjelper dem \u00e5 vokse.\u00a0<\/span><\/p>\n<p id=\"tw-target-text\" class=\"tw-data-text tw-text-large tw-ta\" dir=\"ltr\" data-placeholder=\"Oversettelse\" data-ved=\"2ahUKEwiShtbztNyCAxVeDRAIHWp5CtYQ3ewLegQIBRAQ\"><span class=\"Y2IQFc\" lang=\"no\">SAMMENSETNING Vann, kylling, tapiokastivelse, naturlige smaker, guargummi, kalsiumkarbonat, naturlig tunfisksmak, fiskeolje, vitamin E-tilskudd, taurin, ekstrakt av gr\u00f8nn te <\/span><\/p>\n<p class=\"tw-data-text tw-text-large tw-ta\" dir=\"ltr\" data-placeholder=\"Oversettelse\" data-ved=\"2ahUKEwiShtbztNyCAxVeDRAIHWp5CtYQ3ewLegQIBRAQ\"><span class=\"Y2IQFc\" lang=\"no\">ANALYTISKE BESTANDDELER R\u00e5protein (min) 7 %, R\u00e5fett (min) 0,80 %, R\u00e5fiber (maks) 0,30 %, Fuktighet (maks) 88 %, Dokosaheksaensyre (DHA) (min) 0,04 %, Eikosapentaensyre (EPA) ( min) 0,04 %, kalsium (min) 0,30 %, vitamin E (min) 310 IE\/kg, taurin (min) 0,025 %<\/span><\/p>\n<p class=\"tw-data-text tw-text-large tw-ta\" dir=\"ltr\" data-placeholder=\"Oversettelse\" data-ved=\"2ahUKEwiShtbztNyCAxVeDRAIHWp5CtYQ3ewLegQIBRAQ\"><span class=\"Y2IQFc\" lang=\"no\">EAN-kode 4362365730589 <\/span><\/p>\n<p class=\"tw-data-text tw-text-large tw-ta\" dir=\"ltr\" data-placeholder=\"Oversettelse\" data-ved=\"2ahUKEwiShtbztNyCAxVeDRAIHWp5CtYQ3ewLegQIBRAQ\"><span class=\"Y2IQFc\" lang=\"no\">MERKE CHURU<\/span><\/p>","protected":false},"excerpt":{"rendered":"<h3>Churu Kitten Chicken, 4stk<\/h3>\n<ul>\n<li id=\"tw-target-text\" class=\"tw-data-text tw-text-large tw-ta\" dir=\"ltr\" data-placeholder=\"Oversettelse\" data-ved=\"2ahUKEwiShtbztNyCAxVeDRAIHWp5CtYQ3ewLegQIBRAQ\"><span class=\"Y2IQFc\" lang=\"no\">Funksjonelt godteri som fremmer sunn ford\u00f8yelse.\u00a0<\/span><\/li>\n<li class=\"tw-data-text tw-text-large tw-ta\" dir=\"ltr\" data-placeholder=\"Oversettelse\" data-ved=\"2ahUKEwiShtbztNyCAxVeDRAIHWp5CtYQ3ewLegQIBRAQ\"><span class=\"Y2IQFc\" lang=\"no\"> H\u00f8yt vanninnhold <\/span><\/li>\n<li class=\"tw-data-text tw-text-large tw-ta\" dir=\"ltr\" data-placeholder=\"Oversettelse\" data-ved=\"2ahUKEwiShtbztNyCAxVeDRAIHWp5CtYQ3ewLegQIBRAQ\"><span class=\"Y2IQFc\" lang=\"no\">Lite kalorier <\/span><\/li>\n<li class=\"tw-data-text tw-text-large tw-ta\" dir=\"ltr\" data-placeholder=\"Oversettelse\" data-ved=\"2ahUKEwiShtbztNyCAxVeDRAIHWp5CtYQ3ewLegQIBRAQ\"><span class=\"Y2IQFc\" lang=\"no\">Ingen korn eller kunstige konserveringsmidler <\/span><\/li>\n<li class=\"tw-data-text tw-text-large tw-ta\" dir=\"ltr\" data-placeholder=\"Oversettelse\" data-ved=\"2ahUKEwiShtbztNyCAxVeDRAIHWp5CtYQ3ewLegQIBRAQ\"><span class=\"Y2IQFc\" lang=\"no\">Protein av h\u00f8y kvalitet<\/span><\/li>\n<\/ul>","protected":false},"featured_media":94614,"comment_status":"closed","ping_status":"closed","template":"","meta":{"_uf_show_specific_survey":0,"_uf_disable_surveys":false},"pwb-brand":[5590,5591],"product_brand":[],"product_cat":[5592,5593,665,695,715,705],"product_tag":[],"class_list":{"0":"post-94611","1":"product","2":"type-product","3":"status-publish","4":"has-post-thumbnail","6":"pwb-brand-churu","7":"pwb-brand-ciao-churu","8":"product_cat-ciao-churu","9":"product_cat-ciao-churu-snacks","10":"product_cat-katt","11":"product_cat-kattemat-og-snacks","12":"product_cat-snacks","13":"product_cat-vatfor","15":"first","16":"instock","17":"sale","18":"taxable","19":"shipping-taxable","20":"purchasable","21":"product-type-variable","22":"has-default-attributes"},"exclude_global_add_ons":[],"addons":[],"brands":[{"id":5590,"name":"Churu","slug":"churu"},{"id":5591,"name":"Ciao Churu","slug":"ciao-churu"}],"_links":{"self":[{"href":"https:\/\/pim.fuglebutikken.no\/nb\/wp-json\/wp\/v2\/product\/94611","targetHints":{"allow":["GET"]}}],"collection":[{"href":"https:\/\/pim.fuglebutikken.no\/nb\/wp-json\/wp\/v2\/product"}],"about":[{"href":"https:\/\/pim.fuglebutikken.no\/nb\/wp-json\/wp\/v2\/types\/product"}],"replies":[{"embeddable":true,"href":"https:\/\/pim.fuglebutikken.no\/nb\/wp-json\/wp\/v2\/comments?post=94611"}],"wp:featuredmedia":[{"embeddable":true,"href":"https:\/\/pim.fuglebutikken.no\/nb\/wp-json\/wp\/v2\/media\/94614"}],"wp:attachment":[{"href":"https:\/\/pim.fuglebutikken.no\/nb\/wp-json\/wp\/v2\/media?parent=94611"}],"wp:term":[{"taxonomy":"pwb-brand","embeddable":true,"href":"https:\/\/pim.fuglebutikken.no\/nb\/wp-json\/wp\/v2\/pwb-brand?post=94611"},{"taxonomy":"product_brand","embeddable":true,"href":"https:\/\/pim.fuglebutikken.no\/nb\/wp-json\/wp\/v2\/product_brand?post=94611"},{"taxonomy":"product_cat","embeddable":true,"href":"https:\/\/pim.fuglebutikken.no\/nb\/wp-json\/wp\/v2\/product_cat?post=94611"},{"taxonomy":"product_tag","embeddable":true,"href":"https:\/\/pim.fuglebutikken.no\/nb\/wp-json\/wp\/v2\/product_tag?post=94611"}],"curies":[{"name":"wp","href":"https:\/\/api.w.org\/{rel}","templated":true}]}}