{"id":94499,"date":"2023-11-21T01:00:17","date_gmt":"2023-11-21T00:00:17","guid":{"rendered":"https:\/\/83725a6903.nxcli.io\/?post_type=product&#038;p=94499"},"modified":"2023-11-28T09:30:26","modified_gmt":"2023-11-28T08:30:26","slug":"trixie-katteboks-selvrensende","status":"publish","type":"product","link":"https:\/\/pim.fuglebutikken.no\/nb\/produkt\/trixie-katteboks-selvrensende\/","title":{"rendered":"Trixie Katteboks Selvrensende"},"content":{"rendered":"<h2>Trixie Katteboks Selvrensende, kattetoalett Hvit, 53 \u00d7 55,5 \u00d7 52 cm<\/h2>\n<p>Opplev friskheten med Trixies smarte selvrensende s\u00f8ppelkasse! Med automatisk rotasjon holder den seg klar til hver bruk. Enkel \u00e5 rengj\u00f8re, den har en avfallsbeholder for praktisk avfallsh\u00e5ndtering. Egnet for klumping av s\u00f8ppel og for mer enn \u00e9n katt. Effektiv, stilig og perfekt for hjemmet ditt.<\/p>\n<p>V\u00e5rt selvrensende kattetoalett for varig renslighet &#8211; en smart l\u00f8sning for din katt!<br \/>\nDet selvrensende kattetoalettet gj\u00f8r livet enklere for deg og katten din. N\u00e5r katten din har brukt toalettet, roterer trommelen automatisk og renser omr\u00e5det. Ikke mer manuell rengj\u00f8ring! Og den beste delen? Rengj\u00f8ringsprosessen stopper automatisk s\u00e5 snart katten din n\u00e6rmer seg toalettet. Ikke bekymre deg, kj\u00e6ledyret ditt forblir beskyttet og rengj\u00f8ringsprosessen avbrytes.<\/p>\n<p>Urenhetene faller ned i den praktiske oppsamlingsbeholderen under rengj\u00f8ringsprosessen. Dette kan valgfritt brukes med standard s\u00f8ppelsekker, noe som gj\u00f8r rengj\u00f8ring til en lek. Ikke mer klosset svinging med spader!<\/p>\n<p>Toalettet er kompatibelt med klumpende s\u00f8ppel, slik at du kan bruke opptil 4 liter s\u00f8ppel. Betjening og rengj\u00f8ring av trommelen er enkel og tidsbesparende.<\/p>\n<p>V\u00e5rt selvrensende kattetoalett er spesielt ideelt for husholdninger med flere katter. Det gir nok plass og s\u00f8rger for at hver katt har sitt eget rene toalett. Den passer for katter fra en vekt p\u00e5 1,5 kg og en alder p\u00e5 4 m\u00e5neder.<\/p>\n<p>Kattetoalettet v\u00e5rt er laget av slitesterk plast og er langvarig og klar til \u00e5 gi husholdningen din langsiktig renslighet og komfort.<\/p>\n<p>Opplev fremtiden til s\u00f8ppelkasser &#8211; oppdag fordelene med v\u00e5rt selvrensende kattetoalett og gi deg selv og katten din en stressfri og hygienisk opplevelse.<\/p>\n<ul>\n<li class=\"ewa-rteLine\">Passer for katter som veier 1,5 kg eller eldre enn 4 m\u00e5neder.<\/li>\n<li class=\"ewa-rteLine\">Laget av plast, M\u00e5l: 53 \u00d7 55,5 \u00d7 52 cm, hvit.<\/li>\n<\/ul>\n<p><iframe loading=\"lazy\" title=\"Self Cleaning Cat Litter Box - TRIXIE Heimtierbedarf\" width=\"800\" height=\"450\" src=\"https:\/\/www.youtube.com\/embed\/O4-XF_m8nQ0?feature=oembed\" frameborder=\"0\" allow=\"accelerometer; autoplay; clipboard-write; encrypted-media; gyroscope; picture-in-picture; web-share\" referrerpolicy=\"strict-origin-when-cross-origin\" allowfullscreen><\/iframe><\/p>","protected":false},"excerpt":{"rendered":"<h3>Trixie Katteboks Selvrensende, kattetoalett Hvit, 53 \u00d7 55,5 \u00d7 52 cm<\/h3>\n<ul>\n<li>For enklere renhold<\/li>\n<li>trommelen roterer automatisk etter bruk<\/li>\n<li>renseprosessen stopper automatisk n\u00e5r katten n\u00e6rmer seg<\/li>\n<li>faste partikler faller ned i avfallsbeholderen<\/li>\n<li>oppsamlingsbeholder kan valgfritt brukes med standard s\u00f8ppelsekk<\/li>\n<li>kan brukes med klumpende kattesand (f.eks Imperial)(maks. 4 liter)<\/li>\n<li>enkel betjening og rengj\u00f8ring av trommelen<\/li>\n<li>ideell for husholdninger med mer enn \u00e9n katt<\/li>\n<li>for katter fra 1,5 kilo\/4 mnd<\/li>\n<li>plast<br \/>\n53 \u00d7 55,5 \u00d7 52 cm<\/li>\n<\/ul>","protected":false},"featured_media":94501,"comment_status":"closed","ping_status":"closed","template":"","meta":{"_uf_show_specific_survey":0,"_uf_disable_surveys":false},"pwb-brand":[3899],"product_brand":[],"product_cat":[665,782,666],"product_tag":[6272,7170],"class_list":{"0":"post-94499","1":"product","2":"type-product","3":"status-publish","4":"has-post-thumbnail","6":"pwb-brand-trixie","7":"product_cat-katt","8":"product_cat-kattetoalett","9":"product_cat-toalett-sand-og-utstyr","10":"product_tag-kattedo-kattetoalett","11":"product_tag-kattedo-kattetoalett-med-tak","13":"first","14":"onbackorder","15":"taxable","16":"shipping-taxable","17":"purchasable","18":"product-type-simple"},"exclude_global_add_ons":[],"addons":[],"brands":[{"id":3899,"name":"Trixie","slug":"trixie"}],"_links":{"self":[{"href":"https:\/\/pim.fuglebutikken.no\/nb\/wp-json\/wp\/v2\/product\/94499","targetHints":{"allow":["GET"]}}],"collection":[{"href":"https:\/\/pim.fuglebutikken.no\/nb\/wp-json\/wp\/v2\/product"}],"about":[{"href":"https:\/\/pim.fuglebutikken.no\/nb\/wp-json\/wp\/v2\/types\/product"}],"replies":[{"embeddable":true,"href":"https:\/\/pim.fuglebutikken.no\/nb\/wp-json\/wp\/v2\/comments?post=94499"}],"wp:featuredmedia":[{"embeddable":true,"href":"https:\/\/pim.fuglebutikken.no\/nb\/wp-json\/wp\/v2\/media\/94501"}],"wp:attachment":[{"href":"https:\/\/pim.fuglebutikken.no\/nb\/wp-json\/wp\/v2\/media?parent=94499"}],"wp:term":[{"taxonomy":"pwb-brand","embeddable":true,"href":"https:\/\/pim.fuglebutikken.no\/nb\/wp-json\/wp\/v2\/pwb-brand?post=94499"},{"taxonomy":"product_brand","embeddable":true,"href":"https:\/\/pim.fuglebutikken.no\/nb\/wp-json\/wp\/v2\/product_brand?post=94499"},{"taxonomy":"product_cat","embeddable":true,"href":"https:\/\/pim.fuglebutikken.no\/nb\/wp-json\/wp\/v2\/product_cat?post=94499"},{"taxonomy":"product_tag","embeddable":true,"href":"https:\/\/pim.fuglebutikken.no\/nb\/wp-json\/wp\/v2\/product_tag?post=94499"}],"curies":[{"name":"wp","href":"https:\/\/api.w.org\/{rel}","templated":true}]}}