{"id":94053,"date":"2023-11-01T11:59:00","date_gmt":"2023-11-01T10:59:00","guid":{"rendered":"https:\/\/83725a6903.nxcli.io\/?post_type=product&#038;p=94053"},"modified":"2023-11-12T22:08:04","modified_gmt":"2023-11-12T21:08:04","slug":"lumax-led-armatur-hvit","status":"publish","type":"product","link":"https:\/\/pim.fuglebutikken.no\/nb\/produkt\/lumax-led-armatur-hvit\/","title":{"rendered":"LUMAX LED-armatur Hvit"},"content":{"rendered":"<h2>LUMAX LED-armatur Hvit<\/h2>\n<p class=\"brz-tp-sm-empty brz-lh-sm-1_5 brz-ls-sm-0 brz-fw-sm-400 brz-fss-sm-px brz-fs-sm-15 brz-fw-lg-400 brz-fss-lg-px brz-fs-lg-16 brz-ft-google brz-ff-khand brz-tp-lg-empty brz-lh-lg-1_5 brz-ls-lg-0 brz-fss-xs-px brz-fw-xs-400 brz-ls-xs-0 brz-lh-xs-1_5 brz-tp-xs-empty brz-fs-xs-14 brz-css-mlfjh\" data-uniq-id=\"rpvmi\" data-generated-css=\"brz-css-qtroy\">Med LUMAX kan du fremheve fargene p\u00e5 fisken, f\u00e5 fart p\u00e5 plantenes vekst og time en spektakul\u00e6r solnedgang, ganske enkelt ved \u00e5 kombinere forskjellige lamper.<\/p>\n<p class=\"brz-tp-sm-empty brz-lh-sm-1_5 brz-ls-sm-0 brz-fw-sm-400 brz-fss-sm-px brz-fs-sm-15 brz-fw-lg-400 brz-fss-lg-px brz-fs-lg-16 brz-ft-google brz-ff-khand brz-tp-lg-empty brz-lh-lg-1_5 brz-ls-lg-0 brz-fss-xs-px brz-fw-xs-400 brz-ls-xs-0 brz-lh-xs-1_5 brz-tp-xs-empty brz-fs-xs-14 brz-css-mlfjh\" data-uniq-id=\"rpvmi\" data-generated-css=\"brz-css-qtroy\">LUMAX LED-lamper finnes i fem forskjellige fargekombinasjoner, s\u00e5 du kan enkelt finne en kombinasjon som passer deg, du kan lese mer om de forskjellige lysene nedenfor. Kombinert med tilleggsutstyr som den smarte LED-kontrolleren som lar deg justere lysmengden, skape soloppgang og solnedgang, imitere dagslysets skiftende styrke via skyfunksjonen og ikke minst lage m\u00e5neskinn i akvariet ditt om natten, er mulighetene. nesten uendelig.<\/p>\n<p class=\"brz-tp-sm-empty brz-lh-sm-1_5 brz-ls-sm-0 brz-fw-sm-400 brz-fss-sm-px brz-fs-sm-15 brz-fw-lg-400 brz-fss-lg-px brz-fs-lg-16 brz-ft-google brz-ff-khand brz-tp-lg-empty brz-lh-lg-1_5 brz-ls-lg-0 brz-fss-xs-px brz-fw-xs-400 brz-ls-xs-0 brz-lh-xs-1_5 brz-tp-xs-empty brz-fs-xs-14 brz-css-mlfjh\" data-uniq-id=\"rpvmi\" data-generated-css=\"brz-css-qtroy\">Med LUMAX er du lysarkitekten i akvariet ditt. Du kan flytte rundt p\u00e5 lampene, bytte og legge til nye lamper s\u00e5 ofte du vil. Du kan for eksempel flytte lampene helt til fronten av akvariet, slik at du unng\u00e5r at det blir en skygge p\u00e5 siden av fisken som vender mot deg.<\/p>\n<p class=\"brz-tp-sm-empty brz-lh-sm-1_5 brz-ls-sm-0 brz-fw-sm-400 brz-fss-sm-px brz-fs-sm-15 brz-fw-lg-400 brz-fss-lg-px brz-fs-lg-16 brz-ft-google brz-ff-khand brz-tp-lg-empty brz-lh-lg-1_5 brz-ls-lg-0 brz-fss-xs-px brz-fw-xs-400 brz-ls-xs-0 brz-lh-xs-1_5 brz-tp-xs-empty brz-fs-xs-14 brz-css-mlfjh\" data-uniq-id=\"rpvmi\" data-generated-css=\"brz-css-qtroy\">Den slanke konstruksjonen til LUMAX-lampene gj\u00f8r at du enkelt kan plassere dem p\u00e5 tverrstagene under akvarielokket, og har du stort lysbehov er det plass til mange lamper ved siden av hverandre. Det betyr ogs\u00e5 at du fortsatt har lys i akvariet, selv om du tar av lokket &#8211; dette er ofte til stor hjelp n\u00e5r du bare skal fikse noe der nede.<\/p>\n<p class=\"brz-tp-sm-empty brz-lh-sm-1_5 brz-ls-sm-0 brz-fw-sm-400 brz-fss-sm-px brz-fs-sm-15 brz-fw-lg-400 brz-fss-lg-px brz-fs-lg-16 brz-ft-google brz-ff-khand brz-tp-lg-empty brz-lh-lg-1_5 brz-ls-lg-0 brz-fss-xs-px brz-fw-xs-400 brz-ls-xs-0 brz-lh-xs-1_5 brz-tp-xs-empty brz-fs-xs-14 brz-css-mlfjh\" data-uniq-id=\"rpvmi\" data-generated-css=\"brz-css-qtroy\">LUMAX\u00a0kommer i tre lengder og fem forskjellige fargevarianter: PLANT, SOL, HVIT, HVIT\/BL\u00c5 og ren BL\u00c5. Lengdene er tilpasset MOVE, FUSION og ELEMENT akvariet.<\/p>\n<p data-uniq-id=\"rpvmi\" data-generated-css=\"brz-css-qtroy\">Energieffektiv og 100 % vanntett<\/p>\n<p data-uniq-id=\"rpvmi\" data-generated-css=\"brz-css-qtroy\">LUMAX er 100 % vanntett, da alle dioder og elektriske koblinger er beskyttet av et fint lag med ultraklar silikon. I tillegg er diodene dekket av en gjennomsiktig plastfolie som gir ekstra beskyttelse mot vannsprut og gj\u00f8r det lettere \u00e5 holde armaturet rent.<\/p>\n<p data-uniq-id=\"rpvmi\" data-generated-css=\"brz-css-qtroy\">I LUMAX f\u00e5r du ogs\u00e5 en milj\u00f8vennlig lysl\u00f8sning. Den sv\u00e6rt h\u00f8ye lyseffekten p\u00e5 opptil ca. 135 lumen\/W plasserer LUMAX blant den mest energieffektive akvariebelysningen p\u00e5 markedet.<\/p>\n<p id=\"tw-target-text\" class=\"tw-data-text tw-text-large tw-ta\" dir=\"ltr\" data-placeholder=\"Oversettelse\" data-ved=\"2ahUKEwi_nqSxyqKCAxU3S_EDHY6TCIcQ3ewLegQIBhAQ\"><strong><span class=\"Y2IQFc\" lang=\"no\">Praktisk og gjennomtenkt tilbeh\u00f8r <\/span><\/strong><\/p>\n<p class=\"tw-data-text tw-text-large tw-ta\" dir=\"ltr\" data-placeholder=\"Oversettelse\" data-ved=\"2ahUKEwi_nqSxyqKCAxU3S_EDHY6TCIcQ3ewLegQIBhAQ\"><span class=\"Y2IQFc\" lang=\"no\">Koble enkelt flere lamper til \u00e9n str\u00f8mforsyning med den praktiske y-splitterkabelen, slik at det er det vakre lyset til lampene og ikke ledningene som pryder akvariet ditt. I tillegg kan v\u00e5re kraftige str\u00f8mforsyninger h\u00e5ndtere flere armaturer om gangen. De finnes derfor ogs\u00e5 i ulike st\u00f8rrelser, slik at du kan f\u00e5 dekket str\u00f8mbehovet ditt i en og samme str\u00f8mforsyning. Med v\u00e5re ulike monteringssett kan du velge om dine LUMAX-lamper skal festes direkte p\u00e5 lokket, for eksempel p\u00e5 en eldre Effekt-Lys armatur, om den skal sitte under en plate eller henge i taket. Du har ogs\u00e5 muligheten til \u00e5 forlenge ledningen fra LUMAX-lampen med 1,5 meter. P\u00e5 grunn av spenningsfallet i lengre kabler anbefaler vi ikke \u00e5 bruke mer enn \u00e9n skj\u00f8teledning for hver lampe.<\/span><\/p>","protected":false},"excerpt":{"rendered":"<h3>LUMAX LED-armatur Hvit<\/h3>\n<p>LED-belysning som er spesielt utviklet til \u00e5 brukes sammen med MOVE og FUSION-akvariene fra Akvastabil.<\/p>\n<p id=\"tw-target-text\" class=\"tw-data-text tw-text-large tw-ta\" dir=\"ltr\" data-placeholder=\"Oversettelse\" data-ved=\"2ahUKEwi_nqSxyqKCAxU3S_EDHY6TCIcQ3ewLegQIBhAQ\"><span class=\"Y2IQFc\" lang=\"no\">HVIT \u00b7 For et kraftig og vakkert lys WHITE er v\u00e5r sterkeste modell. Med en lyseffekt p\u00e5 135 lumen\/W gir den et ekstremt kraftig lys som kommer de fleste planter til gode. Lampen gjengir ikke r\u00f8dt, derfor er den perfekt i akvarier hvor du \u00f8nsker \u00e5 tone ned de r\u00f8de fargene men \u00f8nsker et vakkert og rent lys. HVIT 6500K Ra80 135 lumen\/w<\/span><\/p>\n<p dir=\"ltr\" data-placeholder=\"Oversettelse\" data-ved=\"2ahUKEwi_nqSxyqKCAxU3S_EDHY6TCIcQ3ewLegQIBhAQ\">OBS! Str\u00f8mforsyning f\u00f8lger ikke med og skal kj\u00f8pes separat.<\/p>","protected":false},"featured_media":94058,"comment_status":"closed","ping_status":"closed","template":"","meta":{"_uf_show_specific_survey":0,"_uf_disable_surveys":false},"pwb-brand":[3831,5998],"product_brand":[],"product_cat":[268,3706],"product_tag":[],"class_list":{"0":"post-94053","1":"product","2":"type-product","3":"status-publish","4":"has-post-thumbnail","6":"pwb-brand-akvastabil","7":"pwb-brand-akvastabil-lumax-led","8":"product_cat-akvarium-lys-og-varme","9":"product_cat-led-belysning","11":"first","12":"instock","13":"taxable","14":"shipping-taxable","15":"purchasable","16":"product-type-variable","17":"has-default-attributes"},"exclude_global_add_ons":[],"addons":[],"brands":[{"id":3831,"name":"Akvastabil","slug":"akvastabil"},{"id":5998,"name":"Akvastabil Lumax Led","slug":"akvastabil-lumax-led"}],"_links":{"self":[{"href":"https:\/\/pim.fuglebutikken.no\/nb\/wp-json\/wp\/v2\/product\/94053","targetHints":{"allow":["GET"]}}],"collection":[{"href":"https:\/\/pim.fuglebutikken.no\/nb\/wp-json\/wp\/v2\/product"}],"about":[{"href":"https:\/\/pim.fuglebutikken.no\/nb\/wp-json\/wp\/v2\/types\/product"}],"replies":[{"embeddable":true,"href":"https:\/\/pim.fuglebutikken.no\/nb\/wp-json\/wp\/v2\/comments?post=94053"}],"wp:featuredmedia":[{"embeddable":true,"href":"https:\/\/pim.fuglebutikken.no\/nb\/wp-json\/wp\/v2\/media\/94058"}],"wp:attachment":[{"href":"https:\/\/pim.fuglebutikken.no\/nb\/wp-json\/wp\/v2\/media?parent=94053"}],"wp:term":[{"taxonomy":"pwb-brand","embeddable":true,"href":"https:\/\/pim.fuglebutikken.no\/nb\/wp-json\/wp\/v2\/pwb-brand?post=94053"},{"taxonomy":"product_brand","embeddable":true,"href":"https:\/\/pim.fuglebutikken.no\/nb\/wp-json\/wp\/v2\/product_brand?post=94053"},{"taxonomy":"product_cat","embeddable":true,"href":"https:\/\/pim.fuglebutikken.no\/nb\/wp-json\/wp\/v2\/product_cat?post=94053"},{"taxonomy":"product_tag","embeddable":true,"href":"https:\/\/pim.fuglebutikken.no\/nb\/wp-json\/wp\/v2\/product_tag?post=94053"}],"curies":[{"name":"wp","href":"https:\/\/api.w.org\/{rel}","templated":true}]}}