{"id":93951,"date":"2023-10-30T18:42:57","date_gmt":"2023-10-30T17:42:57","guid":{"rendered":"https:\/\/83725a6903.nxcli.io\/?post_type=product&#038;p=93951"},"modified":"2023-10-31T17:09:37","modified_gmt":"2023-10-31T16:09:37","slug":"airdog-hundeleke-boomerang","status":"publish","type":"product","link":"https:\/\/pim.fuglebutikken.no\/nb\/produkt\/airdog-hundeleke-boomerang\/","title":{"rendered":"AirDog hundeleke Boomerang"},"content":{"rendered":"<h2>AirDog hundeleke Boomerang<\/h2>","protected":false},"excerpt":{"rendered":"<h3>AirDog hundeleke Boomerang<\/h3>\n<p>Tennisballer er en ekte klassiker blant hundeleker og er veldig popul\u00e6r blant de fleste hunder. De er robuste og er flotte \u00e5 kaste og hente. De hopper ogs\u00e5 godt.<br \/>\nEn boomerang er et morsomt alternativ.<\/p>\n<ul>\n<li>ca. 20cm<\/li>\n<li>assorterte farger<\/li>\n<\/ul>","protected":false},"featured_media":93998,"comment_status":"closed","ping_status":"closed","template":"","meta":{"_uf_show_specific_survey":0,"_uf_disable_surveys":false},"pwb-brand":[7161],"product_brand":[],"product_cat":[969,1193,1115,4670],"product_tag":[],"class_list":{"0":"post-93951","1":"product","2":"type-product","3":"status-publish","4":"has-post-thumbnail","6":"pwb-brand-trond","7":"product_cat-hund","8":"product_cat-kasteleker-og-baller","9":"product_cat-leker-hund","10":"product_cat-valpeleker","12":"first","13":"instock","14":"sale","15":"taxable","16":"shipping-taxable","17":"purchasable","18":"product-type-variable","19":"has-default-attributes"},"exclude_global_add_ons":[],"addons":[],"brands":[{"id":7161,"name":"Trond","slug":"trond"}],"_links":{"self":[{"href":"https:\/\/pim.fuglebutikken.no\/nb\/wp-json\/wp\/v2\/product\/93951","targetHints":{"allow":["GET"]}}],"collection":[{"href":"https:\/\/pim.fuglebutikken.no\/nb\/wp-json\/wp\/v2\/product"}],"about":[{"href":"https:\/\/pim.fuglebutikken.no\/nb\/wp-json\/wp\/v2\/types\/product"}],"replies":[{"embeddable":true,"href":"https:\/\/pim.fuglebutikken.no\/nb\/wp-json\/wp\/v2\/comments?post=93951"}],"wp:featuredmedia":[{"embeddable":true,"href":"https:\/\/pim.fuglebutikken.no\/nb\/wp-json\/wp\/v2\/media\/93998"}],"wp:attachment":[{"href":"https:\/\/pim.fuglebutikken.no\/nb\/wp-json\/wp\/v2\/media?parent=93951"}],"wp:term":[{"taxonomy":"pwb-brand","embeddable":true,"href":"https:\/\/pim.fuglebutikken.no\/nb\/wp-json\/wp\/v2\/pwb-brand?post=93951"},{"taxonomy":"product_brand","embeddable":true,"href":"https:\/\/pim.fuglebutikken.no\/nb\/wp-json\/wp\/v2\/product_brand?post=93951"},{"taxonomy":"product_cat","embeddable":true,"href":"https:\/\/pim.fuglebutikken.no\/nb\/wp-json\/wp\/v2\/product_cat?post=93951"},{"taxonomy":"product_tag","embeddable":true,"href":"https:\/\/pim.fuglebutikken.no\/nb\/wp-json\/wp\/v2\/product_tag?post=93951"}],"curies":[{"name":"wp","href":"https:\/\/api.w.org\/{rel}","templated":true}]}}