{"id":93800,"date":"2023-10-18T11:19:41","date_gmt":"2023-10-18T09:19:41","guid":{"rendered":"https:\/\/83725a6903.nxcli.io\/?post_type=product&#038;p=93800"},"modified":"2024-01-05T09:16:00","modified_gmt":"2024-01-05T08:16:00","slug":"canelana-ulldekken-thermo-vinterdekken-hund-gronn","status":"publish","type":"product","link":"https:\/\/pim.fuglebutikken.no\/nb\/produkt\/canelana-ulldekken-thermo-vinterdekken-hund-gronn\/","title":{"rendered":"Canelana Ulldekken Thermo Vinterdekken Hund Gr\u00f8nn"},"content":{"rendered":"<h2>Canelana Ulldekken Thermo Vinterdekken Hund Gr\u00f8nn<\/h2>\n<h3><b>Hvorfor ulldekken?<\/b><\/h3>\n<p>Ull har tre fantastiske egenskaper: Det varmer, isolerer og puster. \u00c5 holde hundens muskler varm b\u00e5de f\u00f8r og etter tur og trening kan virke skadeforebyggende og vil hjelpe hunden med \u00e5 restituere raskere. \u00a0Hundens kropp trenger dermed ikke bruke un\u00f8dig energi p\u00e5 \u00e5 holde kroppstemperaturen oppe.<\/p>\n<p>Bruk av ulldekken er ypperlig mellom slipp p\u00e5 jaktpr\u00f8ver! Ulldekken kan v\u00e6re nyttig for alle hunder uansett rase. Spesielt eldre hunder, hunder med skader eller artroser vil ofte ha d\u00e5rligere sirkulasjon og dermed fryse lettere. Ingen liker \u00e5 fryse! Ull b\u00f8r v\u00e6re f\u00f8rstevalget for enhver hund p\u00e5 kalde og fuktige dager! Stikk gjerne h\u00e5nda under dekkenet for \u00e5 kjenne om hunden er kald eller varm.<\/p>\n<p><b>Vaskeanvisning<\/b><\/p>\n<p>Vaskes p\u00e5 ullprogram med ullvaskemiddel 30%.<\/p>\n<h2>St\u00f8rrelser<\/h2>\n<table style=\"height: 268px;\" width=\"257\">\n<tbody>\n<tr>\n<th>St\u00f8rrelse<\/th>\n<th>Rygglengde cm<\/th>\n<\/tr>\n<tr>\n<td>5xs<\/td>\n<td>20<\/td>\n<\/tr>\n<tr>\n<td>4xs<\/td>\n<td>22,5<\/td>\n<\/tr>\n<tr>\n<td>3xs<\/td>\n<td>25<\/td>\n<\/tr>\n<tr>\n<td>2xs<\/td>\n<td>27<\/td>\n<\/tr>\n<tr>\n<td>XS<\/td>\n<td>31<\/td>\n<\/tr>\n<tr>\n<td>S<\/td>\n<td>35<\/td>\n<\/tr>\n<tr>\n<td>S\/M<\/td>\n<td>40<\/td>\n<\/tr>\n<tr>\n<td>M<\/td>\n<td>45<\/td>\n<\/tr>\n<tr>\n<td>M\/L<\/td>\n<td>48\/53<\/td>\n<\/tr>\n<tr>\n<td>L<\/td>\n<td>58<\/td>\n<\/tr>\n<tr>\n<td>XL 64 cm<\/td>\n<td>64<\/td>\n<\/tr>\n<\/tbody>\n<\/table>\n<p>&nbsp;<\/p>\n<table>\n<tbody>\n<tr>\n<th>St\u00f8rrelse<\/th>\n<th>Rygglengde cm<\/th>\n<\/tr>\n<tr>\n<td>XL 69 cm<\/td>\n<td>69<\/td>\n<\/tr>\n<tr>\n<td>2XL<\/td>\n<td>73<\/td>\n<\/tr>\n<tr>\n<td>XS terrier (\u00e5pning for hale)<\/td>\n<td>31<\/td>\n<\/tr>\n<tr>\n<td>S terrier (\u00e5pning for hale)<\/td>\n<td>35<\/td>\n<\/tr>\n<tr>\n<td>M terrier (\u00e5pning for hale)<\/td>\n<td>45<\/td>\n<\/tr>\n<tr>\n<td>Dachs 30 cm<\/td>\n<td>30<\/td>\n<\/tr>\n<tr>\n<td>Dachs 33 cm<\/td>\n<td>33<\/td>\n<\/tr>\n<tr>\n<td>Dachs 36 cm<\/td>\n<td>36<\/td>\n<\/tr>\n<tr>\n<td>Dachs 40 cm<\/td>\n<td>40<\/td>\n<\/tr>\n<tr>\n<td>Dachs 45 cm<\/td>\n<td>45<\/td>\n<\/tr>\n<tr>\n<td>Dachs 50 cm<\/td>\n<td>50<\/td>\n<\/tr>\n<\/tbody>\n<\/table>","protected":false},"excerpt":{"rendered":"<h3>Canelana Ulldekken Thermo Vinterdekken Hund Gr\u00f8nn<\/h3>\n<p><b>Thermo &#8211; for de kaldeste dagene!<\/b><br \/>\nThermo er Canelana\u00b4s varmeste hundedekken! Canelana thermo best\u00e5r av innerf\u00f4r i tykk, myk merinoull, utsiden er dekket med vind- vanntett og pustende softshell med membran. Ypperlig i b\u00e5de sn\u00f8, ruskev\u00e6r og til de kaldeste dagene! Vinterdekkenet ligger godt over rygg og l\u00e5r. Det dekker og beskytter de vitale organene og store muskelgruppene.<br \/>\nI front er det ribbestrikket for bedre fleksibilitet ved av- og p\u00e5kledning. Hundedekkenet har justerbar stropp rundt magen og stramming b\u00e5de i halsen, og bak for best mulig passform for din hund. Ull isolerer best n\u00e5r den ligger tett inntil kroppen.<\/p>\n<p>Terriermodellen har \u00e5pning bak til haler som st\u00e5r rett opp. Dette finnes i str XS, S, S\/M og M.<\/p>\n<p>Dachsmodellen er tilpasset dachsens fasong.<\/p>","protected":false},"featured_media":93825,"comment_status":"closed","ping_status":"closed","template":"","meta":{"_uf_show_specific_survey":0,"_uf_disable_surveys":false},"pwb-brand":[5446],"product_brand":[],"product_cat":[2974,1159,3404,969,2939,5472,3231,5319,4995],"product_tag":[5452,2980],"class_list":{"0":"post-93800","1":"product","2":"type-product","3":"status-publish","4":"has-post-thumbnail","6":"pwb-brand-canelana","7":"product_cat-dekken","8":"product_cat-dekken-hundeklaer-og-poter","9":"product_cat-friluftsliv","10":"product_cat-hund","11":"product_cat-jakt","12":"product_cat-ull","13":"product_cat-valp","14":"product_cat-vinter","15":"product_cat-vinterdekken","16":"product_tag-canelana","17":"product_tag-hundedekken","19":"first","20":"instock","21":"taxable","22":"shipping-taxable","23":"purchasable","24":"product-type-variable","25":"has-default-attributes"},"exclude_global_add_ons":[],"addons":[],"brands":[{"id":5446,"name":"Canelana","slug":"canelana"}],"_links":{"self":[{"href":"https:\/\/pim.fuglebutikken.no\/nb\/wp-json\/wp\/v2\/product\/93800","targetHints":{"allow":["GET"]}}],"collection":[{"href":"https:\/\/pim.fuglebutikken.no\/nb\/wp-json\/wp\/v2\/product"}],"about":[{"href":"https:\/\/pim.fuglebutikken.no\/nb\/wp-json\/wp\/v2\/types\/product"}],"replies":[{"embeddable":true,"href":"https:\/\/pim.fuglebutikken.no\/nb\/wp-json\/wp\/v2\/comments?post=93800"}],"wp:featuredmedia":[{"embeddable":true,"href":"https:\/\/pim.fuglebutikken.no\/nb\/wp-json\/wp\/v2\/media\/93825"}],"wp:attachment":[{"href":"https:\/\/pim.fuglebutikken.no\/nb\/wp-json\/wp\/v2\/media?parent=93800"}],"wp:term":[{"taxonomy":"pwb-brand","embeddable":true,"href":"https:\/\/pim.fuglebutikken.no\/nb\/wp-json\/wp\/v2\/pwb-brand?post=93800"},{"taxonomy":"product_brand","embeddable":true,"href":"https:\/\/pim.fuglebutikken.no\/nb\/wp-json\/wp\/v2\/product_brand?post=93800"},{"taxonomy":"product_cat","embeddable":true,"href":"https:\/\/pim.fuglebutikken.no\/nb\/wp-json\/wp\/v2\/product_cat?post=93800"},{"taxonomy":"product_tag","embeddable":true,"href":"https:\/\/pim.fuglebutikken.no\/nb\/wp-json\/wp\/v2\/product_tag?post=93800"}],"curies":[{"name":"wp","href":"https:\/\/api.w.org\/{rel}","templated":true}]}}