{"id":93593,"date":"2023-10-12T09:29:11","date_gmt":"2023-10-12T07:29:11","guid":{"rendered":"https:\/\/83725a6903.nxcli.io\/?post_type=product&#038;p=93593"},"modified":"2024-09-12T10:56:33","modified_gmt":"2024-09-12T08:56:33","slug":"tropical-insekt-meny-granulat-small","status":"publish","type":"product","link":"https:\/\/pim.fuglebutikken.no\/nb\/produkt\/tropical-insekt-meny-granulat-small\/","title":{"rendered":"Tropical insekt meny granulat Small"},"content":{"rendered":"<h2>Tropical insekt meny granulat Small, Tropical Insect Menu Granules S<\/h2>\n<p>Multi-ingrediens mat i form av 1,2 mm synkende granulat basert p\u00e5 3 insekter:<\/p>\n<p>hermetia (15%), silkeorm (15%) og melorm (15%) for altetende og kj\u00f8ttetende fisk. Inneholder kun lettford\u00f8yelig insektprotein, rik p\u00e5 aminosyrer, som er essensielle for fisk. H\u00f8yt fettinnhold, inkludert Omega-3 og Omega-6 fettsyrer, er en energikilde for fisk og st\u00f8tter hudens funksjon. Insektprotein stimulerer veksten av probiotiske melkesyrebakterier, noe som resulterer i bedre ford\u00f8yelse, raskere vekst og st\u00f8rre immunitet hos fisk. Betydelig innhold av kitin fra insekter aktiverer immunceller, st\u00f8tter naturlig tarmbakterieflora og \u00f8ker n\u00e6ringsopptaket. Regelmessig bruk av denne maten akselererer veksten, styrker immuniteten, regulerer ford\u00f8yelsen og reduserer mengden av fiskens metabolske avfall som forurenser vannet. Optimalt fosforniv\u00e5 dekker fiskens behov og reduserer algeoppblomstring. Bruken av insekter i Insect Menu-mat er ikke bare en referanse til fiskens naturlige kosthold, men den har ogs\u00e5 en lavere innvirkning p\u00e5 milj\u00f8ressursene: redusert vannbruk og redusert energiforbruk som gir et mindre karbonavtrykk. Inneholder ingen fargestoffer eller konserveringsmidler.<\/p>\n<p><strong>SAMMENSETNING<\/strong>\u00a0insekter (Hermetia illucens larvemel 15%, silkeorm puppemel 15%, melormmel 15%), korn, vegetabilske proteinekstrakter, alger, oljer og fett, mineraler.<br \/>\n<strong>ANALYTISKE BESTANDDELER<\/strong>\u00a0r\u00e5protein 45,0 %, r\u00e5fett 9,0 %, r\u00e5fiber 3,5 %, fuktighet 8,0 %.<br \/>\n<strong>TILSETNING (PER KG<\/strong>) Vitaminer: vitamin A 39 375 IE, vitamin D3 2 360 IE, vitamin E 150 mg, vitamin C 570 mg. Sporelementer: jern (jern(II)sulfatmonohydrat) 40,5 mg, sink (sinkoksid) 11,3 mg, mangan (mangan(II)oksid) 8,4 mg, kobber (kobber(II)sulfatpentahydrat) 2,0 mg, jod (kaliumjodid) ) 0,24 mg. Antioksidanter.<br \/>\n<strong>MATINGSINSTRUKSJONER<\/strong>\u00a0Gir flere ganger daglig i sm\u00e5 porsjoner. Juster st\u00f8rrelsen p\u00e5 delen til antall fisk i akvariet. Maten b\u00f8r spises innen f\u00e5 minutter.<\/p>\n<p><img loading=\"lazy\" decoding=\"async\" class=\"aligncenter wp-image-93577 size-full\" src=\"https:\/\/fuglebutikken.no\/wp-content\/uploads\/2023\/10\/Tropical-insekt-meny-flak-4.jpg\" alt=\"Tropical insekt meny flak\" width=\"1000\" height=\"253\" title=\"\" srcset=\"\/wp-content\/uploads\/2023\/10\/Tropical-insekt-meny-flak-4.jpg 1000w, \/wp-content\/uploads\/2023\/10\/Tropical-insekt-meny-flak-4-500x127.jpg 500w, \/wp-content\/uploads\/2023\/10\/Tropical-insekt-meny-flak-4-768x194.jpg 768w, \/wp-content\/uploads\/2023\/10\/Tropical-insekt-meny-flak-4-600x152.jpg 600w, \/wp-content\/uploads\/2023\/10\/Tropical-insekt-meny-flak-4-64x16.jpg 64w\" sizes=\"auto, (max-width: 1000px) 100vw, 1000px\" \/><\/p>\n<p><iframe loading=\"lazy\" title=\"TROPICAL | New! Insect Menu - fish food with 45% insects\" width=\"800\" height=\"450\" src=\"https:\/\/www.youtube.com\/embed\/yfh8Rg7xFAc?feature=oembed\" frameborder=\"0\" allow=\"accelerometer; autoplay; clipboard-write; encrypted-media; gyroscope; picture-in-picture; web-share\" referrerpolicy=\"strict-origin-when-cross-origin\" allowfullscreen><\/iframe><\/p>\n<p>Passer spesielt godt til:<br \/>\ndwarf gourami (Trichogaster lalius), princess cichlid (Neolamprologus brichardi), green swordtail (Xiphophorus hellerii), bleeding heart tetra (Hyphessobrycon erythrostigma), discus (Symphysodon aequifasciatus), cockatoo dwarf cichlid (Apistogramma cacatuoides), ram cichlid (Mikrogeophagus ramirezi ), Odessa barb (Pethia padamya), paradise fish (Macropodus opercularis), pearl gourami (Trichogaster leerii), three-striped armored catfish (Corydoras trilineatus), firehead tetra (Hemigrammus bleheri), Congo tetra (Phenacogrammus interruptus)<\/p>","protected":false},"excerpt":{"rendered":"<h3>Tropical insekt meny granulat Small<\/h3>\n<p>Multi-ingrediens mat i form av synkende granulat basert p\u00e5 3 insekter: Hermetia illucens -svart flue- (15%), Bombyx mori -silkeorm- (15%) og Tenebrio molitor -melorm- (15%) for altetende og kj\u00f8ttetende akvariefisk.<\/p>\n<ul>\n<li>Intensiverer veksten<\/li>\n<li>Stimulerer til \u00e5 spise<\/li>\n<li>Stimulerer naturlig tarmflora<\/li>\n<li>Regulerer ford\u00f8yelsen<\/li>\n<li>Reduserer metabolsk avfall i akvariet<\/li>\n<li>1,2mm granulater<\/li>\n<\/ul>","protected":false},"featured_media":93599,"comment_status":"closed","ping_status":"closed","template":"","meta":{"_uf_show_specific_survey":0,"_uf_disable_surveys":false},"pwb-brand":[5166],"product_brand":[],"product_cat":[4092,2292,3111,7155,230],"product_tag":[2924],"class_list":{"0":"post-93593","1":"product","2":"type-product","3":"status-publish","4":"has-post-thumbnail","6":"pwb-brand-tropical","7":"product_cat-akvaristikk","8":"product_cat-fiskemat","9":"product_cat-granulat","10":"product_cat-insekt","11":"product_cat-tropical-mat","12":"product_tag-insekt","14":"first","15":"instock","16":"taxable","17":"shipping-taxable","18":"purchasable","19":"product-type-variable","20":"has-default-attributes"},"exclude_global_add_ons":[],"addons":[],"brands":[{"id":5166,"name":"Tropical","slug":"tropical"}],"_links":{"self":[{"href":"https:\/\/pim.fuglebutikken.no\/nb\/wp-json\/wp\/v2\/product\/93593","targetHints":{"allow":["GET"]}}],"collection":[{"href":"https:\/\/pim.fuglebutikken.no\/nb\/wp-json\/wp\/v2\/product"}],"about":[{"href":"https:\/\/pim.fuglebutikken.no\/nb\/wp-json\/wp\/v2\/types\/product"}],"replies":[{"embeddable":true,"href":"https:\/\/pim.fuglebutikken.no\/nb\/wp-json\/wp\/v2\/comments?post=93593"}],"wp:featuredmedia":[{"embeddable":true,"href":"https:\/\/pim.fuglebutikken.no\/nb\/wp-json\/wp\/v2\/media\/93599"}],"wp:attachment":[{"href":"https:\/\/pim.fuglebutikken.no\/nb\/wp-json\/wp\/v2\/media?parent=93593"}],"wp:term":[{"taxonomy":"pwb-brand","embeddable":true,"href":"https:\/\/pim.fuglebutikken.no\/nb\/wp-json\/wp\/v2\/pwb-brand?post=93593"},{"taxonomy":"product_brand","embeddable":true,"href":"https:\/\/pim.fuglebutikken.no\/nb\/wp-json\/wp\/v2\/product_brand?post=93593"},{"taxonomy":"product_cat","embeddable":true,"href":"https:\/\/pim.fuglebutikken.no\/nb\/wp-json\/wp\/v2\/product_cat?post=93593"},{"taxonomy":"product_tag","embeddable":true,"href":"https:\/\/pim.fuglebutikken.no\/nb\/wp-json\/wp\/v2\/product_tag?post=93593"}],"curies":[{"name":"wp","href":"https:\/\/api.w.org\/{rel}","templated":true}]}}