{"id":93480,"date":"2023-10-05T11:56:41","date_gmt":"2023-10-05T09:56:41","guid":{"rendered":"https:\/\/83725a6903.nxcli.io\/?post_type=product&#038;p=93480"},"modified":"2023-10-06T19:20:39","modified_gmt":"2023-10-06T17:20:39","slug":"spill-dog-opoly-monopol","status":"publish","type":"product","link":"https:\/\/pim.fuglebutikken.no\/nb\/produkt\/spill-dog-opoly-monopol\/","title":{"rendered":"Spill Dog-opoly Monopol"},"content":{"rendered":"<h2>Spill Dog-opoly Monopol<\/h2>\n<p>Morsomt spill hvor man kj\u00f8per sin favoritt hund og samler p\u00e5 hundeleker for s\u00e5 \u00e5 bytte inn i store hundeben (i stede for aksjer mot penger som i vanlig monopol). Fungerer ellers som vanlig monopol, men med noen hund-spiser-hund tvister.<\/p>\n<p>Hundene er rangert fra liten til stor, Chihuahua til Grand danois. Baksiden av hvert skj\u00f8te best\u00e5r av fakta om hunderasen.<\/p>\n<p>Logrende g\u00f8yalt frem til man lander p\u00e5 Kennelen, da er du ute av spillet i 3 runder. S\u00e5 ta tak i b\u00e5ndet og Go Fetch! Hvem vet? Din hund kan kanskje vinne f\u00f8rsteplass i lydighet &#8211; eller du kan ende opp med \u00e5 f\u00e5 lopper!<\/p>\n<p>Lykke til, m\u00e5tte den beste hundeeier vinne!<\/p>\n<p>&nbsp;<\/p>","protected":false},"excerpt":{"rendered":"<h3>Spill Dog-opoly Monopol<\/h3>\n<p>Hunde-monopol, g\u00f8yal aktivitet for hele familien.<\/p>\n<p>Den perfekte gave til en hundeelsker.<\/p>","protected":false},"featured_media":93481,"comment_status":"closed","ping_status":"closed","template":"","meta":{"_uf_show_specific_survey":0,"_uf_disable_surveys":false},"pwb-brand":[7150],"product_brand":[],"product_cat":[3772,4927,1116,969,1464,1115],"product_tag":[],"class_list":{"0":"post-93480","1":"product","2":"type-product","3":"status-publish","4":"has-post-thumbnail","6":"pwb-brand-late-for-the-sky","7":"product_cat-dyreeier","8":"product_cat-gaver-gaveesker","9":"product_cat-hjernetrim","10":"product_cat-hund","11":"product_cat-hund-som-hobby","12":"product_cat-leker-hund","14":"first","15":"instock","16":"taxable","17":"shipping-taxable","18":"purchasable","19":"product-type-simple"},"exclude_global_add_ons":[],"addons":[],"brands":[{"id":7150,"name":"Late for the sky","slug":"late-for-the-sky"}],"_links":{"self":[{"href":"https:\/\/pim.fuglebutikken.no\/nb\/wp-json\/wp\/v2\/product\/93480","targetHints":{"allow":["GET"]}}],"collection":[{"href":"https:\/\/pim.fuglebutikken.no\/nb\/wp-json\/wp\/v2\/product"}],"about":[{"href":"https:\/\/pim.fuglebutikken.no\/nb\/wp-json\/wp\/v2\/types\/product"}],"replies":[{"embeddable":true,"href":"https:\/\/pim.fuglebutikken.no\/nb\/wp-json\/wp\/v2\/comments?post=93480"}],"wp:featuredmedia":[{"embeddable":true,"href":"https:\/\/pim.fuglebutikken.no\/nb\/wp-json\/wp\/v2\/media\/93481"}],"wp:attachment":[{"href":"https:\/\/pim.fuglebutikken.no\/nb\/wp-json\/wp\/v2\/media?parent=93480"}],"wp:term":[{"taxonomy":"pwb-brand","embeddable":true,"href":"https:\/\/pim.fuglebutikken.no\/nb\/wp-json\/wp\/v2\/pwb-brand?post=93480"},{"taxonomy":"product_brand","embeddable":true,"href":"https:\/\/pim.fuglebutikken.no\/nb\/wp-json\/wp\/v2\/product_brand?post=93480"},{"taxonomy":"product_cat","embeddable":true,"href":"https:\/\/pim.fuglebutikken.no\/nb\/wp-json\/wp\/v2\/product_cat?post=93480"},{"taxonomy":"product_tag","embeddable":true,"href":"https:\/\/pim.fuglebutikken.no\/nb\/wp-json\/wp\/v2\/product_tag?post=93480"}],"curies":[{"name":"wp","href":"https:\/\/api.w.org\/{rel}","templated":true}]}}