{"id":93331,"date":"2023-09-26T20:37:32","date_gmt":"2023-09-26T18:37:32","guid":{"rendered":"https:\/\/83725a6903.nxcli.io\/?post_type=product&#038;p=93331"},"modified":"2023-12-03T17:35:08","modified_gmt":"2023-12-03T16:35:08","slug":"dogsome-sorte-hundeforer-hansker","status":"publish","type":"product","link":"https:\/\/pim.fuglebutikken.no\/nb\/produkt\/dogsome-sorte-hundeforer-hansker\/","title":{"rendered":"Dogsome Sorte Hundef\u00f8rer Hansker"},"content":{"rendered":"<h2>Dogsome Sorte Hundef\u00f8rer Hansker<\/h2>\n<p>Vanntett med fleecef\u00f4r og glidel\u00e5s for bedre passform. Tilgjengelig i st\u00f8rrelsene XS, S, M, L, XL og XXL<\/p>\n<p>XS tilsvarer str 6<\/p>\n<p>S tilsvarer st\u00f8rrelse 7<\/p>\n<p>M tilsvarer str 8<\/p>\n<p>L tilsvarer str 9<\/p>\n<p>XL tilsvarer str 10<\/p>\n<p>XXL tilsvarer str 11<\/p>\n<p>&nbsp;<\/p>\n<div class=\"et_pb_module et_pb_wc_title et_pb_wc_title_0_tb_body et_pb_bg_layout_light\">\n<div class=\"et_pb_module_inner\">\n<p><img loading=\"lazy\" decoding=\"async\" class=\"wp-image-93119 alignleft\" src=\"https:\/\/fuglebutikken.no\/wp-content\/uploads\/2023\/09\/Design.png\" alt=\"Design Dogsome\" width=\"120\" height=\"120\" title=\"\" srcset=\"\/wp-content\/uploads\/2023\/09\/Design.png 190w, \/wp-content\/uploads\/2023\/09\/Design-150x150.png 150w, \/wp-content\/uploads\/2023\/09\/Design-160x160.png 160w, \/wp-content\/uploads\/2023\/09\/Design-64x64.png 64w\" sizes=\"auto, (max-width: 120px) 100vw, 120px\" \/><\/p>\n<p><strong>100 % dansk design<\/strong><br \/>\nVi bruker kun de beste materialene til produktene v\u00e5re.<\/p>\n<\/div>\n<\/div>\n<p>&nbsp;<\/p>\n<p>&nbsp;<\/p>\n<p><img loading=\"lazy\" decoding=\"async\" class=\"wp-image-93195 alignleft\" src=\"https:\/\/fuglebutikken.no\/wp-content\/uploads\/2023\/09\/Kundeservise.png\" alt=\"Kundeservise\" width=\"135\" height=\"135\" title=\"\" srcset=\"\/wp-content\/uploads\/2023\/09\/Kundeservise.png 190w, \/wp-content\/uploads\/2023\/09\/Kundeservise-150x150.png 150w, \/wp-content\/uploads\/2023\/09\/Kundeservise-160x160.png 160w, \/wp-content\/uploads\/2023\/09\/Kundeservise-64x64.png 64w\" sizes=\"auto, (max-width: 135px) 100vw, 135px\" \/><\/p>\n<p>&nbsp;<\/p>\n<p><strong>Kompetent kundeservice<\/strong><br \/>\nVi hjelper deg enkelt videre.<\/p>\n<p>&nbsp;<\/p>\n<p>&nbsp;<\/p>\n<p><a href=\"https:\/\/dogsome.no\/storrelsesskjema\/\" target=\"_blank\" rel=\"noopener\"><img loading=\"lazy\" decoding=\"async\" class=\"alignleft wp-image-819\" src=\"https:\/\/dogsome.no\/wp-content\/uploads\/sites\/29\/2023\/09\/Storrelse-300x300.png\" alt=\"St\u00f8rrelse\" width=\"129\" height=\"129\" title=\"\"><\/a><\/p>\n<p>&nbsp;<\/p>\n<p><b>Finn din st\u00f8rrelse<br \/>\n<\/b>Trykk\u00a0<a href=\"https:\/\/dogsome.no\/storrelsesskjema\/\" target=\"_blank\" rel=\"noopener\">HER<\/a>\u00a0for link til st\u00f8rrelser<\/p>\n<p>&nbsp;<\/p>\n<p>&nbsp;<\/p>\n<p>&nbsp;<\/p>","protected":false},"excerpt":{"rendered":"<h3>Dogsome Sorte Hundef\u00f8rer Hansker<\/h3>\n<p>Dogsome unisex hanske, perfekt til turer i kaldt og surt v\u00e6r, b\u00e5de h\u00f8st, vinter og v\u00e5r. Med godt grep er disse fine \u00e5 bruke n\u00e5r du g\u00e5r tur med hunden, n\u00e5r hunden g\u00e5r spor, p\u00e5 ridetur, sykkeltur, skitur og ellers n\u00e5r man trenger \u00e5 holde hendene varme og t\u00f8rre.<\/p>","protected":false},"featured_media":93332,"comment_status":"closed","ping_status":"closed","template":"","meta":{"_uf_show_specific_survey":0,"_uf_disable_surveys":false},"pwb-brand":[7113],"product_brand":[],"product_cat":[7114,4127,3772,3404,5320,7116,7127,1156,2939,2112,3486,994,997,5319],"product_tag":[936],"class_list":{"0":"post-93331","1":"product","2":"type-product","3":"status-publish","4":"has-post-thumbnail","6":"pwb-brand-dogsome","7":"product_cat-dame","8":"product_cat-dame-hansker-votter","9":"product_cat-dyreeier","10":"product_cat-friluftsliv","11":"product_cat-hansker","12":"product_cat-herre","13":"product_cat-herre-hansker-votter","14":"product_cat-hundeforer","15":"product_cat-jakt","16":"product_cat-sporutstyr","17":"product_cat-tilbehor-hundetrening","18":"product_cat-trening","19":"product_cat-tur-og-sykkel","20":"product_cat-vinter","21":"product_tag-hanske","23":"first","24":"instock","25":"taxable","26":"shipping-taxable","27":"purchasable","28":"product-type-variable","29":"has-default-attributes"},"exclude_global_add_ons":[],"addons":[],"brands":[{"id":7113,"name":"Dogsome","slug":"dogsome"}],"_links":{"self":[{"href":"https:\/\/pim.fuglebutikken.no\/nb\/wp-json\/wp\/v2\/product\/93331","targetHints":{"allow":["GET"]}}],"collection":[{"href":"https:\/\/pim.fuglebutikken.no\/nb\/wp-json\/wp\/v2\/product"}],"about":[{"href":"https:\/\/pim.fuglebutikken.no\/nb\/wp-json\/wp\/v2\/types\/product"}],"replies":[{"embeddable":true,"href":"https:\/\/pim.fuglebutikken.no\/nb\/wp-json\/wp\/v2\/comments?post=93331"}],"wp:featuredmedia":[{"embeddable":true,"href":"https:\/\/pim.fuglebutikken.no\/nb\/wp-json\/wp\/v2\/media\/93332"}],"wp:attachment":[{"href":"https:\/\/pim.fuglebutikken.no\/nb\/wp-json\/wp\/v2\/media?parent=93331"}],"wp:term":[{"taxonomy":"pwb-brand","embeddable":true,"href":"https:\/\/pim.fuglebutikken.no\/nb\/wp-json\/wp\/v2\/pwb-brand?post=93331"},{"taxonomy":"product_brand","embeddable":true,"href":"https:\/\/pim.fuglebutikken.no\/nb\/wp-json\/wp\/v2\/product_brand?post=93331"},{"taxonomy":"product_cat","embeddable":true,"href":"https:\/\/pim.fuglebutikken.no\/nb\/wp-json\/wp\/v2\/product_cat?post=93331"},{"taxonomy":"product_tag","embeddable":true,"href":"https:\/\/pim.fuglebutikken.no\/nb\/wp-json\/wp\/v2\/product_tag?post=93331"}],"curies":[{"name":"wp","href":"https:\/\/api.w.org\/{rel}","templated":true}]}}