{"id":93196,"date":"2023-09-23T00:12:02","date_gmt":"2023-09-22T22:12:02","guid":{"rendered":"https:\/\/83725a6903.nxcli.io\/?post_type=product&#038;p=93196"},"modified":"2024-02-10T14:01:35","modified_gmt":"2024-02-10T13:01:35","slug":"dogsome-second-element-vinterjakke","status":"publish","type":"product","link":"https:\/\/pim.fuglebutikken.no\/nb\/produkt\/dogsome-second-element-vinterjakke\/","title":{"rendered":"Dogsome Second Element Vinterjakke"},"content":{"rendered":"<h2>Dogsome Second Element Vinterjakke, Hundef\u00f8rer Herre<\/h2>\n<p>????\u00a0<strong>Oppdag v\u00e5r Second Element-vinterjakke \u2013 den ultimate vinterjakken til alle herrer p\u00e5 tur!<\/strong>\u00a0????<\/p>\n<div class=\"et_pb_module et_pb_wc_title et_pb_wc_title_0_tb_body et_pb_bg_layout_light\">\n<div class=\"et_pb_module_inner\">\n<p>N\u00e5r kulden og vinterens utfordringer st\u00e5r for d\u00f8ren, er det avgj\u00f8rende med riktig beskyttelse.<br \/>\nV\u00e5r Second Element vinterjakke er laget med omhu og presisjon for \u00e5 m\u00f8te alle dine behov i den kalde \u00e5rstiden. Ved \u00e5 kombinere stil, funksjon og kvalitet er denne jakken et riktig valg for den moderne eventyreren. Samtidig er den ogs\u00e5 perfekt for den kresne hundef\u00f8reren med jakkens rene utseende og funksjonalitet. Den er multifunksjonell og kan brukes til nesten enhver anledning.<\/p>\n<p>????\ufe0f\u00a0<strong>100 % vind- og vanntett:<\/strong>\u00a0Enten det er en sn\u00f8rik dag i byen eller en villmarksekspedisjon, beskytter v\u00e5r vinterjakke deg mot de hardeste elementene. Takket v\u00e6re en spesialdesignet vanntett og vindtett membran og overflatevoksing med BIONIC-FINISH\u00aeECO, kan du stole p\u00e5 at du holder deg t\u00f8rr og varm.<\/p>\n<p>\u2744\ufe0f\u00a0<strong>Optimal temperaturregulering:<\/strong>\u00a0Vi forst\u00e5r at komfort er n\u00f8kkelen. Derfor har vi tatt inn glidel\u00e5ser for ventilasjon under armene, slik at du kan justere temperaturen og unng\u00e5 overoppheting n\u00e5r aktivitetsniv\u00e5et \u00f8ker.<\/p>\n<p>????<strong>\u00a0Robuste YKK-glidel\u00e5ser:<\/strong>\u00a0Kvalitet er avgj\u00f8rende. Derfor bruker vi kun originale YKK-glidel\u00e5ser i alle v\u00e5re jakker. De er ikke bare vind- og vanntette, men ogs\u00e5 utrolig slitesterke, s\u00e5 jakken din forblir p\u00e5litelig sesong etter sesong.<\/p>\n<p>????\u00a0<strong>Smart Oppbevaring:<\/strong> Med en stor baklomme som kan doble st\u00f8rrelsen f\u00e5r du rikelig med oppbevaringsplass til dine n\u00f8dvendigheter, enten det er leker eller apporter til hunden eller andre ting du trenger p\u00e5 turen, det er plass til det meste i denne store lommen. Vi har ogs\u00e5 tenkt p\u00e5 din komfort med fleecef\u00f4r i de to fremre h\u00e5ndlommene og en skjult klikkerlomme ved h\u00e5ndleddet, alt for \u00e5 gj\u00f8re hverdagen din enklere.<\/p>\n<p>????\u00a0<strong>Komplett beskyttelse:<\/strong> Vinterjakken v\u00e5r har avtagbar hette og ekstra fleece- og skumf\u00f4r i nakken og halsen. Dette gir deg den ultimate beskyttelsen og komforten i vinterkulden.<\/p>\n<p>Med Second Element vinterjakke er du klar til \u00e5 omfavne vinteren med stil og selvtillit. Denne fantastiske jakken er ikke bare en investering i mote, men ogs\u00e5 i komfort og slitestyrke som vil vare i mange \u00e5r fremover.<\/p>\n<p>Gj\u00f8r deg klar til \u00e5 erobre vinteren i Second Element vinterjakke \u2013 din p\u00e5litelige partner i kulden! Bestill jakken din i dag og v\u00e6r klar for eventyr.<\/p>\n<p>MERK: En original Dogsome-klikker er inkludert i alle jakker.<\/p>\n<ul>\n<li>Jakken har totalt 13 lommer.<\/li>\n<li>Den har en justerbar og avtagbar hette.<\/li>\n<li>Jakken kommer med klikker som passer i h\u00f8yre armlomme.<\/li>\n<li>YKK kvalitetsglidel\u00e5ser<\/li>\n<li>Med knapper i rustfritt st\u00e5l<\/li>\n<li>Vaskeanvisning 40 gr. (vask uten enzymer og t\u00f8ymykner).<\/li>\n<li>65% polyester, 35% bomull<\/li>\n<\/ul>\n<\/div>\n<\/div>\n<p><img loading=\"lazy\" decoding=\"async\" class=\"wp-image-93119 alignleft\" src=\"https:\/\/fuglebutikken.no\/wp-content\/uploads\/2023\/09\/Design.png\" alt=\"Design Dogsome\" width=\"138\" height=\"138\" title=\"\" srcset=\"\/wp-content\/uploads\/2023\/09\/Design.png 190w, \/wp-content\/uploads\/2023\/09\/Design-150x150.png 150w, \/wp-content\/uploads\/2023\/09\/Design-160x160.png 160w, \/wp-content\/uploads\/2023\/09\/Design-64x64.png 64w\" sizes=\"auto, (max-width: 138px) 100vw, 138px\" \/><\/p>\n<p>&nbsp;<\/p>\n<p><strong>100 % dansk design<\/strong><br \/>\nVi bruker kun de beste materialene til produktene v\u00e5re.<\/p>\n<p>&nbsp;<\/p>\n<p>&nbsp;<\/p>\n<p><img loading=\"lazy\" decoding=\"async\" class=\"wp-image-93195 alignleft\" src=\"https:\/\/fuglebutikken.no\/wp-content\/uploads\/2023\/09\/Kundeservise.png\" alt=\"Kundeservise\" width=\"145\" height=\"145\" title=\"\" srcset=\"\/wp-content\/uploads\/2023\/09\/Kundeservise.png 190w, \/wp-content\/uploads\/2023\/09\/Kundeservise-150x150.png 150w, \/wp-content\/uploads\/2023\/09\/Kundeservise-160x160.png 160w, \/wp-content\/uploads\/2023\/09\/Kundeservise-64x64.png 64w\" sizes=\"auto, (max-width: 145px) 100vw, 145px\" \/><\/p>\n<p>&nbsp;<\/p>\n<p>&nbsp;<\/p>\n<p><strong>Kompetent kundeservice<\/strong><br \/>\nVi hjelper deg enkelt videre.<\/p>\n<p>&nbsp;<\/p>\n<p><a href=\"https:\/\/dogsome.no\/storrelsesskjema\/\" target=\"_blank\" rel=\"noopener\"><img loading=\"lazy\" decoding=\"async\" class=\"wp-image-819 alignleft\" title=\"Dogsome Dame All Year Offroad performance bukser 3 PIM\" src=\"https:\/\/dogsome.no\/wp-content\/uploads\/sites\/29\/2023\/09\/Storrelse-300x300.png\" alt=\"St\u00f8rrelse\" width=\"129\" height=\"129\" \/><\/a><\/p>\n<p>&nbsp;<\/p>\n<p><b>Finn din st\u00f8rrelse<br \/>\n<\/b>Trykk\u00a0<a href=\"https:\/\/dogsome.no\/storrelsesskjema\/\" target=\"_blank\" rel=\"noopener\">HER<\/a>\u00a0for link til st\u00f8rrelser<\/p>\n<p>&nbsp;<\/p>\n<p>&nbsp;<\/p>","protected":false},"excerpt":{"rendered":"<h3>Dogsome Second Element Vinterjakke, Hundef\u00f8rer Herre<\/h3>\n<p>Denne lekre hundef\u00f8rer vinterjakken fra Dogsome er ikke bare praktisk, varm og funksjonell, men den ser ogs\u00e5 flott ut. Med sitt trendy og avslappede, men samtidig stilige elegante design, er den lett \u00e5 kombinere med b\u00e5de jeans og joggebukse for en avslappet look eller med utend\u00f8rsbukser for en tur i naturen eller treningsbanen, eller til og med som en fin jakke n\u00e5r du skal ut og treffe venner. Den er med andre ord multifunksjonell.<\/p>","protected":false},"featured_media":93213,"comment_status":"closed","ping_status":"closed","template":"","meta":{"_uf_show_specific_survey":0,"_uf_disable_surveys":false},"pwb-brand":[7113],"product_brand":[],"product_cat":[3772,3404,7116,7126,1156,7139,3486,994,997,5319],"product_tag":[3521,3429],"class_list":{"0":"post-93196","1":"product","2":"type-product","3":"status-publish","4":"has-post-thumbnail","6":"pwb-brand-dogsome","7":"product_cat-dyreeier","8":"product_cat-friluftsliv","9":"product_cat-herre","10":"product_cat-herrejakke-vest","11":"product_cat-hundeforer","12":"product_cat-jakke-vest","13":"product_cat-tilbehor-hundetrening","14":"product_cat-trening","15":"product_cat-tur-og-sykkel","16":"product_cat-vinter","17":"product_tag-jakke","18":"product_tag-vinterjakke","20":"first","21":"instock","22":"taxable","23":"shipping-taxable","24":"purchasable","25":"product-type-variable","26":"has-default-attributes"},"exclude_global_add_ons":[],"addons":[],"brands":[{"id":7113,"name":"Dogsome","slug":"dogsome"}],"_links":{"self":[{"href":"https:\/\/pim.fuglebutikken.no\/nb\/wp-json\/wp\/v2\/product\/93196","targetHints":{"allow":["GET"]}}],"collection":[{"href":"https:\/\/pim.fuglebutikken.no\/nb\/wp-json\/wp\/v2\/product"}],"about":[{"href":"https:\/\/pim.fuglebutikken.no\/nb\/wp-json\/wp\/v2\/types\/product"}],"replies":[{"embeddable":true,"href":"https:\/\/pim.fuglebutikken.no\/nb\/wp-json\/wp\/v2\/comments?post=93196"}],"wp:featuredmedia":[{"embeddable":true,"href":"https:\/\/pim.fuglebutikken.no\/nb\/wp-json\/wp\/v2\/media\/93213"}],"wp:attachment":[{"href":"https:\/\/pim.fuglebutikken.no\/nb\/wp-json\/wp\/v2\/media?parent=93196"}],"wp:term":[{"taxonomy":"pwb-brand","embeddable":true,"href":"https:\/\/pim.fuglebutikken.no\/nb\/wp-json\/wp\/v2\/pwb-brand?post=93196"},{"taxonomy":"product_brand","embeddable":true,"href":"https:\/\/pim.fuglebutikken.no\/nb\/wp-json\/wp\/v2\/product_brand?post=93196"},{"taxonomy":"product_cat","embeddable":true,"href":"https:\/\/pim.fuglebutikken.no\/nb\/wp-json\/wp\/v2\/product_cat?post=93196"},{"taxonomy":"product_tag","embeddable":true,"href":"https:\/\/pim.fuglebutikken.no\/nb\/wp-json\/wp\/v2\/product_tag?post=93196"}],"curies":[{"name":"wp","href":"https:\/\/api.w.org\/{rel}","templated":true}]}}