{"id":93130,"date":"2023-09-21T22:31:48","date_gmt":"2023-09-21T20:31:48","guid":{"rendered":"https:\/\/83725a6903.nxcli.io\/?post_type=product&#038;p=93130"},"modified":"2024-02-10T14:01:36","modified_gmt":"2024-02-10T13:01:36","slug":"dogsome-tricker-stretch-hoodie","status":"publish","type":"product","link":"https:\/\/pim.fuglebutikken.no\/nb\/produkt\/dogsome-tricker-stretch-hoodie\/","title":{"rendered":"Dogsome Tricker Stretch Hoodie Unisex"},"content":{"rendered":"<h2>Dogsome Tricker Stretch Hoodie Unisex<\/h2>\n<p>Den deilige Tricker-hettegenseren fra Dogsome har praktiske store sidelommer og store gjennomg\u00e5ende baklommer og hette, er pustende og elastisk og er f\u00f4ret med myk, termoregulerende fleece som s\u00f8rger for h\u00f8y komfort, uansett form\u00e5l.<\/p>\n<p>Denne hettegenseren er designet slik at den kan passe inn i systemet sammen med Tricker jakken 2 in One fra Dogsome. Denne genseren kan festes sammen med vesten og brukes isteden for den ellers inkluderte Tricker-fleece.<\/p>\n<ul>\n<li>YKK kvalitetsglidel\u00e5ser hele veien.<\/li>\n<li>Smart spenning nederst p\u00e5 Tricker-hettegenseren.<\/li>\n<li>To store innerlommer.<\/li>\n<li>Store gjennomg\u00e5ende baklommer som kan skjules og lukkes med glidel\u00e5s.<\/li>\n<li>Erme\u00e5pning med hull for tommel<\/li>\n<li>Kan vaskes p\u00e5 30 grader<\/li>\n<li>Tilgjengelig i st\u00f8rrelsene XS \u2013 3 XL for b\u00e5de menn og kvinner.<\/li>\n<\/ul>\n<p>Vekt i st\u00f8rrelse M, 680 gram<\/p>\n<div class=\"et_pb_module et_pb_wc_title et_pb_wc_title_0_tb_body et_pb_bg_layout_light\">\n<div class=\"et_pb_module_inner\">\n<p><img loading=\"lazy\" decoding=\"async\" class=\"wp-image-93119 alignleft\" title=\"Dogsome Herre All Year-Off-road performance bukser 1 PIM\" src=\"https:\/\/fuglebutikken.no\/wp-content\/uploads\/2023\/09\/Design.png\" alt=\"Design Dogsome\" width=\"120\" height=\"120\" srcset=\"\/wp-content\/uploads\/2023\/09\/Design.png 190w, \/wp-content\/uploads\/2023\/09\/Design-150x150.png 150w, \/wp-content\/uploads\/2023\/09\/Design-160x160.png 160w, \/wp-content\/uploads\/2023\/09\/Design-64x64.png 64w\" sizes=\"auto, (max-width: 120px) 100vw, 120px\" \/><\/p>\n<p><strong>100 % dansk design<\/strong><br \/>\nVi bruker kun de beste materialene til produktene v\u00e5re.<\/p>\n<\/div>\n<\/div>\n<p>&nbsp;<\/p>\n<p>&nbsp;<\/p>\n<p><img loading=\"lazy\" decoding=\"async\" class=\"wp-image-93195 alignleft\" title=\"Dogsome Herre All Year-Off-road performance bukser 2 PIM\" src=\"https:\/\/fuglebutikken.no\/wp-content\/uploads\/2023\/09\/Kundeservise.png\" alt=\"Kundeservise\" width=\"135\" height=\"135\" srcset=\"\/wp-content\/uploads\/2023\/09\/Kundeservise.png 190w, \/wp-content\/uploads\/2023\/09\/Kundeservise-150x150.png 150w, \/wp-content\/uploads\/2023\/09\/Kundeservise-160x160.png 160w, \/wp-content\/uploads\/2023\/09\/Kundeservise-64x64.png 64w\" sizes=\"auto, (max-width: 135px) 100vw, 135px\" \/><\/p>\n<p>&nbsp;<\/p>\n<p><strong>Kompetent kundeservice<\/strong><br \/>\nVi hjelper deg enkelt videre.<\/p>\n<p>&nbsp;<\/p>\n<p>&nbsp;<\/p>\n<p><a href=\"https:\/\/dogsome.no\/storrelsesskjema\/\" target=\"_blank\" rel=\"noopener\"><img loading=\"lazy\" decoding=\"async\" class=\"alignleft wp-image-819\" title=\"Dogsome Herre All Year-Off-road performance bukser 3 PIM\" src=\"https:\/\/dogsome.no\/wp-content\/uploads\/sites\/29\/2023\/09\/Storrelse-300x300.png\" alt=\"St\u00f8rrelse\" width=\"129\" height=\"129\" \/><\/a><\/p>\n<p>&nbsp;<\/p>\n<p><b>Finn din st\u00f8rrelse<br \/>\n<\/b>Trykk\u00a0<a href=\"https:\/\/dogsome.no\/storrelsesskjema\/\" target=\"_blank\" rel=\"noopener\">HER<\/a>\u00a0for link til st\u00f8rrelser<\/p>\n<p>&nbsp;<\/p>\n<p>&nbsp;<\/p>","protected":false},"excerpt":{"rendered":"<h3>Dogsome Tricker Stretch Hoodie Unisex<\/h3>\n<p>Den deilige Tricker-hettegenseren fra Dogsome har praktiske store sidelommer og store gjennomg\u00e5ende baklommer, hette, er pustende og elastisk og er f\u00f4ret med myk, termoregulerende fleece som s\u00f8rger for h\u00f8y komfort, uansett form\u00e5l. Tricker-hettegenseren er tettsittende s\u00e5 den er fin \u00e5 bruke som et ekstra lag under en jakke uten \u00e5 ta for mye plass. Den fungerer veldig bra alene p\u00e5 en varm dag eller under en skalljakke eller vest p\u00e5 en kj\u00f8ligere dag.<\/p>\n<p>En myk genser med mye stretch, som raskt vil bli din nye favoritt!<\/p>\n<p>&nbsp;<\/p>","protected":false},"featured_media":93140,"comment_status":"closed","ping_status":"closed","template":"","meta":{"_uf_show_specific_survey":0,"_uf_disable_surveys":false},"pwb-brand":[7113],"product_brand":[],"product_cat":[7114,3772,3404,7116,7128,7115,7139,3486,994,997,7125],"product_tag":[3521],"class_list":{"0":"post-93130","1":"product","2":"type-product","3":"status-publish","4":"has-post-thumbnail","6":"pwb-brand-dogsome","7":"product_cat-dame","8":"product_cat-dyreeier","9":"product_cat-friluftsliv","10":"product_cat-herre","11":"product_cat-herre-hoodie","12":"product_cat-hoodie","13":"product_cat-jakke-vest","14":"product_cat-tilbehor-hundetrening","15":"product_cat-trening","16":"product_cat-tur-og-sykkel","17":"product_cat-unisex","18":"product_tag-jakke","20":"first","21":"instock","22":"taxable","23":"shipping-taxable","24":"purchasable","25":"product-type-variable","26":"has-default-attributes"},"exclude_global_add_ons":[],"addons":[],"brands":[{"id":7113,"name":"Dogsome","slug":"dogsome"}],"_links":{"self":[{"href":"https:\/\/pim.fuglebutikken.no\/nb\/wp-json\/wp\/v2\/product\/93130","targetHints":{"allow":["GET"]}}],"collection":[{"href":"https:\/\/pim.fuglebutikken.no\/nb\/wp-json\/wp\/v2\/product"}],"about":[{"href":"https:\/\/pim.fuglebutikken.no\/nb\/wp-json\/wp\/v2\/types\/product"}],"replies":[{"embeddable":true,"href":"https:\/\/pim.fuglebutikken.no\/nb\/wp-json\/wp\/v2\/comments?post=93130"}],"wp:featuredmedia":[{"embeddable":true,"href":"https:\/\/pim.fuglebutikken.no\/nb\/wp-json\/wp\/v2\/media\/93140"}],"wp:attachment":[{"href":"https:\/\/pim.fuglebutikken.no\/nb\/wp-json\/wp\/v2\/media?parent=93130"}],"wp:term":[{"taxonomy":"pwb-brand","embeddable":true,"href":"https:\/\/pim.fuglebutikken.no\/nb\/wp-json\/wp\/v2\/pwb-brand?post=93130"},{"taxonomy":"product_brand","embeddable":true,"href":"https:\/\/pim.fuglebutikken.no\/nb\/wp-json\/wp\/v2\/product_brand?post=93130"},{"taxonomy":"product_cat","embeddable":true,"href":"https:\/\/pim.fuglebutikken.no\/nb\/wp-json\/wp\/v2\/product_cat?post=93130"},{"taxonomy":"product_tag","embeddable":true,"href":"https:\/\/pim.fuglebutikken.no\/nb\/wp-json\/wp\/v2\/product_tag?post=93130"}],"curies":[{"name":"wp","href":"https:\/\/api.w.org\/{rel}","templated":true}]}}