{"id":91802,"date":"2023-07-05T09:59:14","date_gmt":"2023-07-05T07:59:14","guid":{"rendered":"https:\/\/83725a6903.nxcli.io\/?post_type=product&#038;p=91802"},"modified":"2023-07-05T10:03:07","modified_gmt":"2023-07-05T08:03:07","slug":"kjolematte-til-hund-bla","status":"publish","type":"product","link":"https:\/\/pim.fuglebutikken.no\/nb\/produkt\/kjolematte-til-hund-bla\/","title":{"rendered":"Kj\u00f8lematte til hund bl\u00e5"},"content":{"rendered":"<p>Kj\u00f8lematte til hund<\/p>\n<p>Bruk: Plasser helt enkelt Cooling Mat p\u00e5 en passende plass der din hund foretrekker \u00e5 ligge. Matten begynner umiddelbart \u00e5 absorbere varme og hjelper til \u00e5 holde din hund kald i to til fem timer.<\/p>\n<p>Etter bruk la matten ligge til den blir kald eller legg ned i kaldt vann. For kjappere avkj\u00f8ling legg den i kj\u00f8leskapet i 30-60 min f\u00f8r bruk.<\/p>\n<p>Matten kan brukes i bilen, i buret, sengen eller hvor som helst ellers der hunden trenger \u00e5 kj\u00f8le seg ned.<\/p>\n<p>Rengj\u00f8ring: T\u00f8rk over matten med en fuktig klut, med eller uten s\u00e5pe. Pass p\u00e5 at man f\u00e5r bort alle s\u00e5perestene om man bruker det.<\/p>\n<p>Matten b\u00f8r ikke ligge i direkte sollys.<br \/>\nKj\u00f8lemattert t\u00e5ler ikke maskinvask.<\/p>","protected":false},"excerpt":{"rendered":"<p>Kj\u00f8lematte til hund<\/p>\n<p>Cooling Mat er laget av PVC vannbestandig polyester og inneholder gel. Gel er veldig effektivt n\u00e5r det gjelder kj\u00f8ling fordi det absorberer varme konstant i 2-5 timer.<\/p>","protected":false},"featured_media":91807,"comment_status":"closed","ping_status":"closed","template":"","meta":{"_uf_show_specific_survey":0,"_uf_disable_surveys":false},"pwb-brand":[3954],"product_brand":[],"product_cat":[969,989,988,4572,1006],"product_tag":[2691,2718,1004],"class_list":{"0":"post-91802","1":"product","2":"type-product","3":"status-publish","4":"has-post-thumbnail","6":"pwb-brand-ozami","7":"product_cat-hund","8":"product_cat-madrass","9":"product_cat-senger-madrasser-tepper","10":"product_cat-sommer","11":"product_cat-utegard-hundehus-og-avkjoling","12":"product_tag-avkjoling","13":"product_tag-kjoling","14":"product_tag-sommer-varme","16":"first","17":"instock","18":"taxable","19":"shipping-taxable","20":"purchasable","21":"product-type-variable","22":"has-default-attributes"},"exclude_global_add_ons":[],"addons":[],"brands":[{"id":3954,"name":"Ozami","slug":"ozami"}],"_links":{"self":[{"href":"https:\/\/pim.fuglebutikken.no\/nb\/wp-json\/wp\/v2\/product\/91802","targetHints":{"allow":["GET"]}}],"collection":[{"href":"https:\/\/pim.fuglebutikken.no\/nb\/wp-json\/wp\/v2\/product"}],"about":[{"href":"https:\/\/pim.fuglebutikken.no\/nb\/wp-json\/wp\/v2\/types\/product"}],"replies":[{"embeddable":true,"href":"https:\/\/pim.fuglebutikken.no\/nb\/wp-json\/wp\/v2\/comments?post=91802"}],"wp:featuredmedia":[{"embeddable":true,"href":"https:\/\/pim.fuglebutikken.no\/nb\/wp-json\/wp\/v2\/media\/91807"}],"wp:attachment":[{"href":"https:\/\/pim.fuglebutikken.no\/nb\/wp-json\/wp\/v2\/media?parent=91802"}],"wp:term":[{"taxonomy":"pwb-brand","embeddable":true,"href":"https:\/\/pim.fuglebutikken.no\/nb\/wp-json\/wp\/v2\/pwb-brand?post=91802"},{"taxonomy":"product_brand","embeddable":true,"href":"https:\/\/pim.fuglebutikken.no\/nb\/wp-json\/wp\/v2\/product_brand?post=91802"},{"taxonomy":"product_cat","embeddable":true,"href":"https:\/\/pim.fuglebutikken.no\/nb\/wp-json\/wp\/v2\/product_cat?post=91802"},{"taxonomy":"product_tag","embeddable":true,"href":"https:\/\/pim.fuglebutikken.no\/nb\/wp-json\/wp\/v2\/product_tag?post=91802"}],"curies":[{"name":"wp","href":"https:\/\/api.w.org\/{rel}","templated":true}]}}