{"id":91738,"date":"2023-06-29T14:42:45","date_gmt":"2023-06-29T12:42:45","guid":{"rendered":"https:\/\/83725a6903.nxcli.io\/?post_type=product&#038;p=91738"},"modified":"2024-03-15T09:38:22","modified_gmt":"2024-03-15T08:38:22","slug":"eukanuba-senior-medium-breed","status":"publish","type":"product","link":"https:\/\/pim.fuglebutikken.no\/nb\/produkt\/eukanuba-senior-medium-breed\/","title":{"rendered":"Eukanuba Senior Medium Breed"},"content":{"rendered":"<div id=\"description_full\" class=\"collapse dropdown\"><strong>Produktbeskrivelse<\/strong><\/div>\n<div class=\"dropdown-content\">\n<h2>Eukanuba Senior Medium Breed<\/h2>\n<div class=\"shopbox review-container\">\n<div class=\"lh-2\">\n<div id=\"grade_1\" class=\"icon star large\" title=\"Gjennomsnitt anmeldelser: 5.0 (1 Stemme). Gi en anmeldelse p\u00e5 dette produktet ved \u00e5 klikke p\u00e5 stjernene.\"><\/div>\n<\/div>\n<\/div>\n<div class=\"dropdown-content\">\n<div class=\"dropdown-content\">\n<p>Eukanuba Senior Medium inneholder n\u00f8ye utvalgte r\u00e5varer, med kun animalske proteinkilder. Niv\u00e5ene av protein, fett og karbohydrater er anpasset til \u00e5 matche en eldre hunds behov. Kalsium styrker skjelettet, og omega 3 og 6 fremmer en frisk pels og hud. F\u00f4ret passer til mellomstore hunder (10-25 kg) over 10\u00a0\u00e5r.<\/p>\n<p>&nbsp;<\/p>\n<\/div>\n<div id=\"description_full\" class=\"dropdown collapse\"><strong>Ingredienser<\/strong><\/div>\n<div class=\"dropdown-content\">\n<p>t\u00f8rret kylling &amp; kalkun 21% (indeholder kylling 13%), fersk kylling (16%), majs, hvede, fjerkr\u00e6fedt, havre, fiskemel, ris, byg, t\u00f8rret roepulp (3.0%), kyllingesovs, t\u00f8rrede hel\u00e6g, mineralstoffer (indeholder natrium hexametafosfat (0.34%)), fructooligosaccharider (0.38%), fiskeolie, mannanoligosaccharider, glucosamin (fra dyrev\u00e6v)(0.04%), chondroitinsulfat (0.004%).<\/p>\n<\/div>\n<div id=\"description_full\" class=\"dropdown collapse\"><strong>N\u00e6ringsinnhold<\/strong><\/div>\n<div class=\"dropdown-content\">\n<p>Protein 28%, fedtindhold 15%, omega-6 fedtsyrer 3.1%, omega-3 fedtsyrer 0.51%, r\u00e5aske 6.3%, tr\u00e6stof 2.5%, calcium 1.3%, fosfor 1.2%.<\/p>\n<\/div>\n<div id=\"description_full\" class=\"dropdown collapse\"><strong>Tilsatte n\u00e6ringsstoffer<\/strong><\/div>\n<div class=\"dropdown-content\">\n<p>Vitaminer: A-vitamin 47485IU, C-vitamin 59mg, D? vitamin 1576IU, E-vitamin 264mg, betacaroten 5.2mg, L-carnitin 50mg. Sporstoffer: kuprisulfat-pentahydrat (kobber) 13mg, kaliumiodid (jod) 2.5mg, jernsulfat-monohydrat (jern) 67mg, mangansulfat-monohydrat (mangan) 39mg, zinkoxid (zink) 112mg. Antioxidanter: (naturlig) tocopherolekstrakter af vegetabilsk olie 100mg. Aromastoffer: \u00f8kologisk rosmarinekstrakt 49mg, teekstrakt 25mg, palmeliljeekstrakt 250mg.<\/p>\n<\/div>\n<\/div>\n<\/div>","protected":false},"excerpt":{"rendered":"<h3>Eukanuba Senior Medium Breed<\/h3>\n<div>H\u00f8ykvalitets t\u00f8rrf\u00f4r til mellomstore hunder over 10 \u00e5r.<\/div>","protected":false},"featured_media":91744,"comment_status":"closed","ping_status":"closed","template":"","meta":{"_uf_show_specific_survey":0,"_uf_disable_surveys":false},"pwb-brand":[3860],"product_brand":[],"product_cat":[969,2892,1076,3343,1119],"product_tag":[],"class_list":{"0":"post-91738","1":"product","2":"type-product","3":"status-publish","4":"has-post-thumbnail","6":"pwb-brand-eukanuba","7":"product_cat-hund","8":"product_cat-eukanuba-hund","9":"product_cat-hundemat-og-kosttilskudd","10":"product_cat-seniorfor-hund","11":"product_cat-torrfor-hundemat-og-kosttilskudd","13":"first","14":"instock","15":"taxable","16":"shipping-taxable","17":"purchasable","18":"product-type-variable","19":"has-default-attributes"},"exclude_global_add_ons":[],"addons":[],"brands":[{"id":3860,"name":"Eukanuba","slug":"eukanuba"}],"_links":{"self":[{"href":"https:\/\/pim.fuglebutikken.no\/nb\/wp-json\/wp\/v2\/product\/91738","targetHints":{"allow":["GET"]}}],"collection":[{"href":"https:\/\/pim.fuglebutikken.no\/nb\/wp-json\/wp\/v2\/product"}],"about":[{"href":"https:\/\/pim.fuglebutikken.no\/nb\/wp-json\/wp\/v2\/types\/product"}],"replies":[{"embeddable":true,"href":"https:\/\/pim.fuglebutikken.no\/nb\/wp-json\/wp\/v2\/comments?post=91738"}],"wp:featuredmedia":[{"embeddable":true,"href":"https:\/\/pim.fuglebutikken.no\/nb\/wp-json\/wp\/v2\/media\/91744"}],"wp:attachment":[{"href":"https:\/\/pim.fuglebutikken.no\/nb\/wp-json\/wp\/v2\/media?parent=91738"}],"wp:term":[{"taxonomy":"pwb-brand","embeddable":true,"href":"https:\/\/pim.fuglebutikken.no\/nb\/wp-json\/wp\/v2\/pwb-brand?post=91738"},{"taxonomy":"product_brand","embeddable":true,"href":"https:\/\/pim.fuglebutikken.no\/nb\/wp-json\/wp\/v2\/product_brand?post=91738"},{"taxonomy":"product_cat","embeddable":true,"href":"https:\/\/pim.fuglebutikken.no\/nb\/wp-json\/wp\/v2\/product_cat?post=91738"},{"taxonomy":"product_tag","embeddable":true,"href":"https:\/\/pim.fuglebutikken.no\/nb\/wp-json\/wp\/v2\/product_tag?post=91738"}],"curies":[{"name":"wp","href":"https:\/\/api.w.org\/{rel}","templated":true}]}}