{"id":91730,"date":"2023-06-29T14:33:09","date_gmt":"2023-06-29T12:33:09","guid":{"rendered":"https:\/\/83725a6903.nxcli.io\/?post_type=product&#038;p=91730"},"modified":"2024-03-21T09:34:03","modified_gmt":"2024-03-21T08:34:03","slug":"eukanuba-junior-large-breed","status":"publish","type":"product","link":"https:\/\/pim.fuglebutikken.no\/nb\/produkt\/eukanuba-junior-large-breed\/","title":{"rendered":"Eukanuba Junior Large Breed"},"content":{"rendered":"<div id=\"description_full\" class=\"collapse dropdown\"><strong>Produktbeskrivelse<\/strong><\/div>\n<div class=\"dropdown-content\">\n<h2>Eukanuba Junior Large Breed<\/h2>\n<div class=\"shopbox review-container\">\n<div class=\"lh-2\">\n<div id=\"grade_1\" class=\"icon star large\" title=\"Gjennomsnitt anmeldelser: 5.0 (1 Stemme). Gi en anmeldelse p\u00e5 dette produktet ved \u00e5 klikke p\u00e5 stjernene.\"><\/div>\n<\/div>\n<\/div>\n<div class=\"dropdown-content\">\n<p>Eukanuba Junior Large Breed er et t\u00f8rrf\u00f4r som er spesielt tilpasset junior-hunder av store raser, som fremmer sunn vekst og utvikling. Eukanuba Developing Junior Large Breed er egnet for store hunderaser mellom 12 og 18 m\u00e5neder og ekstra store hunderaser mellom 14 og 24 m\u00e5neder. F\u00f4ret inneholder blant annet smakfull kylling og naturlige kilder til omega-3 og omega-6. Formen p\u00e5 f\u00f4rkulene hjelper ogs\u00e5 til \u00e5 ta vare p\u00e5 hundens tenner.<\/p>\n<p>&nbsp;<\/p>\n<\/div>\n<div id=\"description_full\" class=\"dropdown collapse\">Ingredienser<\/div>\n<div class=\"dropdown-content\">\n<p>Fersk kylling (20%), t\u00f8rret kylling &amp; kalkun 14% (indeholder kylling 8%), majsgrits, majs, hvede, fiskemel, havre, ris, fjerkr\u00e6fedt, byg, hirse, kyllingesovs, t\u00f8rret roepulp (2.5%), mineralstoffer (indeholder natrium hexametafosfat (0.33%)), t\u00f8rrede hel\u00e6g, fiskeolie, hydrolysat fra fisk, fructooligosaccharider (0.24%), \u00f8lg\u00e6r, mannanoligosaccharider.<\/p>\n<\/div>\n<div id=\"description_full\" class=\"dropdown collapse\">N\u00e6ringsinnhold<\/div>\n<div class=\"dropdown-content\">\n<p>protein 25%, fedtindhold 14%, omega-6 fedtsyrer 2.8%, omega-3 fedtsyrer 0.74%, r\u00e5aske 5.6%, tr\u00e6stof 2.1%, calcium 0.95%, fosfor 0.82%, DHA 0.18%.<\/p>\n<\/div>\n<div id=\"description_full\" class=\"dropdown collapse\">Tilsatte n\u00e6ringsstoffer<\/div>\n<div class=\"dropdown-content\">\n<p>Vitaminer: A-vitamin 47202IU, C-vitamin 59mg, D? vitamin 1566IU, E-vitamin 262mg, betacaroten 5.2mg. Sporstoffer: kuprisulfat-pentahydrat (kobber) 13mg, kaliumiodid (jod) 2.6mg, jernsulfat-monohydrat (jern) 68mg, mangansulfat-monohydrat (mangan) 39mg, zinkoxid (zink) 113mg. Antioxidanter: (naturlig) tocopherolekstrakter af vegetabilsk olie 107mg. Aromastoffer: \u00f8kologisk rosmarinekstrakt 51mg, teekstrakt 26mg, palmeliljeekstrakt 250mg.<\/p>\n<\/div>\n<\/div>","protected":false},"excerpt":{"rendered":"<h3>Eukanuba Junior Large Breed<\/h3>\n<div>Smakfullt t\u00f8rrf\u00f4r til voksende valper av store raser.<\/div>","protected":false},"featured_media":91734,"comment_status":"closed","ping_status":"closed","template":"","meta":{"_uf_show_specific_survey":0,"_uf_disable_surveys":false},"pwb-brand":[3860],"product_brand":[],"product_cat":[969,2892,1076,1119,3231,3344],"product_tag":[],"class_list":{"0":"post-91730","1":"product","2":"type-product","3":"status-publish","4":"has-post-thumbnail","6":"pwb-brand-eukanuba","7":"product_cat-hund","8":"product_cat-eukanuba-hund","9":"product_cat-hundemat-og-kosttilskudd","10":"product_cat-torrfor-hundemat-og-kosttilskudd","11":"product_cat-valp","12":"product_cat-valp-juniorfor","14":"first","15":"instock","16":"taxable","17":"shipping-taxable","18":"purchasable","19":"product-type-variable","20":"has-default-attributes"},"exclude_global_add_ons":[],"addons":[],"brands":[{"id":3860,"name":"Eukanuba","slug":"eukanuba"}],"_links":{"self":[{"href":"https:\/\/pim.fuglebutikken.no\/nb\/wp-json\/wp\/v2\/product\/91730","targetHints":{"allow":["GET"]}}],"collection":[{"href":"https:\/\/pim.fuglebutikken.no\/nb\/wp-json\/wp\/v2\/product"}],"about":[{"href":"https:\/\/pim.fuglebutikken.no\/nb\/wp-json\/wp\/v2\/types\/product"}],"replies":[{"embeddable":true,"href":"https:\/\/pim.fuglebutikken.no\/nb\/wp-json\/wp\/v2\/comments?post=91730"}],"wp:featuredmedia":[{"embeddable":true,"href":"https:\/\/pim.fuglebutikken.no\/nb\/wp-json\/wp\/v2\/media\/91734"}],"wp:attachment":[{"href":"https:\/\/pim.fuglebutikken.no\/nb\/wp-json\/wp\/v2\/media?parent=91730"}],"wp:term":[{"taxonomy":"pwb-brand","embeddable":true,"href":"https:\/\/pim.fuglebutikken.no\/nb\/wp-json\/wp\/v2\/pwb-brand?post=91730"},{"taxonomy":"product_brand","embeddable":true,"href":"https:\/\/pim.fuglebutikken.no\/nb\/wp-json\/wp\/v2\/product_brand?post=91730"},{"taxonomy":"product_cat","embeddable":true,"href":"https:\/\/pim.fuglebutikken.no\/nb\/wp-json\/wp\/v2\/product_cat?post=91730"},{"taxonomy":"product_tag","embeddable":true,"href":"https:\/\/pim.fuglebutikken.no\/nb\/wp-json\/wp\/v2\/product_tag?post=91730"}],"curies":[{"name":"wp","href":"https:\/\/api.w.org\/{rel}","templated":true}]}}