{"id":90134,"date":"2023-03-20T23:19:01","date_gmt":"2023-03-20T22:19:01","guid":{"rendered":"https:\/\/83725a6903.nxcli.io\/?post_type=product&#038;p=90134"},"modified":"2023-03-20T23:20:44","modified_gmt":"2023-03-20T22:20:44","slug":"sherpa-ryggsekk-til-katt","status":"publish","type":"product","link":"https:\/\/pim.fuglebutikken.no\/nb\/produkt\/sherpa-ryggsekk-til-katt\/","title":{"rendered":"Sherpa ryggsekk til katt"},"content":{"rendered":"<h2>Sherpa ryggsekk til katt, Sherpa Bubble Back<\/h2>\n<p>Reis med komfort og stil med Sherpa\u00ae Cat-ryggsekken. Perfekt for \u00e5 reise med katten eller kattungen med bil, fly eller hverdags, inkludert utend\u00f8rsaktiviteter og bes\u00f8k til veterin\u00e6ren. Denne stilige ryggsekken i imitert skinn har en lett ryggsekkdesign med et klart boblevindu som lar nysgjerrige katter titte ut. Boblevinduet kan enkelt byttes ut med en nettingskjerm. Denne reiseryggsekken har 3-siders ventiler, l\u00e5sende sikkerhetsglidel\u00e5ser, lett tilgjengelige sideventiler, et praktisk topph\u00e5ndtak, justerbare polstrede stropper for komfortabel b\u00e6ring og et avtagbart, maskinvaskbart, koselig f\u00f4r.<\/p>","protected":false},"excerpt":{"rendered":"<h3>Sherpa ryggsekk til katt<\/h3>\n<ul>\n<li>20,3&#215;30,4&#215;38,1cm<\/li>\n<li>Reiseryggsekk for katter<\/li>\n<li>Godt ventilert konstruksjon<\/li>\n<li>Med titteboble for nysgjerrige katter<\/li>\n<li>F\u00f4ret kan vaskes i maskin<\/li>\n<\/ul>","protected":false},"featured_media":90136,"comment_status":"closed","ping_status":"closed","template":"","meta":{"_uf_show_specific_survey":0,"_uf_disable_surveys":false},"pwb-brand":[3967],"product_brand":[],"product_cat":[831,665,732],"product_tag":[3900,3034,5290],"class_list":{"0":"post-90134","1":"product","2":"type-product","3":"status-publish","4":"has-post-thumbnail","6":"pwb-brand-sherpa","7":"product_cat-bur-og-sikkerhet-katt","8":"product_cat-katt","9":"product_cat-reiseutstyr-og-bur","10":"product_tag-baereveske","11":"product_tag-ryggsekk","12":"product_tag-veske","14":"first","15":"instock","16":"taxable","17":"shipping-taxable","18":"purchasable","19":"product-type-simple"},"exclude_global_add_ons":[],"addons":[],"brands":[{"id":3967,"name":"Sherpa","slug":"sherpa"}],"_links":{"self":[{"href":"https:\/\/pim.fuglebutikken.no\/nb\/wp-json\/wp\/v2\/product\/90134","targetHints":{"allow":["GET"]}}],"collection":[{"href":"https:\/\/pim.fuglebutikken.no\/nb\/wp-json\/wp\/v2\/product"}],"about":[{"href":"https:\/\/pim.fuglebutikken.no\/nb\/wp-json\/wp\/v2\/types\/product"}],"replies":[{"embeddable":true,"href":"https:\/\/pim.fuglebutikken.no\/nb\/wp-json\/wp\/v2\/comments?post=90134"}],"wp:featuredmedia":[{"embeddable":true,"href":"https:\/\/pim.fuglebutikken.no\/nb\/wp-json\/wp\/v2\/media\/90136"}],"wp:attachment":[{"href":"https:\/\/pim.fuglebutikken.no\/nb\/wp-json\/wp\/v2\/media?parent=90134"}],"wp:term":[{"taxonomy":"pwb-brand","embeddable":true,"href":"https:\/\/pim.fuglebutikken.no\/nb\/wp-json\/wp\/v2\/pwb-brand?post=90134"},{"taxonomy":"product_brand","embeddable":true,"href":"https:\/\/pim.fuglebutikken.no\/nb\/wp-json\/wp\/v2\/product_brand?post=90134"},{"taxonomy":"product_cat","embeddable":true,"href":"https:\/\/pim.fuglebutikken.no\/nb\/wp-json\/wp\/v2\/product_cat?post=90134"},{"taxonomy":"product_tag","embeddable":true,"href":"https:\/\/pim.fuglebutikken.no\/nb\/wp-json\/wp\/v2\/product_tag?post=90134"}],"curies":[{"name":"wp","href":"https:\/\/api.w.org\/{rel}","templated":true}]}}