{"id":89599,"date":"2023-03-07T08:48:12","date_gmt":"2023-03-07T07:48:12","guid":{"rendered":"https:\/\/83725a6903.nxcli.io\/?post_type=product&#038;p=89599"},"modified":"2023-08-10T07:23:51","modified_gmt":"2023-08-10T05:23:51","slug":"myfamily-ekorn","status":"publish","type":"product","link":"https:\/\/pim.fuglebutikken.no\/nb\/produkt\/myfamily-ekorn\/","title":{"rendered":"Myfamily Ekorn IDtag"},"content":{"rendered":"<h2>Myfamily Ekorn IDtag<\/h2>","protected":false},"excerpt":{"rendered":"<h3>Myfamily Ekorn IDtag<\/h3>\n<p>N\u00f8yaktig h\u00e5ndemaljert, Wild ID-brikker gjengir det mest engasjerende utvalget av sj\u00f8- og landdyr. Hvert produkt, virkelig uttrykksfullt, kan v\u00e6re en perfekt gave til v\u00e5re kj\u00e6re. Wild ID-merker er faktisk ideelle som anheng eller n\u00f8kkelringer og kan graveres med en tilpasset hilsen eller dedikasjon. Tilgjengelig ogs\u00e5 i mange andre dyrearter og arter fra havet. Laget i Italia<\/p>","protected":false},"featured_media":89600,"comment_status":"closed","ping_status":"closed","template":"","meta":{"_uf_show_specific_survey":0,"_uf_disable_surveys":false},"pwb-brand":[3946],"product_brand":[],"product_cat":[6181,992,969,1432,6185],"product_tag":[5065,2148],"class_list":{"0":"post-89599","1":"product","2":"type-product","3":"status-publish","4":"has-post-thumbnail","6":"pwb-brand-myfamily","7":"product_cat-dyr-id-merker","8":"product_cat-halsband-kobbel-og-seler","9":"product_cat-hund","10":"product_cat-id-merker","11":"product_cat-id-tag-og-holdere","12":"product_tag-dyr","13":"product_tag-id-merke","15":"first","16":"instock","17":"taxable","18":"shipping-taxable","19":"purchasable","20":"product-type-simple"},"exclude_global_add_ons":false,"addons":[{"name":"Linje 1, 15 tegn","type":"custom_text","position":0,"required":false,"title_format":"label","default":"","description_enable":true,"description":"Det er mulig \u00e5 gravere inntil 4 linjer, men det er ikke noe vi anbefaler da teksten blir veldig liten. \u00d8nsker du allikevel 3 eller 4 linje skriv det til oss i en kommentar.","placeholder_enable":false,"placeholder":"","display":"select","restrictions_type":"any_text","adjust_price":false,"price":"","price_type":"flat_fee","restrictions":true,"min":"0","max":"15","options":[],"id":1675064113},{"name":"Linje 2, 15 tegn","type":"custom_text","position":1,"required":false,"title_format":"label","default":"","description_enable":false,"description":"","placeholder_enable":false,"placeholder":"","display":"select","restrictions_type":"any_text","adjust_price":false,"price":"","price_type":"flat_fee","restrictions":false,"min":"0","max":"0","options":[],"id":1675064142},{"name":"De neste 2 linjene gjelder;","type":"multiple_choice","position":2,"required":false,"title_format":"hide","default":"","description_enable":false,"description":"","placeholder_enable":false,"placeholder":"","display":"radiobutton","restrictions_type":"any_text","adjust_price":false,"price":"","price_type":"flat_fee","restrictions":false,"min":"0","max":"0","options":[{"label":"Forsiden","price":"","price_type":"flat_fee","image":0,"visibility":true},{"label":"Baksiden","price":"","price_type":"flat_fee","image":0,"visibility":true}],"id":1675782045},{"name":"Linje 3, eller bakside linje 1 (gjelder ID merker uten motiv p\u00e5 den ene siden)","type":"custom_text","position":3,"required":false,"title_format":"label","default":"","description_enable":false,"description":"","placeholder_enable":false,"placeholder":"","display":"select","restrictions_type":"any_text","adjust_price":false,"price":"","price_type":"flat_fee","restrictions":true,"min":"0","max":"15","options":[],"id":1675781925},{"name":"Linje 4, eller bakside linje 2 (gjelder ID merker uten motiv p\u00e5 den ene siden)","type":"custom_text","position":4,"required":false,"title_format":"label","default":"","description_enable":false,"description":"","placeholder_enable":false,"placeholder":"","display":"select","restrictions_type":"any_text","adjust_price":false,"price":"","price_type":"flat_fee","restrictions":true,"min":"0","max":"15","options":[],"id":1675781926}],"brands":[{"id":3946,"name":"MyFamily","slug":"myfamily"}],"_links":{"self":[{"href":"https:\/\/pim.fuglebutikken.no\/nb\/wp-json\/wp\/v2\/product\/89599","targetHints":{"allow":["GET"]}}],"collection":[{"href":"https:\/\/pim.fuglebutikken.no\/nb\/wp-json\/wp\/v2\/product"}],"about":[{"href":"https:\/\/pim.fuglebutikken.no\/nb\/wp-json\/wp\/v2\/types\/product"}],"replies":[{"embeddable":true,"href":"https:\/\/pim.fuglebutikken.no\/nb\/wp-json\/wp\/v2\/comments?post=89599"}],"wp:featuredmedia":[{"embeddable":true,"href":"https:\/\/pim.fuglebutikken.no\/nb\/wp-json\/wp\/v2\/media\/89600"}],"wp:attachment":[{"href":"https:\/\/pim.fuglebutikken.no\/nb\/wp-json\/wp\/v2\/media?parent=89599"}],"wp:term":[{"taxonomy":"pwb-brand","embeddable":true,"href":"https:\/\/pim.fuglebutikken.no\/nb\/wp-json\/wp\/v2\/pwb-brand?post=89599"},{"taxonomy":"product_brand","embeddable":true,"href":"https:\/\/pim.fuglebutikken.no\/nb\/wp-json\/wp\/v2\/product_brand?post=89599"},{"taxonomy":"product_cat","embeddable":true,"href":"https:\/\/pim.fuglebutikken.no\/nb\/wp-json\/wp\/v2\/product_cat?post=89599"},{"taxonomy":"product_tag","embeddable":true,"href":"https:\/\/pim.fuglebutikken.no\/nb\/wp-json\/wp\/v2\/product_tag?post=89599"}],"curies":[{"name":"wp","href":"https:\/\/api.w.org\/{rel}","templated":true}]}}