{"id":83311,"date":"2022-12-17T12:34:58","date_gmt":"2022-12-17T11:34:58","guid":{"rendered":"https:\/\/83725a6903.nxcli.io\/butikk\/ukategorisert\/churu-tuna-varieties-20st\/"},"modified":"2023-12-18T14:55:54","modified_gmt":"2023-12-18T13:55:54","slug":"ciao-churu-tunfiskvarianter","status":"publish","type":"product","link":"https:\/\/pim.fuglebutikken.no\/nb\/produkt\/ciao-churu-tunfiskvarianter\/","title":{"rendered":"Ciao Churu tunfiskvarianter katt 20 stk"},"content":{"rendered":"<h2>Ciao Churu tunfiskvarianter katt 20 stk<\/h2>\n<p>Disse slikkbare godbitene for katter er laget med 100 % ren og naturlig vill tunfisk eller g\u00e5rdsoppdrettet kylling! Tilgjengelig i ni lekre varianter, Churu\u00ae Pur\u00e9es er h\u00f8y i fuktighet katter trenger for helse. Bare riv opp en tube og klem den litt for \u00e5 mate disse kornfrie, konserveringsfrie godbitene for h\u00e5nd. Du kan ogs\u00e5 helle dem i en bolle eller bruke som en smakfull topper p\u00e5 v\u00e5t eller t\u00f8rr mat.<\/p>\n<p>\u30fb Laget med 100 % ren og naturlig vill tunfisk<br \/>\n\u30fbIngen korn, konserveringsmidler eller kunstige farger<br \/>\n\u30fb Kremet tekstur og salte smaker katter elsker<br \/>\n\u30fbFlott for \u00e5 administrere piller<br \/>\n\u30fbH\u00f8y i fuktighet katter trenger for generell helse<br \/>\n\u30fb Lite kalorier<br \/>\n\u30fbDesignet for f\u00f4ring for h\u00e5nd<br \/>\n\u30fbInnovativ, interaktiv m\u00e5te \u00e5 tilbringe tid sammen p\u00e5<br \/>\n\u30fbKan brukes som topper p\u00e5 v\u00e5t eller t\u00f8rr mat<\/p>\n<p>INGREDIENSER<br \/>\nTUNFISK OPPSKRIFT 5 r\u00f8r<br \/>\nVann, tunfisk, tapioka, naturlige smaker, guargummi, naturlig tunfisksmak, gelatin, vitamin E-tilskudd, ekstrakt av gr\u00f8nn te.<\/p>\n<p>TUNFISK MED KYLLING OPPSKRIFT 5 r\u00f8r<br \/>\nVann, tunfisk, kylling, tapioka, naturlige smaker, guargummi, naturlig tunfisk, gelatin, vitamin E-tilskudd, ekstrakt av gr\u00f8nn te.<\/p>\n<p>TUNFISK MED KANNSKJELL OPPSKRIFT 5 tuber<br \/>\nVann, tunfisk, kamskjell, tapioka, naturlig kamskjellsmak, naturlige smaker, guargummi, gelatin, vitamin E-tilskudd, gr\u00f8nn teekstrakt.<\/p>\n<p>TUNFISK MED LAKS OPPSKRIFT 5 r\u00f8r<br \/>\nVann, tunfisk, tapioka, laks, naturlige smaker, naturlig tunfisk, guargummi, gelatin, vitamin E-tilskudd, gr\u00f8nn teekstrakt.<\/p>\n<p>GARANTERT ANALYSE<br \/>\nR\u00e5protein (min) 7,00 %<br \/>\nR\u00e5fett (min) 0,20 %<br \/>\nR\u00e5fiber (maks.) 0,30 %<br \/>\nFuktighet (maks.) 91,00 %<br \/>\nVitamin E (min) 310 IE\/kg<br \/>\nNatrium 0,38 %<br \/>\nFosfor 0,23 %<br \/>\nMagnesium 0,01 %<br \/>\nKalsium 0,03 %<br \/>\nKalium 0,13 %<\/p>\n<p>KALORIINNHOLD<br \/>\n430 kcal\/kg, 6,0 kcal\/r\u00f8r ME (beregnet)<\/p>\n<p>NETTO VEKT<br \/>\n0,5 oz (14 g) \u00d7 20 r\u00f8r, 10,0 oz (280 g)<\/p>","protected":false},"excerpt":{"rendered":"<h2>Ciao Churu tunfiskvarianter katt 20 stk<\/h2>\n<ul>\n<li>Laget med 100 % ren og naturlig vill tunfisk<\/li>\n<li>Ingen korn, konserveringsmidler eller kunstige farger<\/li>\n<li>Kremet tekstur og salte smaker katter elsker<\/li>\n<li>Flott for \u00e5 administrere piller<\/li>\n<li>H\u00f8y i fuktighet katter trenger for generell helse<\/li>\n<li>Lite kalorier<\/li>\n<li>Designet for f\u00f4ring for h\u00e5nd<\/li>\n<li>Innovativ, interaktiv m\u00e5te \u00e5 tilbringe tid sammen p\u00e5<\/li>\n<li>Kan brukes som topper p\u00e5 v\u00e5t eller t\u00f8rr mat<\/li>\n<\/ul>","protected":false},"featured_media":83853,"comment_status":"open","ping_status":"closed","template":"","meta":{"_uf_show_specific_survey":0,"_uf_disable_surveys":false},"pwb-brand":[5590],"product_brand":[],"product_cat":[5593,665,695,715],"product_tag":[6741,3818,3817,6769],"class_list":{"0":"post-83311","1":"product","2":"type-product","3":"status-publish","4":"has-post-thumbnail","6":"pwb-brand-churu","7":"product_cat-ciao-churu-snacks","8":"product_cat-katt","9":"product_cat-kattemat-og-snacks","10":"product_cat-snacks","11":"product_tag-godis-katt","12":"product_tag-kattegodbiter","13":"product_tag-kattegodis","14":"product_tag-kattegodteri-og-kattegress","16":"first","17":"instock","18":"taxable","19":"shipping-taxable","20":"purchasable","21":"product-type-simple"},"exclude_global_add_ons":[],"addons":[],"brands":[{"id":5590,"name":"Churu","slug":"churu"}],"_links":{"self":[{"href":"https:\/\/pim.fuglebutikken.no\/nb\/wp-json\/wp\/v2\/product\/83311","targetHints":{"allow":["GET"]}}],"collection":[{"href":"https:\/\/pim.fuglebutikken.no\/nb\/wp-json\/wp\/v2\/product"}],"about":[{"href":"https:\/\/pim.fuglebutikken.no\/nb\/wp-json\/wp\/v2\/types\/product"}],"replies":[{"embeddable":true,"href":"https:\/\/pim.fuglebutikken.no\/nb\/wp-json\/wp\/v2\/comments?post=83311"}],"wp:featuredmedia":[{"embeddable":true,"href":"https:\/\/pim.fuglebutikken.no\/nb\/wp-json\/wp\/v2\/media\/83853"}],"wp:attachment":[{"href":"https:\/\/pim.fuglebutikken.no\/nb\/wp-json\/wp\/v2\/media?parent=83311"}],"wp:term":[{"taxonomy":"pwb-brand","embeddable":true,"href":"https:\/\/pim.fuglebutikken.no\/nb\/wp-json\/wp\/v2\/pwb-brand?post=83311"},{"taxonomy":"product_brand","embeddable":true,"href":"https:\/\/pim.fuglebutikken.no\/nb\/wp-json\/wp\/v2\/product_brand?post=83311"},{"taxonomy":"product_cat","embeddable":true,"href":"https:\/\/pim.fuglebutikken.no\/nb\/wp-json\/wp\/v2\/product_cat?post=83311"},{"taxonomy":"product_tag","embeddable":true,"href":"https:\/\/pim.fuglebutikken.no\/nb\/wp-json\/wp\/v2\/product_tag?post=83311"}],"curies":[{"name":"wp","href":"https:\/\/api.w.org\/{rel}","templated":true}]}}