{"id":82503,"date":"2022-12-17T12:31:11","date_gmt":"2022-12-17T11:31:11","guid":{"rendered":"https:\/\/83725a6903.nxcli.io\/butikk\/ukategorisert\/radital-linimentgel500ml\/"},"modified":"2023-11-23T12:04:26","modified_gmt":"2023-11-23T11:04:26","slug":"radital-liniment-gele","status":"publish","type":"product","link":"https:\/\/pim.fuglebutikken.no\/nb\/produkt\/radital-liniment-gele\/","title":{"rendered":"Radital liniment gele"},"content":{"rendered":"<h2>Radital liniment gele<\/h2>\n<p><strong>Hestekuren mot \u00f8mme muskler<\/strong><br \/>\nSveriges mest solgte liniment, brukt p\u00e5 dyr og mennesker i over 60 \u00e5r. Radital Liniment er et effektivt, dobbeltvirkende liniment som virker lokalt for \u00e5 \u00f8ke blodstr\u00f8mmen, forkorte restitusjonstiden og gi lindring ved forbig\u00e5ende smerte. Masser Radital liniment inn i det utsatte omr\u00e5det for \u00e5 gi hesten de beste forutsetningene for \u00e5 yte optimalt.<\/p>\n<p>Radital liniment gir i utgangspunktet en kj\u00f8lende effekt og blir deretter til en langvarig varme. Radital liniment regnes som det mest effektive linimentet p\u00e5 markedet og kan brukes til \u00e5 forebygge og lindre problemer i muskler, sener og ledd.<\/p>\n<p>Mye brukt i eliteidrett b\u00e5de p\u00e5 heste-, hunde- og menneskesiden.<\/p>\n<p>Ogs\u00e5 tilgjengelig i flytende form<\/p>\n<p>(96 timers konkurransekvalifisering for hest i henhold til NEMAC)<\/p>\n<p><strong>Bruk<\/strong><br \/>\nMasser inn i det ber\u00f8rte omr\u00e5det etter trening, ved smertefulle eller \u00f8mme muskler.<br \/>\nKan med fordel brukes p\u00e5 galle.<br \/>\nKan brukes f\u00f8r fysisk anstrengelse for \u00e5 \u00f8ke varmen i musklene, \u00f8ke fleksibiliteten og forebygge skader. Mengden liniment er h\u00f8yst individuell. Sm\u00f8r inn med en viss forsiktighet og \u00f8k mengden for st\u00f8rre effekt.Varmen kommer etter ca. 10 minutter, s\u00e5 ta det rolig i begynnelsen innen du l\u00e6rer deg hvordan linimentet fungerer best.<\/p>\n<p>B\u00f8r ikke p\u00e5f\u00f8res p\u00e5 s\u00e5r eller skadet hud.<br \/>\nOBS! Var forsiktig ved bandasjering p\u00e5 dyr. Feil bruk kan gi blistringseffekt.<\/p>\n<p><strong>Oppbevaring og holdbarhet<\/strong><br \/>\nT\u00f8rr, kj\u00f8lig og godt forseglet.<br \/>\nSortert som plastemballasje.<br \/>\n24 m\u00e5neder. Se best f\u00f8r dato.<\/p>\n<p>For ekstern bruk. Vask hendene grundig etter bruk. Unng\u00e5 \u00e5 f\u00e5 produktet i \u00f8ynene, skyll med vann hvis dette skjer.<br \/>\nOppbevares utilgjengelig for barn.<\/p>\n<p><strong>Innhold<\/strong><br \/>\nAqua, Alkohol denat., Menthol, Kamfer, Eucalyptol, Carbomer, CI.19140. Produktets ingrediensliste kan oppdateres over tid. Se alltid ingredienslisten p\u00e5 emballasjen til det kj\u00f8pte produktet.<\/p>\n<p><em>&#8221; Liniment sm\u00f8res p\u00e5 huden, spesielt ved hudsykdommer. Linimenter kan fremstilles som oppl\u00f8sninger, emulsjoner eller suspensjoner. Liniment kan inneholde kortikosteroider, kl\u00f8estillende, antiseptiske eller andre dermatologiske midler, og anvendes blant annet mot vorter, akner, eksem og andre hudlidelser. Et velkjent liniment er sinklinimentet Hvit vask som virker lindrende og kj\u00f8lende og som typisk brukes for \u00e5 lindre kl\u00f8e n\u00e5r man har vannkopper eller insektsbitt. Medisinsk leksikon&#8221;<\/em><\/p>","protected":false},"excerpt":{"rendered":"<h3>Radital liniment gele<\/h3>\n<p>Sveriges mest solgte liniment, brukt p\u00e5 dyr og mennesker i over 60 \u00e5r. Radital Liniment er et effektivt, dobbeltvirkende liniment som virker lokalt for \u00e5 \u00f8ke blodstr\u00f8mmen, forkorte restitusjonstiden og gi lindring ved forbig\u00e5ende smerte. Masser Radital liniment inn i det ber\u00f8rte omr\u00e5det for \u00e5 gi dyret de beste forutsetningene for \u00e5 yte optimalt. Radital liniment gir i utgangspunktet en kj\u00f8lende effekt og blir deretter til en langvarig varme. Radital liniment regnes som det mest effektive linimentet p\u00e5 markedet og kan brukes til \u00e5 forebygge og lindre problemer i muskler, sener og ledd Masser inn i det affiserte omr\u00e5det etter trening, ved smertefulle eller \u00f8mme muskler. Kan brukes f\u00f8r fysisk anstrengelse for \u00e5 \u00f8ke varmen i musklene, \u00f8ke fleksibiliteten og forebygge skader.<\/p>\n<p>&nbsp;<\/p>","protected":false},"featured_media":90906,"comment_status":"open","ping_status":"closed","template":"","meta":{"_uf_show_specific_survey":0,"_uf_disable_surveys":false},"pwb-brand":[3973],"product_brand":[],"product_cat":[1265,1138,5133,969,1156,3485,1007,3540,6054,1078,3486,994],"product_tag":[],"class_list":{"0":"post-82503","1":"product","2":"type-product","3":"status-publish","4":"has-post-thumbnail","6":"pwb-brand-trikem","7":"product_cat-agility","8":"product_cat-bruks-lydighet-igp","9":"product_cat-fysioterapi-balanse-hund","10":"product_cat-hund","11":"product_cat-hundeforer","12":"product_cat-hundens-apotek","13":"product_cat-hygiene-hund","14":"product_cat-rallylydighet","15":"product_cat-sarpleie","16":"product_cat-sykdom-og-helse","17":"product_cat-tilbehor-hundetrening","18":"product_cat-trening","20":"first","21":"instock","22":"taxable","23":"shipping-taxable","24":"purchasable","25":"product-type-variable","26":"has-default-attributes"},"exclude_global_add_ons":[],"addons":[],"brands":[{"id":3973,"name":"Trikem","slug":"trikem"}],"_links":{"self":[{"href":"https:\/\/pim.fuglebutikken.no\/nb\/wp-json\/wp\/v2\/product\/82503","targetHints":{"allow":["GET"]}}],"collection":[{"href":"https:\/\/pim.fuglebutikken.no\/nb\/wp-json\/wp\/v2\/product"}],"about":[{"href":"https:\/\/pim.fuglebutikken.no\/nb\/wp-json\/wp\/v2\/types\/product"}],"replies":[{"embeddable":true,"href":"https:\/\/pim.fuglebutikken.no\/nb\/wp-json\/wp\/v2\/comments?post=82503"}],"wp:featuredmedia":[{"embeddable":true,"href":"https:\/\/pim.fuglebutikken.no\/nb\/wp-json\/wp\/v2\/media\/90906"}],"wp:attachment":[{"href":"https:\/\/pim.fuglebutikken.no\/nb\/wp-json\/wp\/v2\/media?parent=82503"}],"wp:term":[{"taxonomy":"pwb-brand","embeddable":true,"href":"https:\/\/pim.fuglebutikken.no\/nb\/wp-json\/wp\/v2\/pwb-brand?post=82503"},{"taxonomy":"product_brand","embeddable":true,"href":"https:\/\/pim.fuglebutikken.no\/nb\/wp-json\/wp\/v2\/product_brand?post=82503"},{"taxonomy":"product_cat","embeddable":true,"href":"https:\/\/pim.fuglebutikken.no\/nb\/wp-json\/wp\/v2\/product_cat?post=82503"},{"taxonomy":"product_tag","embeddable":true,"href":"https:\/\/pim.fuglebutikken.no\/nb\/wp-json\/wp\/v2\/product_tag?post=82503"}],"curies":[{"name":"wp","href":"https:\/\/api.w.org\/{rel}","templated":true}]}}