{"id":7979,"date":"2020-03-01T17:04:50","date_gmt":"2020-03-01T16:04:50","guid":{"rendered":"https:\/\/274105-www.web.tornado-node.net\/product\/import-placeholder-for-5647\/"},"modified":"2022-12-06T14:40:51","modified_gmt":"2022-12-06T13:40:51","slug":"bilselefeste-curli-2-lengder","status":"publish","type":"product","link":"https:\/\/pim.fuglebutikken.no\/nb\/produkt\/bilselefeste-curli-2-lengder\/","title":{"rendered":"Bilselefeste Curli, 2 lengder"},"content":{"rendered":"","protected":false},"excerpt":{"rendered":"<p>mart justerbar sikkerhetssele til bilen.<\/p>\n<ul>\n<li>Kan justeres i lengden:<br \/>\n1 fra 15-30cm<br \/>\n2 fra 30-60cm<\/li>\n<li>Fastgj\u00f8res hurtig og enkelt til bilens sikkerhetsbelte<\/li>\n<li>Kan ogs\u00e5 fastgj\u00f8res til selen, n\u00e5r denne er satt fast i sele-l\u00e5sen<\/li>\n<\/ul>","protected":false},"featured_media":8007,"comment_status":"open","ping_status":"closed","template":"","meta":{"_uf_show_specific_survey":0,"_uf_disable_surveys":false},"pwb-brand":[3908],"product_brand":[],"product_cat":[969,1052,1049],"product_tag":[981],"class_list":{"0":"post-7979","1":"product","2":"type-product","3":"status-publish","4":"has-post-thumbnail","6":"pwb-brand-curli","7":"product_cat-hund","8":"product_cat-bil","9":"product_cat-bur-og-sikkerhet","10":"product_tag-bil","12":"first","13":"instock","14":"taxable","15":"shipping-taxable","16":"purchasable","17":"product-type-variable","18":"has-default-attributes"},"exclude_global_add_ons":[],"addons":[],"brands":[{"id":3908,"name":"Curli","slug":"curli"}],"_links":{"self":[{"href":"https:\/\/pim.fuglebutikken.no\/nb\/wp-json\/wp\/v2\/product\/7979","targetHints":{"allow":["GET"]}}],"collection":[{"href":"https:\/\/pim.fuglebutikken.no\/nb\/wp-json\/wp\/v2\/product"}],"about":[{"href":"https:\/\/pim.fuglebutikken.no\/nb\/wp-json\/wp\/v2\/types\/product"}],"replies":[{"embeddable":true,"href":"https:\/\/pim.fuglebutikken.no\/nb\/wp-json\/wp\/v2\/comments?post=7979"}],"wp:featuredmedia":[{"embeddable":true,"href":"https:\/\/pim.fuglebutikken.no\/nb\/wp-json\/wp\/v2\/media\/8007"}],"wp:attachment":[{"href":"https:\/\/pim.fuglebutikken.no\/nb\/wp-json\/wp\/v2\/media?parent=7979"}],"wp:term":[{"taxonomy":"pwb-brand","embeddable":true,"href":"https:\/\/pim.fuglebutikken.no\/nb\/wp-json\/wp\/v2\/pwb-brand?post=7979"},{"taxonomy":"product_brand","embeddable":true,"href":"https:\/\/pim.fuglebutikken.no\/nb\/wp-json\/wp\/v2\/product_brand?post=7979"},{"taxonomy":"product_cat","embeddable":true,"href":"https:\/\/pim.fuglebutikken.no\/nb\/wp-json\/wp\/v2\/product_cat?post=7979"},{"taxonomy":"product_tag","embeddable":true,"href":"https:\/\/pim.fuglebutikken.no\/nb\/wp-json\/wp\/v2\/product_tag?post=7979"}],"curies":[{"name":"wp","href":"https:\/\/api.w.org\/{rel}","templated":true}]}}