{"id":78994,"date":"2022-12-17T12:09:28","date_gmt":"2022-12-17T11:09:28","guid":{"rendered":"https:\/\/83725a6903.nxcli.io\/butikk\/ukategorisert\/ezydog-flytvst-x2-boost-rd-xs-46-55cm7-11kg\/"},"modified":"2024-11-11T13:01:07","modified_gmt":"2024-11-11T12:01:07","slug":"ezydog-flytevest-boost-til-hund","status":"publish","type":"product","link":"https:\/\/pim.fuglebutikken.no\/nb\/produkt\/ezydog-flytevest-boost-til-hund\/","title":{"rendered":"Ezydog Flytevest Boost til hund"},"content":{"rendered":"<h2>Ezydog Flytevest Boost til hund<\/h2>\n<h2>En redningsvest for hunder designet for funksjon, sikkerhet og komfort<\/h2>\n<p>DFD X2 Boost har et unikt fast kragejusteringssystem, som bare m\u00e5 justeres en gang p\u00e5 hunden som eier vesten. Den faste kragen p\u00e5 DFD X2 Boost opprettholder samme posisjonering til enhver tid, men gir likevel god justering. B\u00e5nd er inne i nakkestroppen, noe som betyr at det ikke er noe l\u00f8st b\u00e5nd som irriterer hunden din.<\/p>\n<p>Ultra-flytende skum er strategisk plassert rundt vesten, inkludert delen under hundens mage. Dette holder hunden din oppreist og i en naturlig sv\u00f8mme stilling til enhver tid. I motsetning til andre vester hindrer ikke Ezydog redningsvest Boost hundens naturlige bevegelse og kan festes \/ fjernes enkelt og raskt.<\/p>\n<h2>Nytt hundesv\u00f8mmevestdesign med nye funksjoner<\/h2>\n<p>En redningsvest som passer til hundens kroppstype, lar dem sv\u00f8mme med selvtillit og l\u00f8pe mer fritt.\u00a0Geometrien til DFD X2 Boost er omhyggelig utformet for \u00e5 passe komfortabelt rundt en hvilken som helst hundetype, med paneler designet for \u00e5 avta til formen p\u00e5 hundens torso.<\/p>\n<p>Et neoprenh\u00e5ndtak er plassert p\u00e5 toppen av redningsvesten for rask kontroll over hunden din.\u00a0Refleksr\u00f8r brukes overalt for ekstra synlighet om natten.\u00a0Den revolusjonerende nakkejusteringen inneholder flytende skum for \u00e5 holde hundens hode over vann.<\/p>\n<p>P\u00e5 baksiden av sv\u00f8mmevesten er det et lett festepunkt som er designet spesielt for feste av v\u00e5re helt vanntette Adventure Lights.<\/p>\n<h2>Hvorfor kj\u00f8pe en redningsvest?<\/h2>\n<p>En hundesv\u00f8mmevest har flere hovedform\u00e5l.\u00a0Rekreasjonsmessig for hunder som tilbringer mye tid i og rundt vannet eller for eiere som tar hundene sine ut i b\u00e5ter. Det er ogs\u00e5 flott for hunder som sliter med \u00e5 sv\u00f8mme, og anbefales for bruk i hydroterapi-rehabilitering.<\/p>\n<table width=\"163\">\n<tbody>\n<tr>\n<td width=\"80\"><strong>St\u00f8rrelse<\/strong><\/td>\n<td width=\"83\"><strong>Omkrets bryst cm<\/strong><\/td>\n<\/tr>\n<tr>\n<td width=\"80\">XS<\/td>\n<td width=\"83\">45 \u2013 55<\/td>\n<\/tr>\n<tr>\n<td width=\"80\">S<\/td>\n<td width=\"83\">56 \u2013 65<\/td>\n<\/tr>\n<tr>\n<td width=\"80\">M<\/td>\n<td width=\"83\">66 \u2013 75<\/td>\n<\/tr>\n<tr>\n<td width=\"80\">L<\/td>\n<td width=\"83\">76 \u2013 85<\/td>\n<\/tr>\n<tr>\n<td width=\"80\">XL<\/td>\n<td width=\"83\">86 \u2013 95<\/td>\n<\/tr>\n<\/tbody>\n<\/table>\n<p><a href=\"https:\/\/www.petz.no\/wp-content\/uploads\/2021\/03\/maleskjema.jpg\" target=\"_blank\" rel=\"noopener\"><img loading=\"lazy\" decoding=\"async\" class=\"alignnone size-full wp-image-53421 entered lazyloaded\" src=\"https:\/\/www.petz.no\/wp-content\/uploads\/2021\/03\/maleskjema.jpg\" sizes=\"auto, (max-width: 510px) 100vw, 510px\" srcset=\"https:\/\/www.petz.no\/wp-content\/uploads\/2021\/03\/maleskjema.jpg 510w, https:\/\/www.petz.no\/wp-content\/uploads\/2021\/03\/maleskjema-340x400.jpg 340w\" alt=\"\" width=\"510\" height=\"600\" data-lazy-srcset=\"https:\/\/www.petz.no\/wp-content\/uploads\/2021\/03\/maleskjema.jpg 510w, https:\/\/www.petz.no\/wp-content\/uploads\/2021\/03\/maleskjema-340x400.jpg 340w\" data-lazy-sizes=\"(max-width: 510px) 100vw, 510px\" data-lazy-src=\"https:\/\/www.petz.no\/wp-content\/uploads\/2021\/03\/maleskjema.jpg\" data-ll-status=\"loaded\" data-lazy- title=\"\"><\/a><\/p>\n<p><iframe loading=\"lazy\" title=\"EzyDog DFD X2 Boost\" width=\"800\" height=\"450\" src=\"https:\/\/www.youtube.com\/embed\/CZHGOWRrakU?feature=oembed\" frameborder=\"0\" allow=\"accelerometer; autoplay; clipboard-write; encrypted-media; gyroscope; picture-in-picture; web-share\" referrerpolicy=\"strict-origin-when-cross-origin\" allowfullscreen><\/iframe><\/p>\n<p>&nbsp;<\/p>\n<p>The EzyDog DFD X2 Boost Dog Life Jacket<\/p>","protected":false},"excerpt":{"rendered":"<h3>Ezydog Flytevest Boost til hund<\/h3>\n<ul>\n<li>\u00a0EzyDog DFD X2 ergonomisk redningsvest for hund<\/li>\n<li>Str\u00f8mlinjeformet redningsvest for hunder!<\/li>\n<li>Jevnt fordelt oppdrift med skum selv under magen<\/li>\n<li>Komfortabelt h\u00e5ndtak p\u00e5 toppen<\/li>\n<li>Ekstremt slitesterk og lett \u00e5 rengj\u00f8re<\/li>\n<li>Reflekterende linjer for synlighet om natten<\/li>\n<li>Mykt materiale<\/li>\n<li>Praktisk h\u00e5ndtak p\u00e5 toppen<\/li>\n<li>Finnes i r\u00f8d og gul, mange st\u00f8rrelser<\/li>\n<\/ul>","protected":false},"featured_media":90815,"comment_status":"open","ping_status":"closed","template":"","meta":{"_uf_show_specific_survey":0,"_uf_disable_surveys":false},"pwb-brand":[3997],"product_brand":[],"product_cat":[1049,2146,969,4572],"product_tag":[6601,6939],"class_list":{"0":"post-78994","1":"product","2":"type-product","3":"status-publish","4":"has-post-thumbnail","6":"pwb-brand-ezydog","7":"product_cat-bur-og-sikkerhet","8":"product_cat-flytevest","9":"product_cat-hund","10":"product_cat-sommer","11":"product_tag-flytvst-hund","12":"product_tag-redningsvest-og-flytevest","14":"first","15":"instock","16":"taxable","17":"shipping-taxable","18":"purchasable","19":"product-type-variable","20":"has-default-attributes"},"exclude_global_add_ons":[],"addons":[],"brands":[{"id":3997,"name":"Ezydog","slug":"ezydog"}],"_links":{"self":[{"href":"https:\/\/pim.fuglebutikken.no\/nb\/wp-json\/wp\/v2\/product\/78994","targetHints":{"allow":["GET"]}}],"collection":[{"href":"https:\/\/pim.fuglebutikken.no\/nb\/wp-json\/wp\/v2\/product"}],"about":[{"href":"https:\/\/pim.fuglebutikken.no\/nb\/wp-json\/wp\/v2\/types\/product"}],"replies":[{"embeddable":true,"href":"https:\/\/pim.fuglebutikken.no\/nb\/wp-json\/wp\/v2\/comments?post=78994"}],"wp:featuredmedia":[{"embeddable":true,"href":"https:\/\/pim.fuglebutikken.no\/nb\/wp-json\/wp\/v2\/media\/90815"}],"wp:attachment":[{"href":"https:\/\/pim.fuglebutikken.no\/nb\/wp-json\/wp\/v2\/media?parent=78994"}],"wp:term":[{"taxonomy":"pwb-brand","embeddable":true,"href":"https:\/\/pim.fuglebutikken.no\/nb\/wp-json\/wp\/v2\/pwb-brand?post=78994"},{"taxonomy":"product_brand","embeddable":true,"href":"https:\/\/pim.fuglebutikken.no\/nb\/wp-json\/wp\/v2\/product_brand?post=78994"},{"taxonomy":"product_cat","embeddable":true,"href":"https:\/\/pim.fuglebutikken.no\/nb\/wp-json\/wp\/v2\/product_cat?post=78994"},{"taxonomy":"product_tag","embeddable":true,"href":"https:\/\/pim.fuglebutikken.no\/nb\/wp-json\/wp\/v2\/product_tag?post=78994"}],"curies":[{"name":"wp","href":"https:\/\/api.w.org\/{rel}","templated":true}]}}