{"id":7843,"date":"2020-03-01T17:04:09","date_gmt":"2020-03-01T16:04:09","guid":{"rendered":"https:\/\/274105-www.web.tornado-node.net\/product\/import-placeholder-for-6095\/"},"modified":"2023-08-15T12:14:12","modified_gmt":"2023-08-15T10:14:12","slug":"id-brikke-med-poter","status":"publish","type":"product","link":"https:\/\/pim.fuglebutikken.no\/nb\/produkt\/id-brikke-med-poter\/","title":{"rendered":"ID brikke med poter, graveres p\u00e5 \u00e8n side"},"content":{"rendered":"<h2>ID brikke med poter, graveres p\u00e5 \u00e8n side<\/h2>","protected":false},"excerpt":{"rendered":"<h3>ID brikke med poter, graveres p\u00e5 \u00e8n side<\/h3>\n<p>ID-merke for \u00e5 henge p\u00e5 halsb\u00e5nd eller sele.<\/p>\n<p>Lite ben 3 x 2 cm.<br \/>\nFestering er inkludert.<\/p>","protected":false},"featured_media":14524,"comment_status":"open","ping_status":"closed","template":"","meta":{"_uf_show_specific_survey":0,"_uf_disable_surveys":false},"pwb-brand":[3926],"product_brand":[],"product_cat":[969,6182,992,1464,1432],"product_tag":[2147,2148],"class_list":{"0":"post-7843","1":"product","2":"type-product","3":"status-publish","4":"has-post-thumbnail","6":"pwb-brand-imarc","7":"product_cat-hund","8":"product_cat-bein","9":"product_cat-halsband-kobbel-og-seler","10":"product_cat-hund-som-hobby","11":"product_cat-id-merker","12":"product_tag-hundetegn","13":"product_tag-id-merke","15":"first","16":"instock","17":"sale","18":"taxable","19":"shipping-taxable","20":"purchasable","21":"product-type-variable","22":"has-default-attributes"},"exclude_global_add_ons":false,"addons":[{"name":"\u00d8nsket gravering:","type":"custom_text","position":0,"required":true,"title_format":"label","default":"","description_enable":false,"description":"","placeholder_enable":false,"placeholder":"","display":"select","restrictions_type":"any_text","adjust_price":false,"price":"","price_type":"flat_fee","restrictions":false,"min":"0","max":"0","options":[]},{"name":"Linje 1, 15 tegn","type":"custom_text","position":0,"required":false,"title_format":"label","default":"","description_enable":true,"description":"Det er mulig \u00e5 gravere inntil 4 linjer, men det er ikke noe vi anbefaler da teksten blir veldig liten. \u00d8nsker du allikevel 3 eller 4 linje skriv det til oss i en kommentar.","placeholder_enable":false,"placeholder":"","display":"select","restrictions_type":"any_text","adjust_price":false,"price":"","price_type":"flat_fee","restrictions":true,"min":"0","max":"15","options":[],"id":1675064113},{"name":"Linje 2, 15 tegn","type":"custom_text","position":1,"required":false,"title_format":"label","default":"","description_enable":false,"description":"","placeholder_enable":false,"placeholder":"","display":"select","restrictions_type":"any_text","adjust_price":false,"price":"","price_type":"flat_fee","restrictions":false,"min":"0","max":"0","options":[],"id":1675064142},{"name":"De neste 2 linjene gjelder;","type":"multiple_choice","position":2,"required":false,"title_format":"hide","default":"","description_enable":false,"description":"","placeholder_enable":false,"placeholder":"","display":"radiobutton","restrictions_type":"any_text","adjust_price":false,"price":"","price_type":"flat_fee","restrictions":false,"min":"0","max":"0","options":[{"label":"Forsiden","price":"","price_type":"flat_fee","image":0,"visibility":true},{"label":"Baksiden","price":"","price_type":"flat_fee","image":0,"visibility":true}],"id":1675782045},{"name":"Linje 3, eller bakside linje 1 (gjelder ID merker uten motiv p\u00e5 den ene siden)","type":"custom_text","position":3,"required":false,"title_format":"label","default":"","description_enable":false,"description":"","placeholder_enable":false,"placeholder":"","display":"select","restrictions_type":"any_text","adjust_price":false,"price":"","price_type":"flat_fee","restrictions":true,"min":"0","max":"15","options":[],"id":1675781925},{"name":"Linje 4, eller bakside linje 2 (gjelder ID merker uten motiv p\u00e5 den ene siden)","type":"custom_text","position":4,"required":false,"title_format":"label","default":"","description_enable":false,"description":"","placeholder_enable":false,"placeholder":"","display":"select","restrictions_type":"any_text","adjust_price":false,"price":"","price_type":"flat_fee","restrictions":true,"min":"0","max":"15","options":[],"id":1675781926}],"brands":[{"id":3926,"name":"Imarc","slug":"imarc"}],"_links":{"self":[{"href":"https:\/\/pim.fuglebutikken.no\/nb\/wp-json\/wp\/v2\/product\/7843","targetHints":{"allow":["GET"]}}],"collection":[{"href":"https:\/\/pim.fuglebutikken.no\/nb\/wp-json\/wp\/v2\/product"}],"about":[{"href":"https:\/\/pim.fuglebutikken.no\/nb\/wp-json\/wp\/v2\/types\/product"}],"replies":[{"embeddable":true,"href":"https:\/\/pim.fuglebutikken.no\/nb\/wp-json\/wp\/v2\/comments?post=7843"}],"wp:featuredmedia":[{"embeddable":true,"href":"https:\/\/pim.fuglebutikken.no\/nb\/wp-json\/wp\/v2\/media\/14524"}],"wp:attachment":[{"href":"https:\/\/pim.fuglebutikken.no\/nb\/wp-json\/wp\/v2\/media?parent=7843"}],"wp:term":[{"taxonomy":"pwb-brand","embeddable":true,"href":"https:\/\/pim.fuglebutikken.no\/nb\/wp-json\/wp\/v2\/pwb-brand?post=7843"},{"taxonomy":"product_brand","embeddable":true,"href":"https:\/\/pim.fuglebutikken.no\/nb\/wp-json\/wp\/v2\/product_brand?post=7843"},{"taxonomy":"product_cat","embeddable":true,"href":"https:\/\/pim.fuglebutikken.no\/nb\/wp-json\/wp\/v2\/product_cat?post=7843"},{"taxonomy":"product_tag","embeddable":true,"href":"https:\/\/pim.fuglebutikken.no\/nb\/wp-json\/wp\/v2\/product_tag?post=7843"}],"curies":[{"name":"wp","href":"https:\/\/api.w.org\/{rel}","templated":true}]}}