{"id":76344,"date":"2022-12-17T11:42:09","date_gmt":"2022-12-17T10:42:09","guid":{"rendered":"https:\/\/83725a6903.nxcli.io\/butikk\/ukategorisert\/produkt-3419\/"},"modified":"2023-08-10T23:52:39","modified_gmt":"2023-08-10T21:52:39","slug":"jbl-artemiofluid","status":"publish","type":"product","link":"https:\/\/pim.fuglebutikken.no\/nb\/produkt\/jbl-artemiofluid\/","title":{"rendered":"JBL ArtemioFluid"},"content":{"rendered":"<h2>JBL ArtemioFluid<\/h2>\n<p><a href=\"https:\/\/akvaristikk.no\/wp-content\/uploads\/sites\/6\/2023\/03\/JBL_ArtemioFluid.pdf\" target=\"_blank\" rel=\"noopener\">Last ned veiledning i Pdf HER<\/a><\/p>\n<p>Fullf\u00f4r for krepsdyr. Flytende mat for avl av levende mat: homogenisert planteplankton og andre essensielle n\u00e6ringsstoffer for \u00e5 mate Artemia nauplii. Tilsett flytende mat til vannet en dr\u00e5pe om gangen. Lysegr\u00f8nn farging av vannet indikerer riktig mengde mat. Mat igjen n\u00e5r vannet blir klart igjen. Fisk velger JBL-mat: 98,5 % av alle fiskearter spiste umiddelbart JBL-maten under v\u00e5re forskningsekspedisjoner i ferskvann. Ultrafint planteplankton (alger) som ogs\u00e5 er n\u00e6ring for Artemia nauplii i naturen.. Innhold: ArtemioFluid, fullf\u00f4r for krepsdyr.<\/p>\n<p>De nyklekkede Artemia-krepsdyrene (nauplii) lever kort p\u00e5 plommesekken. N\u00e5r dette er brukt opp trenger de mikroalger som mat. JBL ArtemioFluid inneholder homogenisert planteplankton (alger) og andre viktige n\u00e6ringsstoffer og er den ideelle ern\u00e6ringen for artemia. Det \u00f8ker deres n\u00e6ringsverdi betydelig som mat til ungfisk, p\u00e5 samme m\u00e5te som en bolle fylt med gr\u00f8nnsaker ville ha en betydelig h\u00f8yere n\u00e6ringsverdi enn en \u00abtom\u00bb bolle.<\/p>\n<p>Hvis du vil dyrke Artemia-egg, m\u00e5 du legge eggene i saltvann. JBL ArtemioSal er designet for \u00e5 lage dette saltvannet. De sm\u00e5 Artemia-krepsdyrene klekkes inni og gir deretter perfekt levende mat til akvariefiskene dine. Mikroalgene som inng\u00e5r i saltblandingen tjener som mat for de nyklekkede krepsdyrene.<\/p>\n<p>\u00c5 lage din egen levende mat har flere fordeler:<br \/>\n&#8211; Fri for parasitter<br \/>\n&#8211; H\u00f8yt fiberinnhold<br \/>\n&#8211; Ingen grunn til \u00e5 fange i dammer<br \/>\n&#8211; Fremmer fiskens jaktinstinkt<br \/>\n&#8211; \u00d8ker gyteberedskapen<br \/>\n&#8211; Enkelt, raskt og praktisk<br \/>\n&#8211; Billig alternativ til frossenmat<\/p>\n<p>Det er g\u00f8y:<br \/>\n&#8211; Tilsett salt i vannet<br \/>\n&#8211; Legg Artemia-eggene i saltvannet<br \/>\n\u2013 Vent til artemiarekene har klekket ut<br \/>\n&#8211; Sil saltlakerekene i en sil<br \/>\n&#8211; Klar for f\u00f4ring<\/p>\n<p>Jbl Artemio Fluid 50ml<\/p>","protected":false},"excerpt":{"rendered":"<h3 class=\"dont-hide\">JBL ArtemioFluid<\/h3>\n<ul>\n<li>Flytende mat for avl av levende mat: homogenisert planteplankton og andre essensielle n\u00e6ringsstoffer for \u00e5 mate Artemia nauplii<\/li>\n<li>Tilsett flytende mat til vannet en dr\u00e5pe om gangen<\/li>\n<li>Lysegr\u00f8nn farging av vannet indikerer riktig mengde mat. Mat igjen n\u00e5r vannet blir klart igjen<\/li>\n<li>Fisk velger JBL-mat: 98,5 % av alle fiskearter spiste umiddelbart JBL-maten under v\u00e5re forskningsekspedisjoner i ferskvann. Ultrafint planteplankton (alger) som ogs\u00e5 er n\u00e6ring for Artemia nauplii i naturen.<\/li>\n<li>Innhold: ArtemioFluid, fullf\u00f4r for krepsdyr.<\/li>\n<li>50ml<\/li>\n<\/ul>","protected":false},"featured_media":90629,"comment_status":"open","ping_status":"closed","template":"","meta":{"_uf_show_specific_survey":0,"_uf_disable_surveys":false},"pwb-brand":[3886,6929],"product_brand":[],"product_cat":[4092,2292,6927],"product_tag":[3090,6425,6928,1796,6874],"class_list":{"0":"post-76344","1":"product","2":"type-product","3":"status-publish","4":"has-post-thumbnail","6":"pwb-brand-jbl","7":"pwb-brand-jbl-artemio","8":"product_cat-akvaristikk","9":"product_cat-fiskemat","10":"product_cat-levende-for","11":"product_tag-artemia","12":"product_tag-artemia-fiskfoder","13":"product_tag-artemia-klekking","14":"product_tag-fiskefor","15":"product_tag-fiskefor-og-fiskemat","17":"first","18":"instock","19":"downloadable","20":"taxable","21":"shipping-taxable","22":"purchasable","23":"product-type-simple"},"exclude_global_add_ons":[],"addons":[],"brands":[{"id":3886,"name":"JBL","slug":"jbl"},{"id":6929,"name":"JBL Artemio","slug":"jbl-artemio"}],"_links":{"self":[{"href":"https:\/\/pim.fuglebutikken.no\/nb\/wp-json\/wp\/v2\/product\/76344","targetHints":{"allow":["GET"]}}],"collection":[{"href":"https:\/\/pim.fuglebutikken.no\/nb\/wp-json\/wp\/v2\/product"}],"about":[{"href":"https:\/\/pim.fuglebutikken.no\/nb\/wp-json\/wp\/v2\/types\/product"}],"replies":[{"embeddable":true,"href":"https:\/\/pim.fuglebutikken.no\/nb\/wp-json\/wp\/v2\/comments?post=76344"}],"wp:featuredmedia":[{"embeddable":true,"href":"https:\/\/pim.fuglebutikken.no\/nb\/wp-json\/wp\/v2\/media\/90629"}],"wp:attachment":[{"href":"https:\/\/pim.fuglebutikken.no\/nb\/wp-json\/wp\/v2\/media?parent=76344"}],"wp:term":[{"taxonomy":"pwb-brand","embeddable":true,"href":"https:\/\/pim.fuglebutikken.no\/nb\/wp-json\/wp\/v2\/pwb-brand?post=76344"},{"taxonomy":"product_brand","embeddable":true,"href":"https:\/\/pim.fuglebutikken.no\/nb\/wp-json\/wp\/v2\/product_brand?post=76344"},{"taxonomy":"product_cat","embeddable":true,"href":"https:\/\/pim.fuglebutikken.no\/nb\/wp-json\/wp\/v2\/product_cat?post=76344"},{"taxonomy":"product_tag","embeddable":true,"href":"https:\/\/pim.fuglebutikken.no\/nb\/wp-json\/wp\/v2\/product_tag?post=76344"}],"curies":[{"name":"wp","href":"https:\/\/api.w.org\/{rel}","templated":true}]}}