{"id":76343,"date":"2022-12-17T11:42:08","date_gmt":"2022-12-17T10:42:08","guid":{"rendered":"https:\/\/83725a6903.nxcli.io\/butikk\/ukategorisert\/produkt-3418\/"},"modified":"2023-08-10T23:52:49","modified_gmt":"2023-08-10T21:52:49","slug":"jbl-artemiomix","status":"publish","type":"product","link":"https:\/\/pim.fuglebutikken.no\/nb\/produkt\/jbl-artemiomix\/","title":{"rendered":"JBL ArtemioMix"},"content":{"rendered":"<h2>JBL ArtemioMix<\/h2>\n<p><a href=\"https:\/\/akvaristikk.no\/wp-content\/uploads\/sites\/6\/2023\/03\/JBL_ArtemioMix.pdf\" target=\"_blank\" rel=\"noopener\">Last ned Pdf (engelsk) HER<\/a><\/p>\n<p>Fisk elsker et variert kosthold<br \/>\nEt ubalansert fiskekosthold kan p\u00e5 sikt f\u00f8re til mangelsymptomer, sykdommer og fettdegenerasjon av organer. Gi dine akvariebeboere en variert f\u00f8de i form av levende mat. JBL Artemio mix er sammensatt av Artemia, tang, buffersalt og salt og gir ikke bakterier eller parasitter i akvariet.<\/p>\n<p>\u00c5 produsere din egen levende mat har mange fordeler:<br \/>\n\u2022 Fri for parasitter<br \/>\n\u2022 Rik p\u00e5 fiber<br \/>\n\u2022 Ikke bare et &#8220;basseng&#8221; lenger<br \/>\n\u2022 Fremmer jaktinstinktet til fisken<br \/>\n\u2022 \u00d8ker beredskapen for gyting<br \/>\n\u2022 Enkelt, raskt og praktisk<br \/>\n\u2022 Rimelig alternativ sammenlignet med frossen mat<\/p>\n<p>Det er g\u00f8y \u00e5 gj\u00f8re det selv:<br \/>\n&#8211; Tilsett salt i vannet<br \/>\n&#8211; Legg Artemia-eggene i saltvannet<br \/>\n\u2013 Vent til artemiarekene har klekket ut<br \/>\n&#8211; Sil saltlakerekene i en sil<br \/>\n&#8211; Klar for f\u00f4ring<\/p>\n<p><img loading=\"lazy\" decoding=\"async\" class=\"alignnone size-medium wp-image-90623\" src=\"https:\/\/fuglebutikken.no\/wp-content\/uploads\/2022\/12\/jbl-Artemio-500x250.jpg\" alt=\"jbl Artemio\" width=\"500\" height=\"250\" title=\"\" srcset=\"\/wp-content\/uploads\/2022\/12\/jbl-Artemio-500x250.jpg 500w, \/wp-content\/uploads\/2022\/12\/jbl-Artemio-600x300.jpg 600w, \/wp-content\/uploads\/2022\/12\/jbl-Artemio-64x32.jpg 64w, \/wp-content\/uploads\/2022\/12\/jbl-Artemio.jpg 621w\" sizes=\"auto, (max-width: 500px) 100vw, 500px\" \/><\/p>\n<p>Bland av Artemia egg og salt for blanding. Levende mat for tropisk ferskvann og marin fisk. Blandet mat best\u00e5ende av saltlake, salt og mikroalger for dietten til akvariefisk. Bruk: tilsett 2 m\u00e5leskjeer av blandingen til 0,5 l vann fra springen. Artemia reker klekkes etter 24 til 36 timer. Optimal pH-verdi takket v\u00e6re balansert saltandel. 230 g ferdigblanding for 14 p\u00e5f\u00f8ringer, hver p\u00e5 0,5 l vann. Pakkeinnhold: ArtemioMix, ferdigblanding av salt og saltlake egg, inkl. m\u00e5leskje 5ml. &#8211;<br \/>\nArtemioMix Artemia Eggs &amp; Salt for Live Food Blue 200 ml<\/p>","protected":false},"excerpt":{"rendered":"<h3>JBL ArtemioMix<\/h3>\n<ul>\n<li>Levende mat for tropisk ferskvann og marin fisk. Blandet mat best\u00e5ende av saltlake, salt og mikroalger for dietten til akvariefisk<\/li>\n<li>Bruk: tilsett 2 m\u00e5leskjeer av blandingen til 0,5 l vann fra springen. Artemia reker klekkes etter 24 til 36 timer<\/li>\n<li>Optimal pH-verdi takket v\u00e6re balansert saltandel<\/li>\n<li>200 ml<\/li>\n<li>230 g ferdigblanding for 14 p\u00e5f\u00f8ringer, hver p\u00e5 0,5 l vann<\/li>\n<li>Pakkeinnhold: ArtemioMix, ferdigblanding av salt og saltlake egg, inkl. m\u00e5leskje 5ml.<\/li>\n<\/ul>","protected":false},"featured_media":90622,"comment_status":"open","ping_status":"closed","template":"","meta":{"_uf_show_specific_survey":0,"_uf_disable_surveys":false},"pwb-brand":[3886,6929],"product_brand":[],"product_cat":[4092,2292,6927,4203],"product_tag":[6425,6928,1796,6874],"class_list":{"0":"post-76343","1":"product","2":"type-product","3":"status-publish","4":"has-post-thumbnail","6":"pwb-brand-jbl","7":"pwb-brand-jbl-artemio","8":"product_cat-akvaristikk","9":"product_cat-fiskemat","10":"product_cat-levende-for","11":"product_cat-rekefor","12":"product_tag-artemia-fiskfoder","13":"product_tag-artemia-klekking","14":"product_tag-fiskefor","15":"product_tag-fiskefor-og-fiskemat","17":"first","18":"instock","19":"downloadable","20":"taxable","21":"shipping-taxable","22":"purchasable","23":"product-type-simple"},"exclude_global_add_ons":[],"addons":[],"brands":[{"id":3886,"name":"JBL","slug":"jbl"},{"id":6929,"name":"JBL Artemio","slug":"jbl-artemio"}],"_links":{"self":[{"href":"https:\/\/pim.fuglebutikken.no\/nb\/wp-json\/wp\/v2\/product\/76343","targetHints":{"allow":["GET"]}}],"collection":[{"href":"https:\/\/pim.fuglebutikken.no\/nb\/wp-json\/wp\/v2\/product"}],"about":[{"href":"https:\/\/pim.fuglebutikken.no\/nb\/wp-json\/wp\/v2\/types\/product"}],"replies":[{"embeddable":true,"href":"https:\/\/pim.fuglebutikken.no\/nb\/wp-json\/wp\/v2\/comments?post=76343"}],"wp:featuredmedia":[{"embeddable":true,"href":"https:\/\/pim.fuglebutikken.no\/nb\/wp-json\/wp\/v2\/media\/90622"}],"wp:attachment":[{"href":"https:\/\/pim.fuglebutikken.no\/nb\/wp-json\/wp\/v2\/media?parent=76343"}],"wp:term":[{"taxonomy":"pwb-brand","embeddable":true,"href":"https:\/\/pim.fuglebutikken.no\/nb\/wp-json\/wp\/v2\/pwb-brand?post=76343"},{"taxonomy":"product_brand","embeddable":true,"href":"https:\/\/pim.fuglebutikken.no\/nb\/wp-json\/wp\/v2\/product_brand?post=76343"},{"taxonomy":"product_cat","embeddable":true,"href":"https:\/\/pim.fuglebutikken.no\/nb\/wp-json\/wp\/v2\/product_cat?post=76343"},{"taxonomy":"product_tag","embeddable":true,"href":"https:\/\/pim.fuglebutikken.no\/nb\/wp-json\/wp\/v2\/product_tag?post=76343"}],"curies":[{"name":"wp","href":"https:\/\/api.w.org\/{rel}","templated":true}]}}