{"id":7510,"date":"2020-03-01T17:02:31","date_gmt":"2020-03-01T16:02:31","guid":{"rendered":"https:\/\/274105-www.web.tornado-node.net\/product\/import-placeholder-for-4538\/"},"modified":"2023-12-12T10:27:19","modified_gmt":"2023-12-12T09:27:19","slug":"ryan-transportbag","status":"publish","type":"product","link":"https:\/\/pim.fuglebutikken.no\/nb\/produkt\/ryan-transportbag\/","title":{"rendered":"Ryan Transportbag"},"content":{"rendered":"<h2>Ryan Transportbag-Veske-B\u00e6rebag Trixie<\/h2>\n<p>Trixie Ryan transportbag, som kan \u00e5pnes \u00f8verst og foran er en transportbag katt og transportbag hund fly, buss eller for \u00e5 b\u00e6re. Bagen har en utstyrslomme samt en avtagbar skulderreim. Inni bagen finner man et kort kobbel, som man kan feste til kj\u00e6ledyrets halsb\u00e5nd eller sele, som hindrer kj\u00e6ledyret i \u00e5 hoppe ut av bagen. Nettingveggene gir god ventilasjon og gj\u00f8r det mulig \u00e5 f\u00f8lge med i omgivelsene. Hundevesker finnes i mange utf\u00f8relser og kvaliteter. Dette er en god, rimelig og basic hundeveske eller katteveske for dyr opp til 6 kg p\u00e5 den minste og opp til 10 kg. p\u00e5 den st\u00f8rste.<\/p>","protected":false},"excerpt":{"rendered":"<h3>Ryan Transportbag-Veske-B\u00e6rebag Trixie<\/h3>\n<ul>\n<li>Ryan Transport Bag<\/li>\n<li>kan \u00e5pnes p\u00e5 toppen<\/li>\n<li>med utvendig sidelomme<\/li>\n<li>avtagbar skulderstropp<\/li>\n<li>med innebygd kort b\u00e5nd<\/li>\n<li>bunnplate, avtagbar<\/li>\n<li>polyester<\/li>\n<li>De minste, lengde 47 cm er opp til 6 kg dyr<\/li>\n<li>De st\u00f8rste, lengde 54-55 cm er opp til 10 kg dyr<\/li>\n<li>Vil passe under setet p\u00e5 de fleste fly<\/li>\n<\/ul>","protected":false},"featured_media":69720,"comment_status":"open","ping_status":"closed","template":"","meta":{"_uf_show_specific_survey":0,"_uf_disable_surveys":false},"pwb-brand":[3899],"product_brand":[],"product_cat":[969,1316,1049,665,731,732,1082],"product_tag":[981,974,986,1004,910],"class_list":{"0":"post-7510","1":"product","2":"type-product","3":"status-publish","4":"has-post-thumbnail","6":"pwb-brand-trixie","7":"product_cat-hund","8":"product_cat-baere-og-trille","9":"product_cat-bur-og-sikkerhet","10":"product_cat-katt","11":"product_cat-katteutstilling","12":"product_cat-reiseutstyr-og-bur","13":"product_cat-stoffbur","14":"product_tag-bil","15":"product_tag-ferie","16":"product_tag-hundetreff","17":"product_tag-sommer-varme","18":"product_tag-utstilling","20":"first","21":"instock","22":"taxable","23":"shipping-taxable","24":"purchasable","25":"product-type-variable","26":"has-default-attributes"},"exclude_global_add_ons":[],"addons":[],"brands":[{"id":3899,"name":"Trixie","slug":"trixie"}],"_links":{"self":[{"href":"https:\/\/pim.fuglebutikken.no\/nb\/wp-json\/wp\/v2\/product\/7510","targetHints":{"allow":["GET"]}}],"collection":[{"href":"https:\/\/pim.fuglebutikken.no\/nb\/wp-json\/wp\/v2\/product"}],"about":[{"href":"https:\/\/pim.fuglebutikken.no\/nb\/wp-json\/wp\/v2\/types\/product"}],"replies":[{"embeddable":true,"href":"https:\/\/pim.fuglebutikken.no\/nb\/wp-json\/wp\/v2\/comments?post=7510"}],"wp:featuredmedia":[{"embeddable":true,"href":"https:\/\/pim.fuglebutikken.no\/nb\/wp-json\/wp\/v2\/media\/69720"}],"wp:attachment":[{"href":"https:\/\/pim.fuglebutikken.no\/nb\/wp-json\/wp\/v2\/media?parent=7510"}],"wp:term":[{"taxonomy":"pwb-brand","embeddable":true,"href":"https:\/\/pim.fuglebutikken.no\/nb\/wp-json\/wp\/v2\/pwb-brand?post=7510"},{"taxonomy":"product_brand","embeddable":true,"href":"https:\/\/pim.fuglebutikken.no\/nb\/wp-json\/wp\/v2\/product_brand?post=7510"},{"taxonomy":"product_cat","embeddable":true,"href":"https:\/\/pim.fuglebutikken.no\/nb\/wp-json\/wp\/v2\/product_cat?post=7510"},{"taxonomy":"product_tag","embeddable":true,"href":"https:\/\/pim.fuglebutikken.no\/nb\/wp-json\/wp\/v2\/product_tag?post=7510"}],"curies":[{"name":"wp","href":"https:\/\/api.w.org\/{rel}","templated":true}]}}