{"id":7509,"date":"2020-03-01T17:02:31","date_gmt":"2020-03-01T16:02:31","guid":{"rendered":"https:\/\/274105-www.web.tornado-node.net\/product\/import-placeholder-for-4536\/"},"modified":"2023-11-01T08:49:51","modified_gmt":"2023-11-01T07:49:51","slug":"ryggsekk-connor","status":"publish","type":"product","link":"https:\/\/pim.fuglebutikken.no\/nb\/produkt\/ryggsekk-connor\/","title":{"rendered":"Ryggsekk Connor 42x29x21cm"},"content":{"rendered":"<h2>Ryggsekk Connor 42x29x21cm<\/h2>\n<h3>Ta med deg kj\u00e6ledyret ditt p\u00e5 ryggen<\/h3>\n<p>Skal du ut og reise, p\u00e5 strandtur eller beh\u00f8ver du bare en praktisk veske \u00e5 b\u00e6re rundt p\u00e5 din lille venn i? N\u00e5 kan du slutte \u00e5 lete. Denne smarte vesken fra Trixie kan du enten anvende som en vanlig veske, eller som ryggsekk. Stroppene er justerbare slik at du skal kunne b\u00e6re bekvemt. Inni vesken finnes et sikkerhetskobbel slik at din lille venn ikke kan r\u00f8mme. Nettene p\u00e5 sidene g\u00e5r bra ventilasjon slik at det ikke blir for varmt. P\u00e5 baksiden finnes reimer som du kan dra et sikkerhetsbelte gjennom dersom dere skal p\u00e5 biltur. Bunnplaten kan tas ut slik at du enkelt kan gj\u00f8re den ren om det skulle v\u00e6re behov. Vesken er laget av nylon.<\/p>","protected":false},"excerpt":{"rendered":"<h3>Ryggsekk Connor 42x29x21cm<\/h3>\n<ul>\n<li>Passer for hunder eller katter opp til 8 kg<\/li>\n<li>Farge: svart\/gr\u00e5<\/li>\n<li>M\u00e5l: 42 x 29 x 21 cm.<\/li>\n<li>Justerbare stropper &#8211; ventilasjons nett<\/li>\n<li>G\u00e5r an \u00e5 \u00e5pne b\u00e5de p\u00e5 fremsiden og p\u00e5 sidene<\/li>\n<li>Avtagbar bunnplate<\/li>\n<li>Kobbel p\u00e5 innsiden for ditt kj\u00e6ledyrs sikkerhet<\/li>\n<\/ul>","protected":false},"featured_media":63002,"comment_status":"open","ping_status":"closed","template":"","meta":{"_uf_show_specific_survey":0,"_uf_disable_surveys":false},"pwb-brand":[3899],"product_brand":[],"product_cat":[969,1316,1049,665,731,732,5924,1082],"product_tag":[3900,981,974,6894,3030,986,6895,3034,907,910],"class_list":{"0":"post-7509","1":"product","2":"type-product","3":"status-publish","4":"has-post-thumbnail","6":"pwb-brand-trixie","7":"product_cat-hund","8":"product_cat-baere-og-trille","9":"product_cat-bur-og-sikkerhet","10":"product_cat-katt","11":"product_cat-katteutstilling","12":"product_cat-reiseutstyr-og-bur","13":"product_cat-ryggsekk","14":"product_cat-stoffbur","15":"product_tag-baereveske","16":"product_tag-bil","17":"product_tag-ferie","18":"product_tag-hundebur-og-transportvesker","19":"product_tag-hundesekk","20":"product_tag-hundetreff","21":"product_tag-hundevesker-og-ryggsekker","22":"product_tag-ryggsekk","23":"product_tag-transportveske","24":"product_tag-utstilling","26":"first","27":"instock","28":"taxable","29":"shipping-taxable","30":"purchasable","31":"product-type-variable","32":"has-default-attributes"},"exclude_global_add_ons":[],"addons":[],"brands":[{"id":3899,"name":"Trixie","slug":"trixie"}],"_links":{"self":[{"href":"https:\/\/pim.fuglebutikken.no\/nb\/wp-json\/wp\/v2\/product\/7509","targetHints":{"allow":["GET"]}}],"collection":[{"href":"https:\/\/pim.fuglebutikken.no\/nb\/wp-json\/wp\/v2\/product"}],"about":[{"href":"https:\/\/pim.fuglebutikken.no\/nb\/wp-json\/wp\/v2\/types\/product"}],"replies":[{"embeddable":true,"href":"https:\/\/pim.fuglebutikken.no\/nb\/wp-json\/wp\/v2\/comments?post=7509"}],"wp:featuredmedia":[{"embeddable":true,"href":"https:\/\/pim.fuglebutikken.no\/nb\/wp-json\/wp\/v2\/media\/63002"}],"wp:attachment":[{"href":"https:\/\/pim.fuglebutikken.no\/nb\/wp-json\/wp\/v2\/media?parent=7509"}],"wp:term":[{"taxonomy":"pwb-brand","embeddable":true,"href":"https:\/\/pim.fuglebutikken.no\/nb\/wp-json\/wp\/v2\/pwb-brand?post=7509"},{"taxonomy":"product_brand","embeddable":true,"href":"https:\/\/pim.fuglebutikken.no\/nb\/wp-json\/wp\/v2\/product_brand?post=7509"},{"taxonomy":"product_cat","embeddable":true,"href":"https:\/\/pim.fuglebutikken.no\/nb\/wp-json\/wp\/v2\/product_cat?post=7509"},{"taxonomy":"product_tag","embeddable":true,"href":"https:\/\/pim.fuglebutikken.no\/nb\/wp-json\/wp\/v2\/product_tag?post=7509"}],"curies":[{"name":"wp","href":"https:\/\/api.w.org\/{rel}","templated":true}]}}