{"id":74965,"date":"2022-12-17T04:02:42","date_gmt":"2022-12-17T03:02:42","guid":{"rendered":"https:\/\/83725a6903.nxcli.io\/butikk\/ukategorisert\/produkt-2054\/"},"modified":"2023-11-07T21:48:07","modified_gmt":"2023-11-07T20:48:07","slug":"eheim-innsug","status":"publish","type":"product","link":"https:\/\/pim.fuglebutikken.no\/nb\/produkt\/eheim-innsug\/","title":{"rendered":"EHEIM innsug Installasjons sett"},"content":{"rendered":"<h2>EHEIM innsug Installasjons sett<\/h2>\n<p>Brukerveiledning for ned lasting <a href=\"https:\/\/akvaristikk.no\/wp-content\/uploads\/sites\/6\/2023\/01\/Veiledning-Eheim-innsug.pdf\" target=\"_blank\" rel=\"noopener\">HER<\/a><\/p>","protected":false},"excerpt":{"rendered":"<h3>EHEIM innsug Installasjons sett<\/h3>\n<p>EHEIM InstallationsSETs lar deg bestemme vannstr\u00f8mmen i akvariet ditt.<\/p>\n<p>Hvor skal innl\u00f8pet for vannet v\u00e6re? Hvordan skal stikkontakten fungere? Hva slags r\u00f8r, slanger, dyser etc. skal brukes?<br \/>\nInstallasjonssettene v\u00e5re er en modul\u00e6r rekke tilbeh\u00f8r. De best\u00e5r av et bredt spekter av matchende komponenter, som du kan konfigurere og utvide dine vannstr\u00f8mkoblinger med for \u00e5 passe dine egne personlige behov. Settene kan festes til alle EHEIM eksterne filtre. InstallationsSET 1 er designet for innl\u00f8pssiden og InstallationsSET 2 for utl\u00f8pssiden.<\/p>\n<p>To grunnsett \u2013 det komplette grunnlaget for din egen individuelle utvidelse med et omfattende utvalg av tilbeh\u00f8r:<\/p>","protected":false},"featured_media":87377,"comment_status":"open","ping_status":"closed","template":"","meta":{"_uf_show_specific_survey":0,"_uf_disable_surveys":false},"pwb-brand":[3858],"product_brand":[],"product_cat":[4092,276,3475,277],"product_tag":[6363],"class_list":{"0":"post-74965","1":"product","2":"type-product","3":"status-publish","4":"has-post-thumbnail","6":"pwb-brand-eheim","7":"product_cat-akvaristikk","8":"product_cat-pumper-sirkulasjon","9":"product_cat-slanger-og-ror","10":"product_cat-tilbehor-til-pumper-og-filter","11":"product_tag-slangar","13":"first","14":"instock","15":"taxable","16":"shipping-taxable","17":"purchasable","18":"product-type-variable","19":"has-default-attributes"},"exclude_global_add_ons":[],"addons":[],"brands":[{"id":3858,"name":"Eheim","slug":"eheim"}],"_links":{"self":[{"href":"https:\/\/pim.fuglebutikken.no\/nb\/wp-json\/wp\/v2\/product\/74965","targetHints":{"allow":["GET"]}}],"collection":[{"href":"https:\/\/pim.fuglebutikken.no\/nb\/wp-json\/wp\/v2\/product"}],"about":[{"href":"https:\/\/pim.fuglebutikken.no\/nb\/wp-json\/wp\/v2\/types\/product"}],"replies":[{"embeddable":true,"href":"https:\/\/pim.fuglebutikken.no\/nb\/wp-json\/wp\/v2\/comments?post=74965"}],"wp:featuredmedia":[{"embeddable":true,"href":"https:\/\/pim.fuglebutikken.no\/nb\/wp-json\/wp\/v2\/media\/87377"}],"wp:attachment":[{"href":"https:\/\/pim.fuglebutikken.no\/nb\/wp-json\/wp\/v2\/media?parent=74965"}],"wp:term":[{"taxonomy":"pwb-brand","embeddable":true,"href":"https:\/\/pim.fuglebutikken.no\/nb\/wp-json\/wp\/v2\/pwb-brand?post=74965"},{"taxonomy":"product_brand","embeddable":true,"href":"https:\/\/pim.fuglebutikken.no\/nb\/wp-json\/wp\/v2\/product_brand?post=74965"},{"taxonomy":"product_cat","embeddable":true,"href":"https:\/\/pim.fuglebutikken.no\/nb\/wp-json\/wp\/v2\/product_cat?post=74965"},{"taxonomy":"product_tag","embeddable":true,"href":"https:\/\/pim.fuglebutikken.no\/nb\/wp-json\/wp\/v2\/product_tag?post=74965"}],"curies":[{"name":"wp","href":"https:\/\/api.w.org\/{rel}","templated":true}]}}