{"id":74575,"date":"2022-12-17T04:00:09","date_gmt":"2022-12-17T03:00:09","guid":{"rendered":"https:\/\/83725a6903.nxcli.io\/butikk\/ukategorisert\/produkt-1664\/"},"modified":"2023-10-11T23:25:56","modified_gmt":"2023-10-11T21:25:56","slug":"produkt-1664","status":"publish","type":"product","link":"https:\/\/pim.fuglebutikken.no\/nb\/produkt\/produkt-1664\/","title":{"rendered":"Raptor innvendig filter"},"content":{"rendered":"<h2>Raptor innvendig filter<\/h2>\n<p id=\"tw-target-text\" class=\"tw-data-text tw-text-large tw-ta\" dir=\"ltr\" data-placeholder=\"Oversettelse\"><span class=\"Y2IQFc\" lang=\"no\">Mekanisk og biologisk filtrering. Leveres med et biologisk svart svampfilter som er ideelt for dyrking av nyttige bakterier. Enkel \u00e5 oppgradere, muligheten finnes for \u00e5 legge til en ekstra filterbeholder for \u00f8kt ytelse. Kan brukes som innerfilter eller som powerhead. Enkel \u00e5 bruke, delene kan enkelt demonteres for enkel rengj\u00f8ring. P\u00e5litelig, kraftig og stilleg\u00e5ende. For salt og ferskvann.<\/span><\/p>\n<ul>\n<li id=\"tw-target-text\" class=\"tw-data-text tw-text-large tw-ta\" dir=\"ltr\" data-placeholder=\"Oversettelse\"><span class=\"Y2IQFc\" lang=\"no\">Stille <\/span><\/li>\n<li class=\"tw-data-text tw-text-large tw-ta\" dir=\"ltr\" data-placeholder=\"Oversettelse\"><span class=\"Y2IQFc\" lang=\"no\">Energieffektiv <\/span><\/li>\n<li class=\"tw-data-text tw-text-large tw-ta\" dir=\"ltr\" data-placeholder=\"Oversettelse\"><span class=\"Y2IQFc\" lang=\"no\">Kraftig<\/span><\/li>\n<\/ul>\n<p>Tekniske data:<\/p>\n<p>300l\/h &#8211; 1,8W, maks. l\u00f8fteh\u00f8yde 0,65m, maks. flow 300 liter pr. time<\/p>\n<p>750l\/ &#8211;\u00a0 6W, maks. l\u00f8fteh\u00f8yde 0,85m, maks. flow 750 liter pr. time<\/p>\n<p>950l\/h &#8211; 10W, maks. l\u00f8fteh\u00f8yde 1,2m, maks. flow 950 liter pr. time<\/p>\n<p>1200l\/h &#8211;\u00a015W, maks. l\u00f8fteh\u00f8yde 1,4m, maks. flow 1200 liter pr. time<\/p>\n<p>1600l\/h &#8211;\u00a0 22W, maks. l\u00f8fteh\u00f8yde 1,85m, maks. flow 1600 liter pr. time<\/p>\n<p>2400l\/h &#8211; 25W, maks. l\u00f8fteh\u00f8yde 2,2m, maks. flow 2400 liter pr. time<\/p>\n<p>&nbsp;<\/p>","protected":false},"excerpt":{"rendered":"<h3>Aqua Zonic Raptor innvendig filter<\/h3>\n<p>er et godt og effektivt innvendig akvariefilter som bruker lite str\u00f8m. Filteret med filterpatron tilbyr b\u00e5de mekanisk og biologisk filtrering. Filteret er i tillegg stilleg\u00e5ende og kan benyttes b\u00e5de som tradisjonelt innvendig filter og powerhead. Filteret ligger helt ut mot innsuget som kan forhindre at yngel og sm\u00e5 reker blir dratt inn i pumpen.<\/p>","protected":false},"featured_media":91158,"comment_status":"open","ping_status":"closed","template":"","meta":{"_uf_show_specific_survey":0,"_uf_disable_surveys":false},"pwb-brand":[],"product_brand":[],"product_cat":[280,276],"product_tag":[6296],"class_list":{"0":"post-74575","1":"product","2":"type-product","3":"status-publish","4":"has-post-thumbnail","6":"product_cat-innvendig","7":"product_cat-pumper-sirkulasjon","8":"product_tag-innerfilter","10":"first","11":"instock","12":"taxable","13":"shipping-taxable","14":"purchasable","15":"product-type-variable","16":"has-default-attributes"},"exclude_global_add_ons":[],"addons":[],"brands":[],"_links":{"self":[{"href":"https:\/\/pim.fuglebutikken.no\/nb\/wp-json\/wp\/v2\/product\/74575","targetHints":{"allow":["GET"]}}],"collection":[{"href":"https:\/\/pim.fuglebutikken.no\/nb\/wp-json\/wp\/v2\/product"}],"about":[{"href":"https:\/\/pim.fuglebutikken.no\/nb\/wp-json\/wp\/v2\/types\/product"}],"replies":[{"embeddable":true,"href":"https:\/\/pim.fuglebutikken.no\/nb\/wp-json\/wp\/v2\/comments?post=74575"}],"wp:featuredmedia":[{"embeddable":true,"href":"https:\/\/pim.fuglebutikken.no\/nb\/wp-json\/wp\/v2\/media\/91158"}],"wp:attachment":[{"href":"https:\/\/pim.fuglebutikken.no\/nb\/wp-json\/wp\/v2\/media?parent=74575"}],"wp:term":[{"taxonomy":"pwb-brand","embeddable":true,"href":"https:\/\/pim.fuglebutikken.no\/nb\/wp-json\/wp\/v2\/pwb-brand?post=74575"},{"taxonomy":"product_brand","embeddable":true,"href":"https:\/\/pim.fuglebutikken.no\/nb\/wp-json\/wp\/v2\/product_brand?post=74575"},{"taxonomy":"product_cat","embeddable":true,"href":"https:\/\/pim.fuglebutikken.no\/nb\/wp-json\/wp\/v2\/product_cat?post=74575"},{"taxonomy":"product_tag","embeddable":true,"href":"https:\/\/pim.fuglebutikken.no\/nb\/wp-json\/wp\/v2\/product_tag?post=74575"}],"curies":[{"name":"wp","href":"https:\/\/api.w.org\/{rel}","templated":true}]}}