{"id":72628,"date":"2022-12-05T12:13:54","date_gmt":"2022-12-05T11:13:54","guid":{"rendered":"https:\/\/83725a6903.nxcli.io\/butikk\/ukategorisert\/produkt-603\/"},"modified":"2023-07-25T22:04:00","modified_gmt":"2023-07-25T20:04:00","slug":"myfamily-basic-sirkel-handlaget","status":"publish","type":"product","link":"https:\/\/pim.fuglebutikken.no\/nb\/produkt\/myfamily-basic-sirkel-handlaget\/","title":{"rendered":"Myfamily Basic Sirkel h\u00e5ndlaget ID tag"},"content":{"rendered":"<h2>Myfamily Basic Sirkel h\u00e5ndlaget ID tag<\/h2>\n<p><img loading=\"lazy\" decoding=\"async\" class=\"alignnone size-medium wp-image-88041\" src=\"https:\/\/fuglebutikken.no\/wp-content\/uploads\/2022\/12\/Myfamily-Basic-Sirkel-handlaget-ID-tag....-500x500.jpg\" alt=\"Myfamily Basic Sirkel h\u00e5ndlaget ID tag\" width=\"500\" height=\"500\" title=\"\" srcset=\"\/wp-content\/uploads\/2022\/12\/Myfamily-Basic-Sirkel-handlaget-ID-tag....-500x500.jpg 500w, \/wp-content\/uploads\/2022\/12\/Myfamily-Basic-Sirkel-handlaget-ID-tag....-150x150.jpg 150w, \/wp-content\/uploads\/2022\/12\/Myfamily-Basic-Sirkel-handlaget-ID-tag....-768x768.jpg 768w, \/wp-content\/uploads\/2022\/12\/Myfamily-Basic-Sirkel-handlaget-ID-tag....-510x510.jpg 510w, \/wp-content\/uploads\/2022\/12\/Myfamily-Basic-Sirkel-handlaget-ID-tag....-160x160.jpg 160w, \/wp-content\/uploads\/2022\/12\/Myfamily-Basic-Sirkel-handlaget-ID-tag....-300x300.jpg 300w, \/wp-content\/uploads\/2022\/12\/Myfamily-Basic-Sirkel-handlaget-ID-tag....-600x600.jpg 600w, \/wp-content\/uploads\/2022\/12\/Myfamily-Basic-Sirkel-handlaget-ID-tag....-64x64.jpg 64w, \/wp-content\/uploads\/2022\/12\/Myfamily-Basic-Sirkel-handlaget-ID-tag.....jpg 1024w\" sizes=\"auto, (max-width: 500px) 100vw, 500px\" \/><\/p>","protected":false},"excerpt":{"rendered":"<h3>Myfamily Basic Sirkel h\u00e5ndlaget ID tag<\/h3>\n<p>De friske pastellnyansene i Basic Handmade-kolleksjonen transporterer oss inn i et dr\u00f8mmende univers. Dens essensielle estetikk gj\u00f8r dem egnet for enhver anledning, og gir en klassisk, men aldri banal touch til kj\u00e6ledyrets antrekk. Beriket med MyFamily-logoen, er de tilgjengelige i bein-, sirkel-, hjerteformer. H\u00e5ndlaget i Italia.<\/p>","protected":false},"featured_media":88042,"comment_status":"open","ping_status":"closed","template":"","meta":{"_uf_show_specific_survey":0,"_uf_disable_surveys":false},"pwb-brand":[3946],"product_brand":[],"product_cat":[709,992,969,2915,1432,665,6184],"product_tag":[2148],"class_list":{"0":"post-72628","1":"product","2":"type-product","3":"status-publish","4":"has-post-thumbnail","6":"pwb-brand-myfamily","7":"product_cat-band-og-sele","8":"product_cat-halsband-kobbel-og-seler","9":"product_cat-hund","10":"product_cat-id-merke-katt","11":"product_cat-id-merker","12":"product_cat-katt","13":"product_cat-sirkler","14":"product_tag-id-merke","16":"first","17":"instock","18":"taxable","19":"shipping-taxable","20":"purchasable","21":"product-type-simple"},"exclude_global_add_ons":false,"addons":[{"name":"Linje 1, 15 tegn","type":"custom_text","position":0,"required":false,"title_format":"label","default":"","description_enable":true,"description":"Det er mulig \u00e5 gravere inntil 4 linjer, men det er ikke noe vi anbefaler da teksten blir veldig liten. \u00d8nsker du allikevel 3 eller 4 linje skriv det til oss i en kommentar.","placeholder_enable":false,"placeholder":"","display":"select","restrictions_type":"any_text","adjust_price":false,"price":"","price_type":"flat_fee","restrictions":true,"min":"0","max":"15","options":[],"id":1675064113},{"name":"Linje 2, 15 tegn","type":"custom_text","position":1,"required":false,"title_format":"label","default":"","description_enable":false,"description":"","placeholder_enable":false,"placeholder":"","display":"select","restrictions_type":"any_text","adjust_price":false,"price":"","price_type":"flat_fee","restrictions":false,"min":"0","max":"0","options":[],"id":1675064142},{"name":"De neste 2 linjene gjelder;","type":"multiple_choice","position":2,"required":false,"title_format":"hide","default":"","description_enable":false,"description":"","placeholder_enable":false,"placeholder":"","display":"radiobutton","restrictions_type":"any_text","adjust_price":false,"price":"","price_type":"flat_fee","restrictions":false,"min":"0","max":"0","options":[{"label":"Forsiden","price":"","price_type":"flat_fee","image":0,"visibility":true},{"label":"Baksiden","price":"","price_type":"flat_fee","image":0,"visibility":true}],"id":1675782045},{"name":"Linje 3, eller bakside linje 1 (gjelder ID merker uten motiv p\u00e5 den ene siden)","type":"custom_text","position":3,"required":false,"title_format":"label","default":"","description_enable":false,"description":"","placeholder_enable":false,"placeholder":"","display":"select","restrictions_type":"any_text","adjust_price":false,"price":"","price_type":"flat_fee","restrictions":true,"min":"0","max":"15","options":[],"id":1675781925},{"name":"Linje 4, eller bakside linje 2 (gjelder ID merker uten motiv p\u00e5 den ene siden)","type":"custom_text","position":4,"required":false,"title_format":"label","default":"","description_enable":false,"description":"","placeholder_enable":false,"placeholder":"","display":"select","restrictions_type":"any_text","adjust_price":false,"price":"","price_type":"flat_fee","restrictions":true,"min":"0","max":"15","options":[],"id":1675781926}],"brands":[{"id":3946,"name":"MyFamily","slug":"myfamily"}],"_links":{"self":[{"href":"https:\/\/pim.fuglebutikken.no\/nb\/wp-json\/wp\/v2\/product\/72628","targetHints":{"allow":["GET"]}}],"collection":[{"href":"https:\/\/pim.fuglebutikken.no\/nb\/wp-json\/wp\/v2\/product"}],"about":[{"href":"https:\/\/pim.fuglebutikken.no\/nb\/wp-json\/wp\/v2\/types\/product"}],"replies":[{"embeddable":true,"href":"https:\/\/pim.fuglebutikken.no\/nb\/wp-json\/wp\/v2\/comments?post=72628"}],"wp:featuredmedia":[{"embeddable":true,"href":"https:\/\/pim.fuglebutikken.no\/nb\/wp-json\/wp\/v2\/media\/88042"}],"wp:attachment":[{"href":"https:\/\/pim.fuglebutikken.no\/nb\/wp-json\/wp\/v2\/media?parent=72628"}],"wp:term":[{"taxonomy":"pwb-brand","embeddable":true,"href":"https:\/\/pim.fuglebutikken.no\/nb\/wp-json\/wp\/v2\/pwb-brand?post=72628"},{"taxonomy":"product_brand","embeddable":true,"href":"https:\/\/pim.fuglebutikken.no\/nb\/wp-json\/wp\/v2\/product_brand?post=72628"},{"taxonomy":"product_cat","embeddable":true,"href":"https:\/\/pim.fuglebutikken.no\/nb\/wp-json\/wp\/v2\/product_cat?post=72628"},{"taxonomy":"product_tag","embeddable":true,"href":"https:\/\/pim.fuglebutikken.no\/nb\/wp-json\/wp\/v2\/product_tag?post=72628"}],"curies":[{"name":"wp","href":"https:\/\/api.w.org\/{rel}","templated":true}]}}