{"id":71162,"date":"2022-12-04T18:37:47","date_gmt":"2022-12-04T17:37:47","guid":{"rendered":"https:\/\/83725a6903.nxcli.io\/?post_type=product&#038;p=71162"},"modified":"2023-11-27T23:16:40","modified_gmt":"2023-11-27T22:16:40","slug":"ciao-churu-katt-tunfisk-med-biff","status":"publish","type":"product","link":"https:\/\/pim.fuglebutikken.no\/nb\/produkt\/ciao-churu-katt-tunfisk-med-biff\/","title":{"rendered":"Ciao Churu katt Tunfisk med biff, 4stk"},"content":{"rendered":"<h2>Ciao Churu katt Tunfisk med biff, 4stk<\/h2>\n<p id=\"tw-target-text\" class=\"tw-data-text tw-text-large tw-ta\" dir=\"ltr\" data-placeholder=\"Oversettelse\"><span class=\"Y2IQFc\" lang=\"no\">Disse slikk bare godbitene for katter er laget med 100 % ren og naturlig vill tunfisk eller g\u00e5rds oppdrettet kylling! <\/span><\/p>\n<p class=\"tw-data-text tw-text-large tw-ta\" dir=\"ltr\" data-placeholder=\"Oversettelse\"><span class=\"Y2IQFc\" lang=\"no\">Finnes i ni delikate varianter, Churu\u00ae Pur\u00e9es er h\u00f8y p\u00e5 fuktighet som katter trenger for god helse. Bare riv opp en tube og klem den litt for \u00e5 mate disse korn frie, konserverings frie godbitene for h\u00e5nd. Du kan ogs\u00e5 helle dem i en bolle eller bruke som en smakfull topper p\u00e5 v\u00e5t eller t\u00f8rr mat. <\/span><\/p>\n<p class=\"tw-data-text tw-text-large tw-ta\" dir=\"ltr\" data-placeholder=\"Oversettelse\"><span class=\"Y2IQFc\" lang=\"no\">\u30fb Laget med 100 % ren og naturlig vill tunfisk og h\u00f8ykvalitets biff\u00a0<\/span><\/p>\n<p class=\"tw-data-text tw-text-large tw-ta\" dir=\"ltr\" data-placeholder=\"Oversettelse\"><span class=\"Y2IQFc\" lang=\"no\">\u30fbIngen korn, konserveringsmidler eller kunstige farger <\/span><\/p>\n<p class=\"tw-data-text tw-text-large tw-ta\" dir=\"ltr\" data-placeholder=\"Oversettelse\"><span class=\"Y2IQFc\" lang=\"no\">\u30fb Kremet tekstur og salte smaker katter elsker <\/span><\/p>\n<p class=\"tw-data-text tw-text-large tw-ta\" dir=\"ltr\" data-placeholder=\"Oversettelse\"><span class=\"Y2IQFc\" lang=\"no\">\u30fbFlott for \u00e5 kamuflere piller\u00a0<\/span><\/p>\n<p class=\"tw-data-text tw-text-large tw-ta\" dir=\"ltr\" data-placeholder=\"Oversettelse\"><span class=\"Y2IQFc\" lang=\"no\">\u30fbH\u00f8y p\u00e5 fuktighet som katter trenger for god helse<\/span><\/p>\n<p class=\"tw-data-text tw-text-large tw-ta\" dir=\"ltr\" data-placeholder=\"Oversettelse\"><span class=\"Y2IQFc\" lang=\"no\">\u30fb Lite kalorier <\/span><\/p>\n<p class=\"tw-data-text tw-text-large tw-ta\" dir=\"ltr\" data-placeholder=\"Oversettelse\"><span class=\"Y2IQFc\" lang=\"no\">\u30fbDesignet for f\u00f4ring for h\u00e5nd <\/span><\/p>\n<p class=\"tw-data-text tw-text-large tw-ta\" dir=\"ltr\" data-placeholder=\"Oversettelse\"><span class=\"Y2IQFc\" lang=\"no\">\u30fbInnovativ, interaktiv m\u00e5te \u00e5 tilbringe tid sammen p\u00e5 <\/span><\/p>\n<p class=\"tw-data-text tw-text-large tw-ta\" dir=\"ltr\" data-placeholder=\"Oversettelse\"><span class=\"Y2IQFc\" lang=\"no\">\u30fbKan brukes som topper p\u00e5 v\u00e5t eller t\u00f8rr mat<\/span><\/p>\n<p id=\"tw-target-text\" class=\"tw-data-text tw-text-large tw-ta\" dir=\"ltr\" data-placeholder=\"Oversettelse\"><span class=\"Y2IQFc\" lang=\"no\">INGREDIENSER Vann, tunfisk, biff, tapiokastivelse, naturlige smaker, guargummi, naturlig tunfisksmak, vitamin E-tilskudd, taurin, ekstrakt av gr\u00f8nn te.<\/span><\/p>\n<p class=\"tw-data-text tw-text-large tw-ta\" dir=\"ltr\" data-placeholder=\"Oversettelse\"><span class=\"Y2IQFc\" lang=\"no\">GARANTERT ANALYSE R\u00e5protein (min) 7,00 % R\u00e5fett (min) 0,20 % R\u00e5fiber (maks.) 0,30 % Fuktighet (maks.) 91,00 % Vitamin E (min) 310 IE\/kg Taurin (min) 0,025 % Natrium 0,38 % Fosfor 0,23 % Magnesium 0,01 % Kalsium 0,03 % Kalium 0,09 %<\/span><\/p>\n<p id=\"tw-target-text\" class=\"tw-data-text tw-text-large tw-ta\" dir=\"ltr\" data-placeholder=\"Oversettelse\"><span class=\"Y2IQFc\" lang=\"no\">KALORIINNHOLD 430 kcal\/kg, 6,0 kcal\/r\u00f8r ME (beregnet) <\/span><\/p>\n<p class=\"tw-data-text tw-text-large tw-ta\" dir=\"ltr\" data-placeholder=\"Oversettelse\"><span class=\"Y2IQFc\" lang=\"no\">NETTO VEKT 0,5 oz (14 g) \u00d7 4 r\u00f8r, 2,0 oz (56 g)<\/span><\/p>\n<p>&nbsp;<\/p>","protected":false},"excerpt":{"rendered":"<h3>Ciao Churu katt Tunfisk med biff<\/h3>\n<p><span class=\"Y2IQFc\" lang=\"no\">Disse slikk bare godbitene for katter er laget med 100 % ren og naturlig vill tunfisk eller g\u00e5rds oppdrettet kylling! <\/span><\/p>","protected":false},"featured_media":71174,"comment_status":"closed","ping_status":"closed","template":"","meta":{"_uf_show_specific_survey":0,"_uf_disable_surveys":false},"pwb-brand":[5590,5591],"product_brand":[],"product_cat":[5592,5593,665,695,715,705],"product_tag":[],"class_list":{"0":"post-71162","1":"product","2":"type-product","3":"status-publish","4":"has-post-thumbnail","6":"pwb-brand-churu","7":"pwb-brand-ciao-churu","8":"product_cat-ciao-churu","9":"product_cat-ciao-churu-snacks","10":"product_cat-katt","11":"product_cat-kattemat-og-snacks","12":"product_cat-snacks","13":"product_cat-vatfor","15":"first","16":"instock","17":"sale","18":"taxable","19":"shipping-taxable","20":"purchasable","21":"product-type-variable","22":"has-default-attributes"},"exclude_global_add_ons":[],"addons":[],"brands":[{"id":5590,"name":"Churu","slug":"churu"},{"id":5591,"name":"Ciao Churu","slug":"ciao-churu"}],"_links":{"self":[{"href":"https:\/\/pim.fuglebutikken.no\/nb\/wp-json\/wp\/v2\/product\/71162","targetHints":{"allow":["GET"]}}],"collection":[{"href":"https:\/\/pim.fuglebutikken.no\/nb\/wp-json\/wp\/v2\/product"}],"about":[{"href":"https:\/\/pim.fuglebutikken.no\/nb\/wp-json\/wp\/v2\/types\/product"}],"replies":[{"embeddable":true,"href":"https:\/\/pim.fuglebutikken.no\/nb\/wp-json\/wp\/v2\/comments?post=71162"}],"wp:featuredmedia":[{"embeddable":true,"href":"https:\/\/pim.fuglebutikken.no\/nb\/wp-json\/wp\/v2\/media\/71174"}],"wp:attachment":[{"href":"https:\/\/pim.fuglebutikken.no\/nb\/wp-json\/wp\/v2\/media?parent=71162"}],"wp:term":[{"taxonomy":"pwb-brand","embeddable":true,"href":"https:\/\/pim.fuglebutikken.no\/nb\/wp-json\/wp\/v2\/pwb-brand?post=71162"},{"taxonomy":"product_brand","embeddable":true,"href":"https:\/\/pim.fuglebutikken.no\/nb\/wp-json\/wp\/v2\/product_brand?post=71162"},{"taxonomy":"product_cat","embeddable":true,"href":"https:\/\/pim.fuglebutikken.no\/nb\/wp-json\/wp\/v2\/product_cat?post=71162"},{"taxonomy":"product_tag","embeddable":true,"href":"https:\/\/pim.fuglebutikken.no\/nb\/wp-json\/wp\/v2\/product_tag?post=71162"}],"curies":[{"name":"wp","href":"https:\/\/api.w.org\/{rel}","templated":true}]}}