{"id":70553,"date":"2022-11-27T12:07:18","date_gmt":"2022-11-27T11:07:18","guid":{"rendered":"https:\/\/83725a6903.nxcli.io\/?post_type=product&#038;p=70553"},"modified":"2023-09-12T09:59:08","modified_gmt":"2023-09-12T07:59:08","slug":"saint-tropez-nokkelring","status":"publish","type":"product","link":"https:\/\/pim.fuglebutikken.no\/nb\/produkt\/saint-tropez-nokkelring\/","title":{"rendered":"Saint Tropez n\u00f8kkelring"},"content":{"rendered":"<h2>Saint Tropez n\u00f8kkelring<\/h2>\n<p>De nyeste MyFamily&#8217;s n\u00f8kkelringene, 100 % laget i Italia, er klare til \u00e5 ligge i tusenvis av menneskers lommer og vesker, og uttrykker en elegant og moderne stil. Variasjonen av teksturer, sammen med materialkvaliteten og den h\u00e5ndlagde omsorgen for detaljer, gir store f\u00f8lelser til hvem som bringer dem med seg. De mannlige designene er relatert til Bilbao-krage- og b\u00e5ndkolleksjonen, i kunstl\u00e6r med nagler. I stedet er de kvinnelige designene knyttet til Saint Tropez-kolleksjonen, preget av raffinerte detaljer i glitteremalje. Alle MyFamily&#8217;s ID-brikker er perfekte \u00e5 henge p\u00e5 de nye n\u00f8kkelringene, og kan tilpasses med en gravert frase eller en dedikasjon. Dermed vil hver person ha et virkelig unikt produkt.<\/p>","protected":false},"excerpt":{"rendered":"<h3>Saint Tropez n\u00f8kkelring<\/h3>\n<p>De nyeste MyFamily&#8217;s n\u00f8kkelringene, 100 % laget i Italia, er klare til \u00e5 ligge i tusenvis av menneskers lommer og vesker, og uttrykker en elegant og moderne stil. Variasjonen av teksturer, sammen med materialkvaliteten og den h\u00e5ndlagde omsorgen for detaljer, gir store f\u00f8lelser til hvem som bringer dem med seg. De mannlige designene er relatert til Bilbao-krage- og b\u00e5ndkolleksjonen, i kunstl\u00e6r med nagler. I stedet er de kvinnelige designene knyttet til Saint Tropez-kolleksjonen, preget av raffinerte detaljer i glitteremalje. Alle MyFamily&#8217;s ID-brikker er perfekte \u00e5 henge p\u00e5 de nye n\u00f8kkelringene, og kan tilpasses med en gravert frase eller en dedikasjon. Dermed vil hver person ha et virkelig unikt produkt.<\/p>\n<ul>\n<li>Bestill gjerne et gravert ID merke for \u00e5 henge i n\u00f8kkelringen<\/li>\n<\/ul>","protected":false},"featured_media":89969,"comment_status":"closed","ping_status":"closed","template":"","meta":{"_uf_show_specific_survey":0,"_uf_disable_surveys":false},"pwb-brand":[3946],"product_brand":[],"product_cat":[3772,969,6202],"product_tag":[],"class_list":{"0":"post-70553","1":"product","2":"type-product","3":"status-publish","4":"has-post-thumbnail","6":"pwb-brand-myfamily","7":"product_cat-dyreeier","8":"product_cat-hund","9":"product_cat-nokkelring","11":"first","12":"instock","13":"taxable","14":"shipping-taxable","15":"purchasable","16":"product-type-variable","17":"has-default-attributes"},"exclude_global_add_ons":[],"addons":[],"brands":[{"id":3946,"name":"MyFamily","slug":"myfamily"}],"_links":{"self":[{"href":"https:\/\/pim.fuglebutikken.no\/nb\/wp-json\/wp\/v2\/product\/70553","targetHints":{"allow":["GET"]}}],"collection":[{"href":"https:\/\/pim.fuglebutikken.no\/nb\/wp-json\/wp\/v2\/product"}],"about":[{"href":"https:\/\/pim.fuglebutikken.no\/nb\/wp-json\/wp\/v2\/types\/product"}],"replies":[{"embeddable":true,"href":"https:\/\/pim.fuglebutikken.no\/nb\/wp-json\/wp\/v2\/comments?post=70553"}],"wp:featuredmedia":[{"embeddable":true,"href":"https:\/\/pim.fuglebutikken.no\/nb\/wp-json\/wp\/v2\/media\/89969"}],"wp:attachment":[{"href":"https:\/\/pim.fuglebutikken.no\/nb\/wp-json\/wp\/v2\/media?parent=70553"}],"wp:term":[{"taxonomy":"pwb-brand","embeddable":true,"href":"https:\/\/pim.fuglebutikken.no\/nb\/wp-json\/wp\/v2\/pwb-brand?post=70553"},{"taxonomy":"product_brand","embeddable":true,"href":"https:\/\/pim.fuglebutikken.no\/nb\/wp-json\/wp\/v2\/product_brand?post=70553"},{"taxonomy":"product_cat","embeddable":true,"href":"https:\/\/pim.fuglebutikken.no\/nb\/wp-json\/wp\/v2\/product_cat?post=70553"},{"taxonomy":"product_tag","embeddable":true,"href":"https:\/\/pim.fuglebutikken.no\/nb\/wp-json\/wp\/v2\/product_tag?post=70553"}],"curies":[{"name":"wp","href":"https:\/\/api.w.org\/{rel}","templated":true}]}}