{"id":70522,"date":"2022-11-26T19:40:53","date_gmt":"2022-11-26T18:40:53","guid":{"rendered":"https:\/\/83725a6903.nxcli.io\/?post_type=product&#038;p=70522"},"modified":"2023-12-28T12:05:02","modified_gmt":"2023-12-28T11:05:02","slug":"dognikita-melkesyrebakterier","status":"publish","type":"product","link":"https:\/\/pim.fuglebutikken.no\/nb\/produkt\/dognikita-melkesyrebakterier\/","title":{"rendered":"DogNikita Melkesyrebakterier"},"content":{"rendered":"<h2 class=\"wps-products-title css-7ltxef-titleStyles\">DogNikita Melkesyrebakterier &#8211; 500 ml<\/h2>\n<div id=\"product_description\" class=\"wpshopify-has-rendered\">\n<div class=\"wps-component-products-description css-1eh788p-ProductDescriptionCSS\">\n<p><strong>DOGNIKITA MELKESYREBAKTERIER<\/strong> inneholder en h\u00f8y konsentrasjon av naturlige og \u00f8nskede melkesyrebakterier. Melkesyrebakterier kan hjelpe hunden med \u00e5 opprettholde en god helse, en velfungerende ford\u00f8yelse og et sterkt immunforsvar. Godt egnet for hunder som er plaget med l\u00f8s mage eller har v\u00e6rt gjennom en antibiotikakur. DogNikita Melkesyrebakterier tilsettes direkte i f\u00f4ret. Tilskuddet gir \u00f8kt appetitt og har en smak som de fleste hunder liker.<\/p>\n<p><strong>DOSERING PER DAG:<\/strong><br \/>\nCa 1 ml per kilo kroppsvekt (1 teskje = 5 ml. Flaskens kork = 15 ml). Oljen blandes i f\u00f4ret. F\u00f8lg angitt dosering. L\u00f8s mage kan forekomme ved overdosering. Bruk: Som en aroma- og appetittvekkende f\u00f4rtilsetning til hund. Blandes i f\u00f4r rett f\u00f8r bruk. Kan fortynnes med vann rett f\u00f8r bruk. Kan brukes daglig eller som kur.<\/p>\n<p><strong>OPPBEVARING:<\/strong><br \/>\nRomtemperatur, beskyttet mot sollys. Etter \u00e5pning: M\u00f8rkt og kj\u00f8lig. Holdbarhet etter \u00e5pning: Ca 3 m\u00e5neder ved kj\u00f8lig oppbevaring.<\/p>\n<p><strong>INGREDIENSER:<\/strong><br \/>\nVann, \u00f8kologisk* sukkerr\u00f8rsmelasse, \u00f8kologisk* sukker, \u00f8kologiske* urter og podekultur (Enterococcus faecium NCIMB 10415). *NO-\u00d8KO-01.<\/p>\n<p><strong>N\u00c6RINGSINNHOLD PER 100 ML:<\/strong><br \/>\nEnergi: 25 kJ \/ 5 kcal. Karbohydrat (hvorav sukkerarter): 1,5 g (1,0 g). Ubetydelige mengder av fett, protein og salt.<\/p>\n<\/div>\n<\/div>","protected":false},"excerpt":{"rendered":"<h3 class=\"wps-products-title css-7ltxef-titleStyles\">DogNikita Melkesyrebakterier &#8211; 500 ml<\/h3>\n<p><strong>DOGNIKITA MELKESYREBAKTERIER<\/strong>\u00a0inneholder en h\u00f8y konsentrasjon av naturlige og \u00f8nskede melkesyrebakterier. Melkesyrebakterier kan hjelpe hunden med \u00e5 opprettholde en god helse, en velfungerende ford\u00f8yelse og et sterkt immunforsvar. Godt egnet for hunder som er plaget med l\u00f8s mage eller har v\u00e6rt gjennom en antibiotikakur. DogNikita Melkesyrebakterier tilsettes direkte i f\u00f4ret. Tilskuddet gir \u00f8kt appetitt og har en smak som de fleste hunder liker.<\/p>","protected":false},"featured_media":70534,"comment_status":"closed","ping_status":"closed","template":"","meta":{"_uf_show_specific_survey":0,"_uf_disable_surveys":false},"pwb-brand":[6125],"product_brand":[],"product_cat":[7194,969,1076,3485,1270,5746],"product_tag":[],"class_list":{"0":"post-70522","1":"product","2":"type-product","3":"status-publish","4":"has-post-thumbnail","6":"pwb-brand-dognikita","7":"product_cat-fordoyelse","8":"product_cat-hund","9":"product_cat-hundemat-og-kosttilskudd","10":"product_cat-hundens-apotek","11":"product_cat-kosttilskudd-hundemat-og-kosttilskudd","12":"product_cat-vitamintilskudd","14":"first","15":"instock","16":"taxable","17":"shipping-taxable","18":"purchasable","19":"product-type-simple"},"exclude_global_add_ons":[],"addons":[],"brands":[{"id":6125,"name":"DogNikita","slug":"dognikita"}],"_links":{"self":[{"href":"https:\/\/pim.fuglebutikken.no\/nb\/wp-json\/wp\/v2\/product\/70522","targetHints":{"allow":["GET"]}}],"collection":[{"href":"https:\/\/pim.fuglebutikken.no\/nb\/wp-json\/wp\/v2\/product"}],"about":[{"href":"https:\/\/pim.fuglebutikken.no\/nb\/wp-json\/wp\/v2\/types\/product"}],"replies":[{"embeddable":true,"href":"https:\/\/pim.fuglebutikken.no\/nb\/wp-json\/wp\/v2\/comments?post=70522"}],"wp:featuredmedia":[{"embeddable":true,"href":"https:\/\/pim.fuglebutikken.no\/nb\/wp-json\/wp\/v2\/media\/70534"}],"wp:attachment":[{"href":"https:\/\/pim.fuglebutikken.no\/nb\/wp-json\/wp\/v2\/media?parent=70522"}],"wp:term":[{"taxonomy":"pwb-brand","embeddable":true,"href":"https:\/\/pim.fuglebutikken.no\/nb\/wp-json\/wp\/v2\/pwb-brand?post=70522"},{"taxonomy":"product_brand","embeddable":true,"href":"https:\/\/pim.fuglebutikken.no\/nb\/wp-json\/wp\/v2\/product_brand?post=70522"},{"taxonomy":"product_cat","embeddable":true,"href":"https:\/\/pim.fuglebutikken.no\/nb\/wp-json\/wp\/v2\/product_cat?post=70522"},{"taxonomy":"product_tag","embeddable":true,"href":"https:\/\/pim.fuglebutikken.no\/nb\/wp-json\/wp\/v2\/product_tag?post=70522"}],"curies":[{"name":"wp","href":"https:\/\/api.w.org\/{rel}","templated":true}]}}