{"id":70133,"date":"2022-11-22T21:33:28","date_gmt":"2022-11-22T20:33:28","guid":{"rendered":"https:\/\/83725a6903.nxcli.io\/?post_type=product&#038;p=70133"},"modified":"2025-07-28T16:16:49","modified_gmt":"2025-07-28T14:16:49","slug":"tropiclean-oxymed-antiklo-spray","status":"publish","type":"product","link":"https:\/\/pim.fuglebutikken.no\/nb\/produkt\/tropiclean-oxymed-antiklo-spray\/","title":{"rendered":"Tropiclean OxyMed antikl\u00f8 spray"},"content":{"rendered":"<h2>Tropiclean OxyMed antikl\u00f8 spray<\/h2>\n<p>OxyMed Anti-itch Medicated Soothing Spray inneholder en mild, men kraftig kombinasjon av Alpha Hydroxy og Beta Hydroxy som trenger dypt inn i porene og hjelper til med \u00e5 eksfoliere huden. Spesielt formulert for \u00e5 redusere hevelse, r\u00f8dhet og flass, samtidig som den gir umiddelbar lindring fra kl\u00f8e og allergier. Denne unike medisinerte blandingen fukter og n\u00e6rer huden effektivt.<\/p>\n<p>Dyp lindring \u2013 OxyMed Anti-itched Medisin Soothing Spray inneholder en mild, men kraftig kombinasjon av Alpha Hydroxy og Beta Hydroxy som trenger dypt inn i porene og hjelper til med \u00e5 eksfoliere huden.<br \/>\nSpot Treatment \u2013 OxyMed Anti-itch Medisinsk beroligende Spray er spesielt formulert for \u00e5 redusere hevelse, r\u00f8dhet og flass, samtidig som den gir umiddelbar lindring fra kl\u00f8e og allergier.<br \/>\nTrygg l\u00f8sning \u2013 Paraben og fargestofffri.<br \/>\nEffektiv lindring \u2013 Denne unike medisinerte blandingen fukter og n\u00e6rer huden effektivt for umiddelbar lindring av kl\u00f8e.<br \/>\nDu trenger ikke \u00e5 bekymre deg for \u00e5 vaske bort spot-on behandlinger! V\u00e5r TropiClean OxyMed medisinerte anti-kl\u00f8espray er s\u00e5pefri for umiskjennelig ferske kj\u00e6ledyr.<\/p>\n<p>OxyMed Anti-itch Medicated Soothing Spray inneholder en mild, men kraftig kombinasjon av alfa-hydroksy og beta-hydroksy som trenger dypt inn i porene og hjelper til med \u00e5 eksfoliere huden.<\/p>\n<p>Spesielt utviklet for \u00e5 redusere hevelse, r\u00f8dhet og flass samtidig som den gir umiddelbar lindring av kl\u00f8e og allergier. Denne unike blandingen fukter og n\u00e6rer huden effektivt.<\/p>\n<p>Ingredienser: renset vann, beta-hydroksy, glyserin, kolloidalt havremel, hydrolysert hveteprotein, etanolalkohol, vitamin E, vitamin B5, alfa-hydroksy, emulgator, duft, konserveringsmiddel.<\/p>","protected":false},"excerpt":{"rendered":"<h3>Tropiclean OxyMed antikl\u00f8 spray<\/h3>\n<p>Beroligende spray som gir midlertidig lindring mot kl\u00f8ende. Sprayen er hurtigvirkende og inneholder havre, E-vitamin og vitamin B5. Egnet for katter og hunder. Beroligende spray som gir midlertidig lindring mot kl\u00f8ende.<\/p>\n<ul>\n<li class=\"dotted-list__item\">Redusere hevelse, r\u00f8dhet og flass<\/li>\n<li class=\"dotted-list__item\">Lindrer kl\u00f8e \u00f8yeblikkelig<\/li>\n<li class=\"dotted-list__item\">Fri for parabener og fargestoffer<\/li>\n<li class=\"dotted-list__item\">Beroliger t\u00f8rr og irritert hud<\/li>\n<li>236 ml<\/li>\n<\/ul>","protected":false},"featured_media":70137,"comment_status":"closed","ping_status":"closed","template":"","meta":{"_uf_show_specific_survey":0,"_uf_disable_surveys":false},"pwb-brand":[6170],"product_brand":[],"product_cat":[969,1007,7225,7218,1084,7219],"product_tag":[6699],"class_list":{"0":"post-70133","1":"product","2":"type-product","3":"status-publish","4":"has-post-thumbnail","6":"pwb-brand-tropiclean-oxymed","7":"product_cat-hund","8":"product_cat-hygiene-hund","9":"product_cat-medisinsk-sjampo-balsam-hund","10":"product_cat-sjampo-balsam-sensitiv","11":"product_cat-sjampo-og-balsam-hygiene-hund","12":"product_cat-spray-mousse-hund","13":"product_tag-shampo-balsam-hund","15":"first","16":"instock","17":"taxable","18":"shipping-taxable","19":"purchasable","20":"product-type-simple"},"exclude_global_add_ons":[],"addons":[],"brands":[{"id":6170,"name":"Tropiclean OxyMed","slug":"tropiclean-oxymed"}],"_links":{"self":[{"href":"https:\/\/pim.fuglebutikken.no\/nb\/wp-json\/wp\/v2\/product\/70133","targetHints":{"allow":["GET"]}}],"collection":[{"href":"https:\/\/pim.fuglebutikken.no\/nb\/wp-json\/wp\/v2\/product"}],"about":[{"href":"https:\/\/pim.fuglebutikken.no\/nb\/wp-json\/wp\/v2\/types\/product"}],"replies":[{"embeddable":true,"href":"https:\/\/pim.fuglebutikken.no\/nb\/wp-json\/wp\/v2\/comments?post=70133"}],"wp:featuredmedia":[{"embeddable":true,"href":"https:\/\/pim.fuglebutikken.no\/nb\/wp-json\/wp\/v2\/media\/70137"}],"wp:attachment":[{"href":"https:\/\/pim.fuglebutikken.no\/nb\/wp-json\/wp\/v2\/media?parent=70133"}],"wp:term":[{"taxonomy":"pwb-brand","embeddable":true,"href":"https:\/\/pim.fuglebutikken.no\/nb\/wp-json\/wp\/v2\/pwb-brand?post=70133"},{"taxonomy":"product_brand","embeddable":true,"href":"https:\/\/pim.fuglebutikken.no\/nb\/wp-json\/wp\/v2\/product_brand?post=70133"},{"taxonomy":"product_cat","embeddable":true,"href":"https:\/\/pim.fuglebutikken.no\/nb\/wp-json\/wp\/v2\/product_cat?post=70133"},{"taxonomy":"product_tag","embeddable":true,"href":"https:\/\/pim.fuglebutikken.no\/nb\/wp-json\/wp\/v2\/product_tag?post=70133"}],"curies":[{"name":"wp","href":"https:\/\/api.w.org\/{rel}","templated":true}]}}