{"id":69890,"date":"2022-11-20T16:45:36","date_gmt":"2022-11-20T15:45:36","guid":{"rendered":"https:\/\/83725a6903.nxcli.io\/?post_type=product&#038;p=69890"},"modified":"2024-01-01T00:01:19","modified_gmt":"2023-12-31T23:01:19","slug":"companion-royal-suite","status":"publish","type":"product","link":"https:\/\/pim.fuglebutikken.no\/nb\/produkt\/companion-royal-suite\/","title":{"rendered":"Companion Royal suite 94x64x159 cm"},"content":{"rendered":"<h2>Companion Royal suite 94x64x159 cm, ilder, rotte, degusbur<\/h2>","protected":false},"excerpt":{"rendered":"<h3>Companion Royal suite 94x64x159 cm, ilder, rotte, degusbur<\/h3>\n<ul>\n<li>2 hengek\u00f8yer<\/li>\n<li>Farge: Metallic svart<\/li>\n<li>St\u00e5ltr\u00e5d tykkelse \u00d83mm<\/li>\n<li>Avstand mellom st\u00e5ltr\u00e5d 14mm<\/li>\n<\/ul>\n<p><img loading=\"lazy\" decoding=\"async\" class=\"size-full wp-image-59415 alignleft\" src=\"https:\/\/fuglebutikken.no\/wp-content\/uploads\/2020\/02\/Palle-frakt-1.png\" alt=\"Palle frakt\" width=\"90\" height=\"90\" srcset=\"\/wp-content\/uploads\/2020\/02\/Palle-frakt-1.png 90w, \/wp-content\/uploads\/2020\/02\/Palle-frakt-1-64x64.png 64w\" sizes=\"auto, (max-width: 90px) 100vw, 90px\" \/>M\u00e5 sendes p\u00e5 pall pga. vekt og st\u00f8rrelse, velg: Palle-frakt store produkter:<br \/>\neller hent gratis i Trondheim<\/p>","protected":false},"featured_media":69891,"comment_status":"closed","ping_status":"closed","template":"","meta":{"_uf_show_specific_survey":0,"_uf_disable_surveys":false},"pwb-brand":[5791],"product_brand":[],"product_cat":[160,169,4063],"product_tag":[],"class_list":{"0":"post-69890","1":"product","2":"type-product","3":"status-publish","4":"has-post-thumbnail","6":"pwb-brand-companion","7":"product_cat-dyr-bur","8":"product_cat-rottebur","9":"product_cat-smadyr","11":"first","12":"instock","13":"taxable","14":"shipping-taxable","15":"purchasable","16":"product-type-simple"},"exclude_global_add_ons":[],"addons":[],"brands":[{"id":5791,"name":"Companion","slug":"companion"}],"_links":{"self":[{"href":"https:\/\/pim.fuglebutikken.no\/nb\/wp-json\/wp\/v2\/product\/69890","targetHints":{"allow":["GET"]}}],"collection":[{"href":"https:\/\/pim.fuglebutikken.no\/nb\/wp-json\/wp\/v2\/product"}],"about":[{"href":"https:\/\/pim.fuglebutikken.no\/nb\/wp-json\/wp\/v2\/types\/product"}],"replies":[{"embeddable":true,"href":"https:\/\/pim.fuglebutikken.no\/nb\/wp-json\/wp\/v2\/comments?post=69890"}],"wp:featuredmedia":[{"embeddable":true,"href":"https:\/\/pim.fuglebutikken.no\/nb\/wp-json\/wp\/v2\/media\/69891"}],"wp:attachment":[{"href":"https:\/\/pim.fuglebutikken.no\/nb\/wp-json\/wp\/v2\/media?parent=69890"}],"wp:term":[{"taxonomy":"pwb-brand","embeddable":true,"href":"https:\/\/pim.fuglebutikken.no\/nb\/wp-json\/wp\/v2\/pwb-brand?post=69890"},{"taxonomy":"product_brand","embeddable":true,"href":"https:\/\/pim.fuglebutikken.no\/nb\/wp-json\/wp\/v2\/product_brand?post=69890"},{"taxonomy":"product_cat","embeddable":true,"href":"https:\/\/pim.fuglebutikken.no\/nb\/wp-json\/wp\/v2\/product_cat?post=69890"},{"taxonomy":"product_tag","embeddable":true,"href":"https:\/\/pim.fuglebutikken.no\/nb\/wp-json\/wp\/v2\/product_tag?post=69890"}],"curies":[{"name":"wp","href":"https:\/\/api.w.org\/{rel}","templated":true}]}}