{"id":697,"date":"2020-02-22T18:12:55","date_gmt":"2020-02-22T17:12:55","guid":{"rendered":"https:\/\/274105-www.web.tornado-node.net\/product\/import-placeholder-for-1105\/"},"modified":"2024-03-09T10:59:40","modified_gmt":"2024-03-09T09:59:40","slug":"fugle-automat-natura-o-65","status":"publish","type":"product","link":"https:\/\/pim.fuglebutikken.no\/nb\/produkt\/fugle-automat-natura-o-65\/","title":{"rendered":"Fugle automat natura \u00f8 65"},"content":{"rendered":"<p><span lang=\"no\">Rene og trygge f\u00f4ringssteder som v\u00e5re ville fugler vil elske hele \u00e5ret, og dette gir deg muligheten til \u00e5 se dem mate. V\u00e5re fuglematere kommer i tre eller metall. For \u00e5 henge eller st\u00e5 i hagen din. Det er et stort utvalg av forskjellige modeller.<\/span><\/p>","protected":false},"excerpt":{"rendered":"<p>Fugle automat natura \u00f8 65<\/p>\n<p><span lang=\"no\">Natura fuglemater med stativ har stort takoverheng og stort landingsomr\u00e5de med takfilter som gir dekke for v\u00e6r.\u00a0\u00a0<\/span><\/p>","protected":false},"featured_media":728,"comment_status":"closed","ping_status":"closed","template":"","meta":{"_uf_show_specific_survey":0,"_uf_disable_surveys":false},"pwb-brand":[3899],"product_brand":[],"product_cat":[16,4063,4064,4034,70],"product_tag":[5912],"class_list":{"0":"post-697","1":"product","2":"type-product","3":"status-publish","4":"has-post-thumbnail","6":"pwb-brand-trixie","7":"product_cat-fugl","8":"product_cat-smadyr","9":"product_cat-utedyr","10":"product_cat-utefugl","11":"product_cat-utefuglskaler-og-automater","12":"product_tag-villfugl","14":"first","15":"instock","16":"taxable","17":"shipping-taxable","18":"purchasable","19":"product-type-simple"},"exclude_global_add_ons":[],"addons":[],"brands":[{"id":3899,"name":"Trixie","slug":"trixie"}],"_links":{"self":[{"href":"https:\/\/pim.fuglebutikken.no\/nb\/wp-json\/wp\/v2\/product\/697","targetHints":{"allow":["GET"]}}],"collection":[{"href":"https:\/\/pim.fuglebutikken.no\/nb\/wp-json\/wp\/v2\/product"}],"about":[{"href":"https:\/\/pim.fuglebutikken.no\/nb\/wp-json\/wp\/v2\/types\/product"}],"replies":[{"embeddable":true,"href":"https:\/\/pim.fuglebutikken.no\/nb\/wp-json\/wp\/v2\/comments?post=697"}],"wp:featuredmedia":[{"embeddable":true,"href":"https:\/\/pim.fuglebutikken.no\/nb\/wp-json\/wp\/v2\/media\/728"}],"wp:attachment":[{"href":"https:\/\/pim.fuglebutikken.no\/nb\/wp-json\/wp\/v2\/media?parent=697"}],"wp:term":[{"taxonomy":"pwb-brand","embeddable":true,"href":"https:\/\/pim.fuglebutikken.no\/nb\/wp-json\/wp\/v2\/pwb-brand?post=697"},{"taxonomy":"product_brand","embeddable":true,"href":"https:\/\/pim.fuglebutikken.no\/nb\/wp-json\/wp\/v2\/product_brand?post=697"},{"taxonomy":"product_cat","embeddable":true,"href":"https:\/\/pim.fuglebutikken.no\/nb\/wp-json\/wp\/v2\/product_cat?post=697"},{"taxonomy":"product_tag","embeddable":true,"href":"https:\/\/pim.fuglebutikken.no\/nb\/wp-json\/wp\/v2\/product_tag?post=697"}],"curies":[{"name":"wp","href":"https:\/\/api.w.org\/{rel}","templated":true}]}}