{"id":69387,"date":"2022-11-14T19:41:51","date_gmt":"2022-11-14T18:41:51","guid":{"rendered":"https:\/\/83725a6903.nxcli.io\/?post_type=product&#038;p=69387"},"modified":"2022-11-14T19:46:19","modified_gmt":"2022-11-14T18:46:19","slug":"kw-forhudsrens","status":"publish","type":"product","link":"https:\/\/pim.fuglebutikken.no\/nb\/produkt\/kw-forhudsrens\/","title":{"rendered":"KW forhudsrens"},"content":{"rendered":"<h2>KW forhudsrens<\/h2>\n<p>KW forhuds rens brukes til \u00e5 rense forhuden og forhudsfolden hos hannhunder.<\/p>\n<p>Instruksjoner for bruk:<br \/>\nUnders\u00f8k om det er betennelse eller annet som krever veterin\u00e6rbehandling. Fest en engangsplastn\u00e5l til spr\u00f8yten og fyll med forhudsrens slik at den passer til hundens st\u00f8rrelse. V\u00e6sken spr\u00f8ytes inn i forhuden, mens forhuden holdes lukket. Etter ca. 10 sek. forhudsrensen presses ut og t\u00f8rkes deretter av med en bomullsdott.<\/p>\n<p>Ved betennelse eller langvarige problemer, kontakt veterin\u00e6r. Rengj\u00f8r hundens forhud enkelt med KW forhudsvask<\/p>","protected":false},"excerpt":{"rendered":"<h3>KW forhudsrens<\/h3>\n<p>KW forhuds rens brukes til \u00e5 rense forhuden og forhudsfolden hos hannhunder.<\/p>\n<p>Instruksjoner for bruk:<br \/>\nUnders\u00f8k om det er betennelse eller annet som krever veterin\u00e6rbehandling. Fest en engangsplastn\u00e5l til spr\u00f8yten og fyll med forhudsrens slik at den passer til hundens st\u00f8rrelse. V\u00e6sken spr\u00f8ytes inn i forhuden, mens forhuden holdes lukket. Etter ca. 10 sek. forhudsrensen presses ut og t\u00f8rkes deretter av med en bomullsdott.<\/p>\n<ul>\n<li>100 ml<\/li>\n<\/ul>","protected":false},"featured_media":69388,"comment_status":"closed","ping_status":"closed","template":"","meta":{"_uf_show_specific_survey":0,"_uf_disable_surveys":false},"pwb-brand":[3936],"product_brand":[],"product_cat":[5653,969,3485,1007,1078],"product_tag":[],"class_list":{"0":"post-69387","1":"product","2":"type-product","3":"status-publish","4":"has-post-thumbnail","6":"pwb-brand-kw","7":"product_cat-hannhund","8":"product_cat-hund","9":"product_cat-hundens-apotek","10":"product_cat-hygiene-hund","11":"product_cat-sykdom-og-helse","13":"first","14":"instock","15":"taxable","16":"shipping-taxable","17":"purchasable","18":"product-type-simple"},"exclude_global_add_ons":[],"addons":[],"brands":[{"id":3936,"name":"KW","slug":"kw"}],"_links":{"self":[{"href":"https:\/\/pim.fuglebutikken.no\/nb\/wp-json\/wp\/v2\/product\/69387","targetHints":{"allow":["GET"]}}],"collection":[{"href":"https:\/\/pim.fuglebutikken.no\/nb\/wp-json\/wp\/v2\/product"}],"about":[{"href":"https:\/\/pim.fuglebutikken.no\/nb\/wp-json\/wp\/v2\/types\/product"}],"replies":[{"embeddable":true,"href":"https:\/\/pim.fuglebutikken.no\/nb\/wp-json\/wp\/v2\/comments?post=69387"}],"wp:featuredmedia":[{"embeddable":true,"href":"https:\/\/pim.fuglebutikken.no\/nb\/wp-json\/wp\/v2\/media\/69388"}],"wp:attachment":[{"href":"https:\/\/pim.fuglebutikken.no\/nb\/wp-json\/wp\/v2\/media?parent=69387"}],"wp:term":[{"taxonomy":"pwb-brand","embeddable":true,"href":"https:\/\/pim.fuglebutikken.no\/nb\/wp-json\/wp\/v2\/pwb-brand?post=69387"},{"taxonomy":"product_brand","embeddable":true,"href":"https:\/\/pim.fuglebutikken.no\/nb\/wp-json\/wp\/v2\/product_brand?post=69387"},{"taxonomy":"product_cat","embeddable":true,"href":"https:\/\/pim.fuglebutikken.no\/nb\/wp-json\/wp\/v2\/product_cat?post=69387"},{"taxonomy":"product_tag","embeddable":true,"href":"https:\/\/pim.fuglebutikken.no\/nb\/wp-json\/wp\/v2\/product_tag?post=69387"}],"curies":[{"name":"wp","href":"https:\/\/api.w.org\/{rel}","templated":true}]}}