{"id":69120,"date":"2022-11-10T14:07:57","date_gmt":"2022-11-10T13:07:57","guid":{"rendered":"https:\/\/83725a6903.nxcli.io\/?post_type=product&#038;p=69120"},"modified":"2023-12-06T10:12:53","modified_gmt":"2023-12-06T09:12:53","slug":"tauleke-julering","status":"publish","type":"product","link":"https:\/\/pim.fuglebutikken.no\/nb\/produkt\/tauleke-julering\/","title":{"rendered":"Tauleke julering"},"content":{"rendered":"<h2>Tauleke julering<\/h2>\n<p>Companion X&#8217;mas Rope Wreath er et klassisk tauleket\u00f8y i juleinspirerte farger, laget av 100 % bomullstau. Den er perfekt for dragkamp og annen moro. Leken m\u00e5ler 16 x 29 cm og er selvf\u00f8lgelig like god \u00e5 leke med f\u00f8r, under eller etter jul.<\/p>","protected":false},"excerpt":{"rendered":"<h3>Tauleke julering<\/h3>\n<ul>\n<li>m\u00e5l: 16&#215;29 cm<\/li>\n<li>Materiale: 100% bomullstau<\/li>\n<li>Klassisk tauleke<\/li>\n<li>Perfekt for dragkamp<\/li>\n<\/ul>","protected":false},"featured_media":69121,"comment_status":"closed","ping_status":"closed","template":"","meta":{"_uf_show_specific_survey":0,"_uf_disable_surveys":false},"pwb-brand":[5791],"product_brand":[],"product_cat":[2241,969,3743,1115,4670],"product_tag":[],"class_list":{"0":"post-69120","1":"product","2":"type-product","3":"status-publish","4":"has-post-thumbnail","6":"pwb-brand-companion","7":"product_cat-draleker","8":"product_cat-hund","9":"product_cat-jul-advent-og-gaver","10":"product_cat-leker-hund","11":"product_cat-valpeleker","13":"first","14":"instock","15":"sale","16":"taxable","17":"shipping-taxable","18":"purchasable","19":"product-type-variable","20":"has-default-attributes"},"exclude_global_add_ons":[],"addons":[],"brands":[{"id":5791,"name":"Companion","slug":"companion"}],"_links":{"self":[{"href":"https:\/\/pim.fuglebutikken.no\/nb\/wp-json\/wp\/v2\/product\/69120","targetHints":{"allow":["GET"]}}],"collection":[{"href":"https:\/\/pim.fuglebutikken.no\/nb\/wp-json\/wp\/v2\/product"}],"about":[{"href":"https:\/\/pim.fuglebutikken.no\/nb\/wp-json\/wp\/v2\/types\/product"}],"replies":[{"embeddable":true,"href":"https:\/\/pim.fuglebutikken.no\/nb\/wp-json\/wp\/v2\/comments?post=69120"}],"wp:featuredmedia":[{"embeddable":true,"href":"https:\/\/pim.fuglebutikken.no\/nb\/wp-json\/wp\/v2\/media\/69121"}],"wp:attachment":[{"href":"https:\/\/pim.fuglebutikken.no\/nb\/wp-json\/wp\/v2\/media?parent=69120"}],"wp:term":[{"taxonomy":"pwb-brand","embeddable":true,"href":"https:\/\/pim.fuglebutikken.no\/nb\/wp-json\/wp\/v2\/pwb-brand?post=69120"},{"taxonomy":"product_brand","embeddable":true,"href":"https:\/\/pim.fuglebutikken.no\/nb\/wp-json\/wp\/v2\/product_brand?post=69120"},{"taxonomy":"product_cat","embeddable":true,"href":"https:\/\/pim.fuglebutikken.no\/nb\/wp-json\/wp\/v2\/product_cat?post=69120"},{"taxonomy":"product_tag","embeddable":true,"href":"https:\/\/pim.fuglebutikken.no\/nb\/wp-json\/wp\/v2\/product_tag?post=69120"}],"curies":[{"name":"wp","href":"https:\/\/api.w.org\/{rel}","templated":true}]}}