{"id":68659,"date":"2022-11-04T14:30:21","date_gmt":"2022-11-04T13:30:21","guid":{"rendered":"https:\/\/83725a6903.nxcli.io\/?post_type=product&#038;p=68659"},"modified":"2022-11-07T11:03:35","modified_gmt":"2022-11-07T10:03:35","slug":"jean-peau-eye-care","status":"publish","type":"product","link":"https:\/\/pim.fuglebutikken.no\/nb\/produkt\/jean-peau-eye-care\/","title":{"rendered":"Jean Peau Eye Care 200ml"},"content":{"rendered":"<h2>Jean Peau Eye Care 200ml<\/h2>\n<p>Holder t\u00e5rekanalen \u00e5pen og ren, dryppes inn i \u00f8yet daglig etter behov. Dersom hunden\/katten har brune t\u00e5restriper i pelsen, vil disse blekne og vokse bort etter vanlig bruk av Eye Care.<br \/>\n\u00c5pnet emballasje holder minst 2 \u00e5r.<\/p>","protected":false},"excerpt":{"rendered":"<h3>Jean Peau Eye Care 200ml<\/h3>\n<ul>\n<li>Rengj\u00f8ring og pleie av \u00f8ynene.<\/li>\n<li>Tilsett regelmessig noen dr\u00e5per i og rundt \u00f8ynene.<\/li>\n<li>til hund og katt<\/li>\n<li>Spesielt nyttig for alle katter med en vri p\u00e5 \u00f8yegangene, som fort f\u00f8rer til akkumulering av urenheter.<\/li>\n<\/ul>","protected":false},"featured_media":68887,"comment_status":"closed","ping_status":"closed","template":"","meta":{"_uf_show_specific_survey":0,"_uf_disable_surveys":false},"pwb-brand":[5616],"product_brand":[],"product_cat":[969,3485,1007,724,665,6053,2106,2107,1078],"product_tag":[],"class_list":{"0":"post-68659","1":"product","2":"type-product","3":"status-publish","4":"has-post-thumbnail","6":"pwb-brand-jean-peau","7":"product_cat-hund","8":"product_cat-hundens-apotek","9":"product_cat-hygiene-hund","10":"product_cat-hygiene-og-pels","11":"product_cat-katt","12":"product_cat-kattens_apotek","13":"product_cat-ore-og-oye","14":"product_cat-ore-og-oyne","15":"product_cat-sykdom-og-helse","17":"first","18":"instock","19":"taxable","20":"shipping-taxable","21":"purchasable","22":"product-type-simple"},"exclude_global_add_ons":[],"addons":[],"brands":[{"id":5616,"name":"Jean-Peau","slug":"jean-peau"}],"_links":{"self":[{"href":"https:\/\/pim.fuglebutikken.no\/nb\/wp-json\/wp\/v2\/product\/68659","targetHints":{"allow":["GET"]}}],"collection":[{"href":"https:\/\/pim.fuglebutikken.no\/nb\/wp-json\/wp\/v2\/product"}],"about":[{"href":"https:\/\/pim.fuglebutikken.no\/nb\/wp-json\/wp\/v2\/types\/product"}],"replies":[{"embeddable":true,"href":"https:\/\/pim.fuglebutikken.no\/nb\/wp-json\/wp\/v2\/comments?post=68659"}],"wp:featuredmedia":[{"embeddable":true,"href":"https:\/\/pim.fuglebutikken.no\/nb\/wp-json\/wp\/v2\/media\/68887"}],"wp:attachment":[{"href":"https:\/\/pim.fuglebutikken.no\/nb\/wp-json\/wp\/v2\/media?parent=68659"}],"wp:term":[{"taxonomy":"pwb-brand","embeddable":true,"href":"https:\/\/pim.fuglebutikken.no\/nb\/wp-json\/wp\/v2\/pwb-brand?post=68659"},{"taxonomy":"product_brand","embeddable":true,"href":"https:\/\/pim.fuglebutikken.no\/nb\/wp-json\/wp\/v2\/product_brand?post=68659"},{"taxonomy":"product_cat","embeddable":true,"href":"https:\/\/pim.fuglebutikken.no\/nb\/wp-json\/wp\/v2\/product_cat?post=68659"},{"taxonomy":"product_tag","embeddable":true,"href":"https:\/\/pim.fuglebutikken.no\/nb\/wp-json\/wp\/v2\/product_tag?post=68659"}],"curies":[{"name":"wp","href":"https:\/\/api.w.org\/{rel}","templated":true}]}}