{"id":68564,"date":"2022-11-04T11:04:46","date_gmt":"2022-11-04T10:04:46","guid":{"rendered":"https:\/\/83725a6903.nxcli.io\/?post_type=product&#038;p=68564"},"modified":"2023-03-20T22:43:27","modified_gmt":"2023-03-20T21:43:27","slug":"baereveske-valery","status":"publish","type":"product","link":"https:\/\/pim.fuglebutikken.no\/nb\/produkt\/baereveske-valery\/","title":{"rendered":"B\u00e6reveske Valery"},"content":{"rendered":"<h2>B\u00e6reveske Valery Trixie<\/h2>\n<p>Bo og Transport Bag Valery &#8211; transportbur katt<\/p>\n<p>&#8216;Home away from Home&#8217; &#8211; living and transport bag valery &#8211; v\u00e5r nye bo- og transportbag Valery (vare #eldtx28901) har en rekke fordeler for kj\u00e6ledyr og eiere. Vesken kan brukes som en kosehule hjemme. P\u00e5 denne m\u00e5ten blir kj\u00e6ledyret vant til sekken i et kjent milj\u00f8, f\u00e5r satt sin egen kattelukt og f\u00f8ler seg trygg i den n\u00e5r du drar p\u00e5 tur. Kattesengen kan trekkes ut p\u00e5 bakkeniv\u00e5, slik at det for eksempel blir lettere \u00e5 bes\u00f8ke veterin\u00e6ren. Valery tilbyr b\u00e5de kj\u00e6ledyr og eiere en avslappet m\u00e5te \u00e5 transportere p\u00e5 og er derfor et beskyttet sted og tilfluktssted for kj\u00e6ledyret ditt n\u00e5r du er p\u00e5 farten, spesielt for katter og henting av kattunger, men ogs\u00e5 for sm\u00e5 hunder, valper<br \/>\nUtviklet med en veterin\u00e6r som spesialiserer seg p\u00e5 katter.<\/p>\n<p><iframe loading=\"lazy\" title=\"Wohn- &amp; Transporttasche Valery - Tasche und Bett f\u00fcr Katzen oder Hunde - TRIXIE Heimtierbedarf\" width=\"800\" height=\"450\" src=\"https:\/\/www.youtube.com\/embed\/gmhF9MffHnw?feature=oembed\" frameborder=\"0\" allow=\"accelerometer; autoplay; clipboard-write; encrypted-media; gyroscope; picture-in-picture; web-share\" referrerpolicy=\"strict-origin-when-cross-origin\" allowfullscreen><\/iframe><\/p>","protected":false},"excerpt":{"rendered":"<h3>B\u00e6reveske Valery Trixie<\/h3>\n<ul>\n<li>Beskyttet tilfluktssted med transportfunksjon<\/li>\n<li>spesielt egnet for katter<\/li>\n<li>utviklet med en veterin\u00e6rspesialist for dyreatferd<\/li>\n<li>med uttrekkbar madrass stabil i form (plysj)<\/li>\n<li>kan \u00e5pnes p\u00e5 siden, toppen og foran<\/li>\n<li>med 4 h\u00e5ndtak og skulderstropp<\/li>\n<li>b\u00e6restroppen kan stues bort n\u00e5r den ikke er i bruk<\/li>\n<li>med utvendige lommer<\/li>\n<li>formbevarende EVA med polyester<\/li>\n<li>29 \u00d7 31 \u00d7 49 cm, opptil: 9 kg<\/li>\n<\/ul>","protected":false},"featured_media":68691,"comment_status":"closed","ping_status":"closed","template":"","meta":{"_uf_show_specific_survey":0,"_uf_disable_surveys":false},"pwb-brand":[3899],"product_brand":[],"product_cat":[831,665,732],"product_tag":[3900,6894,3030,6895,907],"class_list":{"0":"post-68564","1":"product","2":"type-product","3":"status-publish","4":"has-post-thumbnail","6":"pwb-brand-trixie","7":"product_cat-bur-og-sikkerhet-katt","8":"product_cat-katt","9":"product_cat-reiseutstyr-og-bur","10":"product_tag-baereveske","11":"product_tag-hundebur-og-transportvesker","12":"product_tag-hundesekk","13":"product_tag-hundevesker-og-ryggsekker","14":"product_tag-transportveske","16":"first","17":"instock","18":"taxable","19":"shipping-taxable","20":"purchasable","21":"product-type-simple"},"exclude_global_add_ons":[],"addons":[],"brands":[{"id":3899,"name":"Trixie","slug":"trixie"}],"_links":{"self":[{"href":"https:\/\/pim.fuglebutikken.no\/nb\/wp-json\/wp\/v2\/product\/68564","targetHints":{"allow":["GET"]}}],"collection":[{"href":"https:\/\/pim.fuglebutikken.no\/nb\/wp-json\/wp\/v2\/product"}],"about":[{"href":"https:\/\/pim.fuglebutikken.no\/nb\/wp-json\/wp\/v2\/types\/product"}],"replies":[{"embeddable":true,"href":"https:\/\/pim.fuglebutikken.no\/nb\/wp-json\/wp\/v2\/comments?post=68564"}],"wp:featuredmedia":[{"embeddable":true,"href":"https:\/\/pim.fuglebutikken.no\/nb\/wp-json\/wp\/v2\/media\/68691"}],"wp:attachment":[{"href":"https:\/\/pim.fuglebutikken.no\/nb\/wp-json\/wp\/v2\/media?parent=68564"}],"wp:term":[{"taxonomy":"pwb-brand","embeddable":true,"href":"https:\/\/pim.fuglebutikken.no\/nb\/wp-json\/wp\/v2\/pwb-brand?post=68564"},{"taxonomy":"product_brand","embeddable":true,"href":"https:\/\/pim.fuglebutikken.no\/nb\/wp-json\/wp\/v2\/product_brand?post=68564"},{"taxonomy":"product_cat","embeddable":true,"href":"https:\/\/pim.fuglebutikken.no\/nb\/wp-json\/wp\/v2\/product_cat?post=68564"},{"taxonomy":"product_tag","embeddable":true,"href":"https:\/\/pim.fuglebutikken.no\/nb\/wp-json\/wp\/v2\/product_tag?post=68564"}],"curies":[{"name":"wp","href":"https:\/\/api.w.org\/{rel}","templated":true}]}}