{"id":67987,"date":"2022-10-31T14:38:18","date_gmt":"2022-10-31T13:38:18","guid":{"rendered":"https:\/\/83725a6903.nxcli.io\/?post_type=product&#038;p=67987"},"modified":"2022-10-31T23:54:21","modified_gmt":"2022-10-31T22:54:21","slug":"kong-sea-quins","status":"publish","type":"product","link":"https:\/\/pim.fuglebutikken.no\/nb\/produkt\/kong-sea-quins\/","title":{"rendered":"Kong Sea Quins Playspaces"},"content":{"rendered":"<h2>Kong Sea Quins Playspaces<\/h2>","protected":false},"excerpt":{"rendered":"<h3>Kong Sea Quins Playspaces<\/h3>\n<p>Kattehule utformet som halen p\u00e5 en vakker havfrue. De skinnende farvene og det knitrende stoffet tiltrekker kattens oppmerksomhet, og halen er fylt med kattemynte som de fleste katter elsker. Et lite filtet leket\u00f8y venter p\u00e5 katten inne i den plysjfylte halen. Er du riktig heldig f\u00e5r du muligheten til \u00e5 ta et perfelt bilde av katten din med havfruehale!<\/p>","protected":false},"featured_media":68006,"comment_status":"closed","ping_status":"closed","template":"","meta":{"_uf_show_specific_survey":0,"_uf_disable_surveys":false},"pwb-brand":[3933],"product_brand":[],"product_cat":[719,665,4918],"product_tag":[],"class_list":{"0":"post-67987","1":"product","2":"type-product","3":"status-publish","4":"has-post-thumbnail","6":"pwb-brand-kong","7":"product_cat-huler","8":"product_cat-katt","9":"product_cat-kosehule-katt","11":"first","12":"instock","13":"taxable","14":"shipping-taxable","15":"purchasable","16":"product-type-simple"},"exclude_global_add_ons":[],"addons":[],"brands":[{"id":3933,"name":"Kong","slug":"kong"}],"_links":{"self":[{"href":"https:\/\/pim.fuglebutikken.no\/nb\/wp-json\/wp\/v2\/product\/67987","targetHints":{"allow":["GET"]}}],"collection":[{"href":"https:\/\/pim.fuglebutikken.no\/nb\/wp-json\/wp\/v2\/product"}],"about":[{"href":"https:\/\/pim.fuglebutikken.no\/nb\/wp-json\/wp\/v2\/types\/product"}],"replies":[{"embeddable":true,"href":"https:\/\/pim.fuglebutikken.no\/nb\/wp-json\/wp\/v2\/comments?post=67987"}],"wp:featuredmedia":[{"embeddable":true,"href":"https:\/\/pim.fuglebutikken.no\/nb\/wp-json\/wp\/v2\/media\/68006"}],"wp:attachment":[{"href":"https:\/\/pim.fuglebutikken.no\/nb\/wp-json\/wp\/v2\/media?parent=67987"}],"wp:term":[{"taxonomy":"pwb-brand","embeddable":true,"href":"https:\/\/pim.fuglebutikken.no\/nb\/wp-json\/wp\/v2\/pwb-brand?post=67987"},{"taxonomy":"product_brand","embeddable":true,"href":"https:\/\/pim.fuglebutikken.no\/nb\/wp-json\/wp\/v2\/product_brand?post=67987"},{"taxonomy":"product_cat","embeddable":true,"href":"https:\/\/pim.fuglebutikken.no\/nb\/wp-json\/wp\/v2\/product_cat?post=67987"},{"taxonomy":"product_tag","embeddable":true,"href":"https:\/\/pim.fuglebutikken.no\/nb\/wp-json\/wp\/v2\/product_tag?post=67987"}],"curies":[{"name":"wp","href":"https:\/\/api.w.org\/{rel}","templated":true}]}}