{"id":67572,"date":"2022-10-28T10:19:07","date_gmt":"2022-10-28T08:19:07","guid":{"rendered":"https:\/\/83725a6903.nxcli.io\/?post_type=product&#038;p=67572"},"modified":"2024-08-31T18:59:55","modified_gmt":"2024-08-31T16:59:55","slug":"milla-more-supersoft-bedding","status":"publish","type":"product","link":"https:\/\/pim.fuglebutikken.no\/nb\/produkt\/milla-more-supersoft-bedding\/","title":{"rendered":"Milla More Supersoft bedding 10kg"},"content":{"rendered":"<h2>Milla More Supersoft bedding 10kg<\/h2>\n<p>St\u00f8vfri burspon for de aller minste<br \/>\nMillamores supermyke str\u00f8materiale av st\u00f8vfritt aspspon er laget for de aller minste: kanin og gnagere samt fugler og reptiler. Str\u00f8et er dessuten spesielt bra \u00e5 anvende til pelsl\u00f8se eller sensitive dyr. Med h\u00f8y absorberings- og luktbindingsevne er Millamore det selvsagte valget. Sponet er tilvirket av frisk og naturlig asp som er hygienisk, sikker og kontrollert.<\/p>\n<p>Millamore verdsetter \u00f8kologiske aspekter h\u00f8yt &#8211; derfor er produksjonen avfallsfri og bioenergisk anvendt. Dessuten er de naturlige produktene helt biologisk nedbrytbare. Str\u00f8et er sterilisert for \u00e5 v\u00e6re fritt for bakterier og sopp, dessuten passerer det gjennom et st\u00f8vseparerende system som gj\u00f8r det nesten 100% st\u00f8vfirtt.<\/p>","protected":false},"excerpt":{"rendered":"<h3>Milla More Supersoft bedding 10kg<\/h3>\n<div class=\"h3 pb-05\">Millamore Supersoft burmateriale<\/div>\n<div>Millamores supermyke str\u00f8materiale av st\u00f8vfritt aspsponer laget for de aller minste. Med h\u00f8y absorbering &#8211; og luktbindingskapasitet er Millamore det selvsagte valget.<\/div>","protected":false},"featured_media":68175,"comment_status":"closed","ping_status":"closed","template":"","meta":{"_uf_show_specific_survey":0,"_uf_disable_surveys":false},"pwb-brand":[6081],"product_brand":[],"product_cat":[175,166,4063],"product_tag":[],"class_list":{"0":"post-67572","1":"product","2":"type-product","3":"status-publish","4":"has-post-thumbnail","6":"pwb-brand-milla-more","7":"product_cat-bunnstro-og-bomateriale","8":"product_cat-burinventar","9":"product_cat-smadyr","11":"first","12":"instock","13":"taxable","14":"shipping-taxable","15":"purchasable","16":"product-type-simple"},"exclude_global_add_ons":[],"addons":[],"brands":[{"id":6081,"name":"Milla More","slug":"milla-more"}],"_links":{"self":[{"href":"https:\/\/pim.fuglebutikken.no\/nb\/wp-json\/wp\/v2\/product\/67572","targetHints":{"allow":["GET"]}}],"collection":[{"href":"https:\/\/pim.fuglebutikken.no\/nb\/wp-json\/wp\/v2\/product"}],"about":[{"href":"https:\/\/pim.fuglebutikken.no\/nb\/wp-json\/wp\/v2\/types\/product"}],"replies":[{"embeddable":true,"href":"https:\/\/pim.fuglebutikken.no\/nb\/wp-json\/wp\/v2\/comments?post=67572"}],"wp:featuredmedia":[{"embeddable":true,"href":"https:\/\/pim.fuglebutikken.no\/nb\/wp-json\/wp\/v2\/media\/68175"}],"wp:attachment":[{"href":"https:\/\/pim.fuglebutikken.no\/nb\/wp-json\/wp\/v2\/media?parent=67572"}],"wp:term":[{"taxonomy":"pwb-brand","embeddable":true,"href":"https:\/\/pim.fuglebutikken.no\/nb\/wp-json\/wp\/v2\/pwb-brand?post=67572"},{"taxonomy":"product_brand","embeddable":true,"href":"https:\/\/pim.fuglebutikken.no\/nb\/wp-json\/wp\/v2\/product_brand?post=67572"},{"taxonomy":"product_cat","embeddable":true,"href":"https:\/\/pim.fuglebutikken.no\/nb\/wp-json\/wp\/v2\/product_cat?post=67572"},{"taxonomy":"product_tag","embeddable":true,"href":"https:\/\/pim.fuglebutikken.no\/nb\/wp-json\/wp\/v2\/product_tag?post=67572"}],"curies":[{"name":"wp","href":"https:\/\/api.w.org\/{rel}","templated":true}]}}