{"id":67396,"date":"2022-10-26T13:48:00","date_gmt":"2022-10-26T11:48:00","guid":{"rendered":"https:\/\/83725a6903.nxcli.io\/?post_type=product&#038;p=67396"},"modified":"2023-08-10T07:46:19","modified_gmt":"2023-08-10T05:46:19","slug":"havre-hoy","status":"publish","type":"product","link":"https:\/\/pim.fuglebutikken.no\/nb\/produkt\/havre-hoy\/","title":{"rendered":"Havre h\u00f8y 500g"},"content":{"rendered":"<h2>Havre h\u00f8y 500g, To Gode Naboer (u\/timotei)<\/h2>\n<p>Havre-h\u00f8y: ekstra fiberrikt, uten timotei*.<br \/>\nHavre h\u00f8y er ekstra fiberrikt og best\u00e5r av hele havreplanten som er h\u00f8stet mens den fortsatt er gr\u00f8nn.<br \/>\nHavre er en plante i gressfamilien. Vi kjenner den best ved at den har spiselige fr\u00f8 eller korn som blir brukt til blant annet havregryn og havremel.<br \/>\nHavren inneholder flere forskjellige typer fibre, blant annet betaglukan. Dette er et fiber som blant annet virker stimulerende p\u00e5 immunforsvaret som hjelper til \u00e5 holde dyret friskt. Kaniner og gnagere er helt avhengig av fiberrikt f\u00f4r for en god ford\u00f8yelse.<br \/>\nHavrens kraftige fiberrike str\u00e5 gir dyrene noe \u00e5 bruke tennene p\u00e5. Disse dyrenes tenner vokser hele livet og de er avhengig av \u00e5 ha noe \u00e5 gnage p\u00e5 for at tennene ikke skal bli for lange. Gi gjerne en gnagepinne i tillegg. H\u00f8yet passer bra som en del av et variert kosthold til dyr\u00a0som spiser h\u00f8y.<\/p>\n<p>Havre h\u00f8y anbefales til:<br \/>\nKaniner, marsvin, degus, chinchilla, \u00f8rkenrotte<\/p>\n<p>*Kan inneholde spor av timotei<\/p>","protected":false},"excerpt":{"rendered":"<h3>Havre h\u00f8y 500g, To Gode Naboer (u\/timotei)<\/h3>\n<p><strong>HAVRE-H\u00d8Y:\u00a0EKSTRA\u00a0FIBERRIKT<\/strong><br \/>\nHavreh\u00f8y er ekstra fiberrikt og best\u00e5r av hele havreplanten som er h\u00f8stet mens den fortsatt er gr\u00f8nn. Havre er en plante i gressfamilien. Vi kjenner den best ved at den har spiselige fr\u00f8 eller korn som blir brukt til blant annet havregryn og havremel. Havren inneholder flere forskjellige typer fibre, blant annet betaglukan. Dette er et fiber som blant annet virker stimulerende p\u00e5 immunforsvaret som hjelper til \u00e5 holde dyret friskt. Kaniner og gnagere er helt avhengig av fiberrikt f\u00f4r for en god ford\u00f8yelse. Havrens kraftige fiberrike str\u00e5 gir dyrene noe \u00e5 bruke tennene p\u00e5. Disse dyrenes tenner vokser hele livet og de er avhengig av \u00e5 ha noe \u00e5 gnage p\u00e5 for at tennene ikke skal bli for lange. Gi dyrene gjerne en gnagepinne i tillegg. H\u00f8yet passer bra som en del av et variert kosthold til dyr som spiser h\u00f8y.<\/p>\n<p>Havreh\u00f8y anbefales til: Kanin, marsvin, degus, chinchilla, \u00f8rkenrotte.<\/p>\n<p>Innhold: 500 gram.<\/p>","protected":false},"featured_media":67421,"comment_status":"closed","ping_status":"closed","template":"","meta":{"_uf_show_specific_survey":0,"_uf_disable_surveys":false},"pwb-brand":[3971],"product_brand":[],"product_cat":[162,188,4063],"product_tag":[],"class_list":{"0":"post-67396","1":"product","2":"type-product","3":"status-publish","4":"has-post-thumbnail","6":"pwb-brand-to-gode-naboer","7":"product_cat-mat-dyr","8":"product_cat-hoy","9":"product_cat-smadyr","11":"first","12":"outofstock","13":"taxable","14":"shipping-taxable","15":"purchasable","16":"product-type-simple"},"exclude_global_add_ons":[],"addons":[],"brands":[{"id":3971,"name":"To gode naboer","slug":"to-gode-naboer"}],"_links":{"self":[{"href":"https:\/\/pim.fuglebutikken.no\/nb\/wp-json\/wp\/v2\/product\/67396","targetHints":{"allow":["GET"]}}],"collection":[{"href":"https:\/\/pim.fuglebutikken.no\/nb\/wp-json\/wp\/v2\/product"}],"about":[{"href":"https:\/\/pim.fuglebutikken.no\/nb\/wp-json\/wp\/v2\/types\/product"}],"replies":[{"embeddable":true,"href":"https:\/\/pim.fuglebutikken.no\/nb\/wp-json\/wp\/v2\/comments?post=67396"}],"wp:featuredmedia":[{"embeddable":true,"href":"https:\/\/pim.fuglebutikken.no\/nb\/wp-json\/wp\/v2\/media\/67421"}],"wp:attachment":[{"href":"https:\/\/pim.fuglebutikken.no\/nb\/wp-json\/wp\/v2\/media?parent=67396"}],"wp:term":[{"taxonomy":"pwb-brand","embeddable":true,"href":"https:\/\/pim.fuglebutikken.no\/nb\/wp-json\/wp\/v2\/pwb-brand?post=67396"},{"taxonomy":"product_brand","embeddable":true,"href":"https:\/\/pim.fuglebutikken.no\/nb\/wp-json\/wp\/v2\/product_brand?post=67396"},{"taxonomy":"product_cat","embeddable":true,"href":"https:\/\/pim.fuglebutikken.no\/nb\/wp-json\/wp\/v2\/product_cat?post=67396"},{"taxonomy":"product_tag","embeddable":true,"href":"https:\/\/pim.fuglebutikken.no\/nb\/wp-json\/wp\/v2\/product_tag?post=67396"}],"curies":[{"name":"wp","href":"https:\/\/api.w.org\/{rel}","templated":true}]}}